{"id":2623,"date":"2025-06-27T13:10:12","date_gmt":"2025-06-27T13:10:12","guid":{"rendered":"https:\/\/becid.ut.ee\/kremlins-propaganda-in-our-pockets-how-disinformation-thrives-on-telegram-july-2023\/"},"modified":"2025-07-24T14:05:04","modified_gmt":"2025-07-24T14:05:04","slug":"kremlins-propaganda-in-our-pockets-how-disinformation-thrives-on-telegram-july-2023","status":"publish","type":"page","link":"https:\/\/becid.ut.ee\/lv\/kremlins-propaganda-in-our-pockets-how-disinformation-thrives-on-telegram-july-2023\/","title":{"rendered":"Krem\u013ca propaganda m\u016bsu kabat\u0101s. K\u0101 dezinform\u0101cija plaukst Telegram. (2023. gada j\u016blijs)"},"content":{"rendered":"\n<div style=\"height:100px\" aria-hidden=\"true\" class=\"wp-block-spacer\"><\/div>\n\n<figure class=\"wp-block-image alignwide size-large\"><img loading=\"lazy\" decoding=\"async\" width=\"285\" height=\"192\" src=\"https:\/\/becid.ut.ee\/wp-content\/uploads\/2025\/06\/BECID-BLOGI-PILDID-14.svg\" alt=\"\" class=\"wp-image-1438\"\/><\/figure>\n\n<p>Krem\u013ca propaganda m\u016bsu kabat\u0101s. K\u0101 dezinform\u0101cija plaukst Telegram. <br\/><em>2023. gada j\u016blijs<\/em><br\/>Anastasija Tetarenko-Supe (Re:Baltica)<br\/>Tartu Universit\u0101tes (UTARTU) koordin\u0113t\u0101 ES finans\u0113t\u0101 projekta ar ID 118471 D2.5 da\u013ca.<\/p>\n\n<p>Aizliedzot Krem\u013ca TV un tie\u0161saistes propagandu Baltij\u0101, pieeja \u0161iem resursiem ir k\u013cuvusi gr\u016bt\u0101k pieejama tikai tiem, kuru galvenais avots agr\u0101k bija telev\u012bzija. Tagad \u0161o vietu ir ie\u0146\u0113mu\u0161as soci\u0101lo mediju platformas, starp kur\u0101m izce\u013cas Telegram, jo t\u0101 nedal\u0101s ar datiem ar vald\u012bb\u0101m un nemoder\u0113 dezinform\u0101ciju un melus. <\/p>\n\n<p>Baltij\u0101 popul\u0101r\u0101kie kan\u0101li, kas orient\u0113ti uz viet\u0113jiem krievvalod\u012bgajiem, skaitliski nav tik popul\u0101ri, ta\u010du tas nav galvenais &#8211; to galven\u0101 loma ir pastiprin\u0101t viens otra saturu un rad\u012bt iespaidu, ka daudzi cilv\u0113ki dom\u0101 l\u012bdz\u012bgi. Telegram bija \u012bpa\u0161i noz\u012bm\u012bga loma Krievijas iebrukuma Ukrain\u0101 s\u0101kum\u0101. Da\u017e\u0101di akt\u012bvisti, gan labi paz\u012bstami, gan jauni, apvienoja sp\u0113kus &#8220;Telegram&#8221;, lai populariz\u0113tu prokremliskos v\u0113st\u012bjumus.  <\/p>\n\n<p>Lasiet zi\u0146ojumu: <a href=\"https:\/\/becid.eu\/wp-content\/uploads\/2024\/01\/2023_JULY_KREMLINS-PROPAGANDA-IN-OUR-POCKETS.-HOW-DISINFORMATION-THRIVES-ON-TELEGRAM-30012024.pdf\"><mark style=\"background-color:rgba(0, 0, 0, 0);color:#ffcd05\" class=\"has-inline-color\">2023_J\u016aLIJS_KREML\u012aNA-PROPAGANDA-M\u016aSU-KABAT\u0100S.-K\u0100-DEZINFORM\u0100CIJA-DZ\u012aVO-TELEGRAMM\u0100 30012024.<\/mark><\/a><\/p>\n\n<p>Ori\u0123in\u0101ls: <a href=\"https:\/\/en.rebaltica.lv\/2023\/07\/kremlins-propaganda-in-our-pockets-how-disinformation-thrives-on-telegram\/\"><mark style=\"background-color:rgba(0, 0, 0, 0);color:#ffcd05\" class=\"has-inline-color\">https:\/\/en.rebaltica.lv\/2023\/07\/kremlins-propaganda-in-our-pockets-how-disinformation-thrives-on-telegram\/<\/mark><\/a><\/p>\n\n<p><\/p>\n","protected":false},"excerpt":{"rendered":"<p>Krem\u013ca propaganda m\u016bsu kabat\u0101s. K\u0101 dezinform\u0101cija plaukst Telegram. 2023. gada j\u016blijsAnastasija Tetarenko-Supe (Re:Baltica)Tartu Universit\u0101tes (UTARTU) koordin\u0113t\u0101 ES finans\u0113t\u0101 projekta ar ID 118471 D2.5 da\u013ca. Aizliedzot Krem\u013ca TV un tie\u0161saistes propagandu [&hellip;]<\/p>\n","protected":false},"author":1,"featured_media":0,"parent":0,"menu_order":0,"comment_status":"closed","ping_status":"closed","template":"","meta":{"_price":"","_stock":"","_tribe_ticket_header":"","_tribe_default_ticket_provider":"","_tribe_ticket_capacity":"0","_ticket_start_date":"","_ticket_end_date":"","_tribe_ticket_show_description":"","_tribe_ticket_show_not_going":false,"_tribe_ticket_use_global_stock":"","_tribe_ticket_global_stock_level":"","_global_stock_mode":"","_global_stock_cap":"","_tribe_rsvp_for_event":"","_tribe_ticket_going_count":"","_tribe_ticket_not_going_count":"","_tribe_tickets_list":"[]","_tribe_ticket_has_attendee_info_fields":false,"_EventAllDay":false,"_EventTimezone":"","_EventStartDate":"","_EventEndDate":"","_EventStartDateUTC":"","_EventEndDateUTC":"","_EventShowMap":false,"_EventShowMapLink":false,"_EventURL":"","_EventCost":"","_EventCostDescription":"","_EventCurrencySymbol":"","_EventCurrencyCode":"","_EventCurrencyPosition":"","_EventDateTimeSeparator":"","_EventTimeRangeSeparator":"","_EventOrganizerID":[],"_EventVenueID":[],"_OrganizerEmail":"","_OrganizerPhone":"","_OrganizerWebsite":"","_VenueAddress":"","_VenueCity":"","_VenueCountry":"","_VenueProvince":"","_VenueState":"","_VenueZip":"","_VenuePhone":"","_VenueURL":"","_VenueStateProvince":"","_VenueLat":"","_VenueLng":"","_VenueShowMap":false,"_VenueShowMapLink":false,"_themeisle_gutenberg_block_has_review":false,"footnotes":"","_tec_slr_enabled":"","_tec_slr_layout":""},"class_list":["post-2623","page","type-page","status-publish","hentry"],"ticketed":false,"_links":{"self":[{"href":"https:\/\/becid.ut.ee\/lv\/wp-json\/wp\/v2\/pages\/2623","targetHints":{"allow":["GET"]}}],"collection":[{"href":"https:\/\/becid.ut.ee\/lv\/wp-json\/wp\/v2\/pages"}],"about":[{"href":"https:\/\/becid.ut.ee\/lv\/wp-json\/wp\/v2\/types\/page"}],"author":[{"embeddable":true,"href":"https:\/\/becid.ut.ee\/lv\/wp-json\/wp\/v2\/users\/1"}],"replies":[{"embeddable":true,"href":"https:\/\/becid.ut.ee\/lv\/wp-json\/wp\/v2\/comments?post=2623"}],"version-history":[{"count":2,"href":"https:\/\/becid.ut.ee\/lv\/wp-json\/wp\/v2\/pages\/2623\/revisions"}],"predecessor-version":[{"id":3766,"href":"https:\/\/becid.ut.ee\/lv\/wp-json\/wp\/v2\/pages\/2623\/revisions\/3766"}],"wp:attachment":[{"href":"https:\/\/becid.ut.ee\/lv\/wp-json\/wp\/v2\/media?parent=2623"}],"curies":[{"name":"wp","href":"https:\/\/api.w.org\/{rel}","templated":true}]}}