{"id":2627,"date":"2025-06-27T13:06:26","date_gmt":"2025-06-27T13:06:26","guid":{"rendered":"https:\/\/becid.ut.ee\/disinformation-trends-in-baltics-war-in-ukraine-nato-presence-and-controversy-over-edible-insects-july-2023\/"},"modified":"2025-07-24T13:52:59","modified_gmt":"2025-07-24T13:52:59","slug":"disinformation-trends-in-baltics-war-in-ukraine-nato-presence-and-controversy-over-edible-insects-july-2023","status":"publish","type":"page","link":"https:\/\/becid.ut.ee\/lv\/disinformation-trends-in-baltics-war-in-ukraine-nato-presence-and-controversy-over-edible-insects-july-2023\/","title":{"rendered":"Dezinform\u0101cijas tendences Baltij\u0101: Kar\u0161 Ukrain\u0101, NATO kl\u0101tb\u016btne un str\u012bdi par \u0113damiem kukai\u0146iem (2023. gada j\u016blijs)"},"content":{"rendered":"\n<div style=\"height:100px\" aria-hidden=\"true\" class=\"wp-block-spacer\"><\/div>\n\n<figure class=\"wp-block-image alignwide size-large\"><img loading=\"lazy\" decoding=\"async\" width=\"285\" height=\"192\" src=\"https:\/\/becid.ut.ee\/wp-content\/uploads\/2025\/06\/BECID-BLOGI-PILDID-13.svg\" alt=\"\" class=\"wp-image-1445\"\/><\/figure>\n\n<p><strong>Dezinform\u0101cijas tendences Baltij\u0101: kar\u0161 Ukrain\u0101, NATO kl\u0101tb\u016btne un str\u012bdi par \u0113damiem kukai\u0146iem<\/strong><br\/><em>2023. gada j\u016blijs<\/em><br\/>Madara Eihe (Re:Baltica)<br\/>Tartu Universit\u0101tes (UTARTU) koordin\u0113t\u0101 ES finans\u0113t\u0101 projekta D2.5 da\u013ca, ID 118471.<\/p>\n\n<p>Gada otraj\u0101 ceturksn\u012b faktu p\u0101rbaudes darbs trij\u0101s Baltijas valst\u012bs galvenok\u0101rt bija v\u0113rsts uz karu Ukrain\u0101 un Krievijas propagandas izplat\u012b\u0161anos par to. Visaugst\u0101kais ar Ukrainu saist\u012bt\u0101s dezinform\u0101cijas l\u012bmenis tika konstat\u0113ts Lietuv\u0101, savuk\u0101rt Latvij\u0101 un Igaunij\u0101 bija v\u0113rojams samazin\u0101jums. <\/p>\n\n<p>Vis\u0101s trij\u0101s Baltijas valst\u012bs liela uzman\u012bba tika piev\u0113rsta ar karu nesaist\u012bt\u0101m sazv\u0113rest\u012bb\u0101m un safabric\u0113tiem st\u0101stiem par vesel\u012bbu. Piem\u0113ram, Latvij\u0101 un Lietuv\u0101 par\u0101d\u012bj\u0101s nepatiesi apgalvojumi, ka masveida zemestr\u012bces S\u012brij\u0101 un Turcij\u0101 ir t\u012b\u0161i izrais\u012btas ar ASV kontrol\u0113tu &#8220;klimata ieroci&#8221;, lai nomelnotu ASV amatpersonu, viet\u0113jo iest\u0101\u017eu, ANO, NATO un ES reput\u0101ciju. <\/p>\n\n<p>Lasiet zi\u0146ojumu: <a href=\"https:\/\/becid.eu\/wp-content\/uploads\/2024\/01\/2023_JULY_Disinformation-trends-in-Baltics-30012024.pdf\"><mark style=\"background-color:rgba(0, 0, 0, 0);color:#ffcd05\" class=\"has-inline-color\">2023_JULY_Disinformation-trends-in-Baltics 30012024<\/mark><\/a><\/p>\n\n<p>Ori\u0123in\u0101ls: <a href=\"https:\/\/en.rebaltica.lv\/author\/madara-eihe-specially-for-rebaltica\/\"><mark style=\"background-color:rgba(0, 0, 0, 0);color:#ffcd05\" class=\"has-inline-color\">https:\/\/en.rebaltica.lv\/author\/madara-eihe-specially-for-rebaltica\/<\/mark><\/a><\/p>\n","protected":false},"excerpt":{"rendered":"<p>Dezinform\u0101cijas tendences Baltij\u0101: kar\u0161 Ukrain\u0101, NATO kl\u0101tb\u016btne un str\u012bdi par \u0113damiem kukai\u0146iem2023. gada j\u016blijsMadara Eihe (Re:Baltica)Tartu Universit\u0101tes (UTARTU) koordin\u0113t\u0101 ES finans\u0113t\u0101 projekta D2.5 da\u013ca, ID 118471. Gada otraj\u0101 ceturksn\u012b faktu [&hellip;]<\/p>\n","protected":false},"author":1,"featured_media":0,"parent":0,"menu_order":0,"comment_status":"closed","ping_status":"closed","template":"","meta":{"_price":"","_stock":"","_tribe_ticket_header":"","_tribe_default_ticket_provider":"","_tribe_ticket_capacity":"0","_ticket_start_date":"","_ticket_end_date":"","_tribe_ticket_show_description":"","_tribe_ticket_show_not_going":false,"_tribe_ticket_use_global_stock":"","_tribe_ticket_global_stock_level":"","_global_stock_mode":"","_global_stock_cap":"","_tribe_rsvp_for_event":"","_tribe_ticket_going_count":"","_tribe_ticket_not_going_count":"","_tribe_tickets_list":"[]","_tribe_ticket_has_attendee_info_fields":false,"_EventAllDay":false,"_EventTimezone":"","_EventStartDate":"","_EventEndDate":"","_EventStartDateUTC":"","_EventEndDateUTC":"","_EventShowMap":false,"_EventShowMapLink":false,"_EventURL":"","_EventCost":"","_EventCostDescription":"","_EventCurrencySymbol":"","_EventCurrencyCode":"","_EventCurrencyPosition":"","_EventDateTimeSeparator":"","_EventTimeRangeSeparator":"","_EventOrganizerID":[],"_EventVenueID":[],"_OrganizerEmail":"","_OrganizerPhone":"","_OrganizerWebsite":"","_VenueAddress":"","_VenueCity":"","_VenueCountry":"","_VenueProvince":"","_VenueState":"","_VenueZip":"","_VenuePhone":"","_VenueURL":"","_VenueStateProvince":"","_VenueLat":"","_VenueLng":"","_VenueShowMap":false,"_VenueShowMapLink":false,"_themeisle_gutenberg_block_has_review":false,"footnotes":"","_tec_slr_enabled":"","_tec_slr_layout":""},"class_list":["post-2627","page","type-page","status-publish","hentry"],"ticketed":false,"_links":{"self":[{"href":"https:\/\/becid.ut.ee\/lv\/wp-json\/wp\/v2\/pages\/2627","targetHints":{"allow":["GET"]}}],"collection":[{"href":"https:\/\/becid.ut.ee\/lv\/wp-json\/wp\/v2\/pages"}],"about":[{"href":"https:\/\/becid.ut.ee\/lv\/wp-json\/wp\/v2\/types\/page"}],"author":[{"embeddable":true,"href":"https:\/\/becid.ut.ee\/lv\/wp-json\/wp\/v2\/users\/1"}],"replies":[{"embeddable":true,"href":"https:\/\/becid.ut.ee\/lv\/wp-json\/wp\/v2\/comments?post=2627"}],"version-history":[{"count":2,"href":"https:\/\/becid.ut.ee\/lv\/wp-json\/wp\/v2\/pages\/2627\/revisions"}],"predecessor-version":[{"id":3715,"href":"https:\/\/becid.ut.ee\/lv\/wp-json\/wp\/v2\/pages\/2627\/revisions\/3715"}],"wp:attachment":[{"href":"https:\/\/becid.ut.ee\/lv\/wp-json\/wp\/v2\/media?parent=2627"}],"curies":[{"name":"wp","href":"https:\/\/api.w.org\/{rel}","templated":true}]}}