{"id":2651,"date":"2025-06-27T12:44:40","date_gmt":"2025-06-27T12:44:40","guid":{"rendered":"https:\/\/becid.ut.ee\/mitigating-disinformation-vulnerability-with-situational-risk-awareness-and-humancentered-approaches-a-conceptual-model-2023\/"},"modified":"2025-07-24T14:05:51","modified_gmt":"2025-07-24T14:05:51","slug":"mitigating-disinformation-vulnerability-with-situational-risk-awareness-and-humancentered-approaches-a-conceptual-model-2023","status":"publish","type":"page","link":"https:\/\/becid.ut.ee\/lv\/mitigating-disinformation-vulnerability-with-situational-risk-awareness-and-humancentered-approaches-a-conceptual-model-2023\/","title":{"rendered":"Inform\u0101cijas (ne)ievainojam\u012bbas mazin\u0101\u0161ana, izmantojot situ\u0101cijas riska apzin\u0101\u0161anos un uz cilv\u0113ku v\u0113rstas pieejas: Konceptu\u0101ls modelis (2023)"},"content":{"rendered":"\n<div style=\"height:100px\" aria-hidden=\"true\" class=\"wp-block-spacer\"><\/div>\n\n<figure class=\"wp-block-image alignwide size-large\"><img loading=\"lazy\" decoding=\"async\" width=\"285\" height=\"192\" src=\"https:\/\/becid.ut.ee\/wp-content\/uploads\/2025\/06\/BECID-BLOGI-PILDID-18.svg\" alt=\"\" class=\"wp-image-1492\"\/><\/figure>\n\n<p>Inform\u0101cijas (ne)ievainojam\u012bbas mazin\u0101\u0161ana, izmantojot situ\u0101cijas riska apzin\u0101\u0161anos un uz cilv\u0113ku v\u0113rstas pieejas: Konceptu\u0101lais modelis<br\/><em>2023<\/em><br\/>Auks\u0117 Bal\u010dytien\u0117 | Vec\u0101k\u0101 p\u0113tniece, VMU<br\/>Dmytro Iarovyi | Jaun\u0101kais p\u0113tnieks, VMU<\/p>\n\n<p>&#8230;ar citu BECID p\u0113tnieku grupas, ko vada BECID galven\u0101 p\u0113tniece, profesore Andra Siibak, UTARTU, pal\u012bdz\u012bbu un ieguld\u012bjumu.<\/p>\n\n<p>Tartu Universit\u0101tes (UTARTU) koordin\u0113t\u0101 ES finans\u0113t\u0101 projekta ar ID 118471 D3.1 da\u013ca.<\/p>\n\n<p>\u0160aj\u0101 anal\u012bz\u0113 ir apl\u016bkots (ne)inform\u0101cijas neaizsarg\u0101t\u012bbas j\u0113dziens, izkl\u0101stot noteico\u0161os faktorus, saska\u0146\u0101 ar kuriem indiv\u012bdi un grupas ir uz\u0146\u0113m\u012bgi pret tie\u0161saistes manipul\u0101ciju p\u0101r\u0101kuma kait\u012bgaj\u0101m sek\u0101m.<\/p>\n\n<p>Defin\u0113t &#8220;(ne)inform\u0101cijas neaizsarg\u0101t\u012bbas&#8221; j\u0113dzienu ir sare\u017e\u0123\u012bti, jo tas ir daudzdimension\u0101ls un specifisks, kas ir atkar\u012bgs no individu\u0101laj\u0101m \u012bpa\u0161\u012bb\u0101m un konteksta apst\u0101k\u013ciem. T\u0101p\u0113c \u0161aj\u0101 darb\u0101 ir integr\u0113ti uz cilv\u0113ku v\u0113rsti inform\u0101cijas apstr\u0101des aspekti, iek\u013caujot individu\u0101los (soci\u0101li demogr\u0101fiskos raksturlielumus, piem\u0113ram, vecumu un izgl\u012bt\u012bbu) kop\u0101 ar soci\u0101lpsiholo\u0123iskaj\u0101m sp\u0113j\u0101m, piem\u0113ram, pa\u0161v\u0113rt\u0113jumu un v\u0113rt\u012bb\u0101m, kas k\u013c\u016bst \u012bpa\u0161i svar\u012bgi l\u0113mumu pie\u0146em\u0161anas situ\u0101cij\u0101s, kur\u0101s ir tendence uz konfliktiem un domstarp\u012bb\u0101m. Turkl\u0101t \u0161aj\u0101 pieej\u0101 ir iek\u013cautas soci\u0101li struktur\u0101l\u0101s un situat\u012bv\u0101s iez\u012bmes, kas ir izplat\u012btas m\u016bsdienu pla\u0161sazi\u0146as l\u012bdzek\u013cos un komunik\u0101cij\u0101.  <\/p>\n\n<p>Atsp\u0113riena punkts \u0161eit ir balst\u012bts uz atzi\u0146u, ka inform\u0101cijas manipul\u0101cijas b\u016btiski ietekm\u0113 digit\u0101l\u0101s tehnolo\u0123ijas un inform\u0101cijas pieejam\u012bba, bet, kas ir vissvar\u012bg\u0101k, ar\u012b nacion\u0101l\u0101 konteksta specifika, proti, sociokult\u016bras v\u0113rt\u012bbas un trad\u012bcijas inform\u0101cijas snieg\u0161an\u0101 un izmanto\u0161an\u0101. To vid\u016b ir gan darba k\u0101rt\u012bbas noteik\u0161anas un reprezent\u0101cijas medijos rakstur\u012bg\u0101s iez\u012bmes, gan, kas ir vissvar\u012bg\u0101k, individu\u0101lie faktori, piem\u0113ram, individu\u0101l\u0101 mediju pieejam\u012bba un digit\u0101l\u0101s prasmes, k\u0101 ar\u012b soci\u0101lpsiholo\u0123iskie aspekti, tostarp da\u017e\u0101di (kognit\u012bvie) aizspriedumi, mediju inform\u0113t\u012bba un ar to saist\u012btie mor\u0101l\u0101s argument\u0101cijas faktori l\u0113mumu pie\u0146em\u0161anas un inform\u0101cijas apstr\u0101des proces\u0101. <\/p>\n\n<p>\u0160aj\u0101 kontekst\u0101 univers\u0101listiskas politikas veido\u0161anai ir nepiecie\u0161ama paaugstin\u0101ta jut\u012bba un izpratne par riskiem, kas saist\u012bti ar manipulat\u012bva satura izplat\u012b\u0161anu un atsevi\u0161\u0137u dal\u012bbnieku reakciju uz disfunkcion\u0101l\u0101m komunik\u0101cijas situ\u0101cij\u0101m. Ir svar\u012bgi \u0146emt v\u0113r\u0101, ka, lai gan (ne)inform\u0101cijas neaizsarg\u0101t\u012bba ir k\u013cuvusi par mediju politikas deba\u0161u sast\u0101vda\u013cu, t\u0101 tom\u0113r joproj\u0101m ir ekspertu zin\u0101\u0161anu joma. Risin\u0101jumi tiek rad\u012bti, raugoties &#8220;no aug\u0161as&#8221;, piem\u0113ram, ierosinot mediju lietotprasmes programmas vai veicinot faktu p\u0101rbaudi mediju organiz\u0101cij\u0101s. Neraugoties uz \u0161iem centieniem, tr\u016bkst pietiekamu zin\u0101\u0161anu un uz pier\u0101d\u012bjumiem balst\u012btas izpratnes par kait\u012bga satura ietekmes apjomu uz cilv\u0113ku dom\u0101\u0161anu, t\u0101d\u0113j\u0101di ietekm\u0113jot sabiedr\u012bbas integrit\u0101ti. T\u0101p\u0113c uzsvars tiek likts uz konceptu\u0101lu defin\u012bciju un p\u0113t\u012bjumu rezult\u0101tu izv\u0113rt\u0113\u0161anu, kas izgaismo (ne)inform\u0101cijas neaizsarg\u0101t\u012bbas riskus. Nosl\u0113gum\u0101 tiek pied\u0101v\u0101ts konceptu\u0101ls modelis, kas integr\u0113 visus \u0161os kritiskos aspektus.     <\/p>\n\n<p>Lasiet anal\u012bzi \u0161eit: <a href=\"https:\/\/becid.eu\/wp-content\/uploads\/2024\/01\/D3.1-2-Mitigating-Disinformation-Vulnerability-1.pdf\"><mark style=\"background-color:rgba(0, 0, 0, 0);color:#ffcd05\" class=\"has-inline-color\">D3.1 (2) Dezinform\u0101cijas ievainojam\u012bbas mazin\u0101\u0161ana<\/mark><\/a><\/p>\n","protected":false},"excerpt":{"rendered":"<p>Inform\u0101cijas (ne)ievainojam\u012bbas mazin\u0101\u0161ana, izmantojot situ\u0101cijas riska apzin\u0101\u0161anos un uz cilv\u0113ku v\u0113rstas pieejas: Konceptu\u0101lais modelis2023Auks\u0117 Bal\u010dytien\u0117 | Vec\u0101k\u0101 p\u0113tniece, VMUDmytro Iarovyi | Jaun\u0101kais p\u0113tnieks, VMU &#8230;ar citu BECID p\u0113tnieku grupas, ko [&hellip;]<\/p>\n","protected":false},"author":1,"featured_media":0,"parent":0,"menu_order":0,"comment_status":"closed","ping_status":"closed","template":"","meta":{"_price":"","_stock":"","_tribe_ticket_header":"","_tribe_default_ticket_provider":"","_tribe_ticket_capacity":"0","_ticket_start_date":"","_ticket_end_date":"","_tribe_ticket_show_description":"","_tribe_ticket_show_not_going":false,"_tribe_ticket_use_global_stock":"","_tribe_ticket_global_stock_level":"","_global_stock_mode":"","_global_stock_cap":"","_tribe_rsvp_for_event":"","_tribe_ticket_going_count":"","_tribe_ticket_not_going_count":"","_tribe_tickets_list":"[]","_tribe_ticket_has_attendee_info_fields":false,"_EventAllDay":false,"_EventTimezone":"","_EventStartDate":"","_EventEndDate":"","_EventStartDateUTC":"","_EventEndDateUTC":"","_EventShowMap":false,"_EventShowMapLink":false,"_EventURL":"","_EventCost":"","_EventCostDescription":"","_EventCurrencySymbol":"","_EventCurrencyCode":"","_EventCurrencyPosition":"","_EventDateTimeSeparator":"","_EventTimeRangeSeparator":"","_EventOrganizerID":[],"_EventVenueID":[],"_OrganizerEmail":"","_OrganizerPhone":"","_OrganizerWebsite":"","_VenueAddress":"","_VenueCity":"","_VenueCountry":"","_VenueProvince":"","_VenueState":"","_VenueZip":"","_VenuePhone":"","_VenueURL":"","_VenueStateProvince":"","_VenueLat":"","_VenueLng":"","_VenueShowMap":false,"_VenueShowMapLink":false,"_themeisle_gutenberg_block_has_review":false,"footnotes":"","_tec_slr_enabled":"","_tec_slr_layout":""},"class_list":["post-2651","page","type-page","status-publish","hentry"],"ticketed":false,"_links":{"self":[{"href":"https:\/\/becid.ut.ee\/lv\/wp-json\/wp\/v2\/pages\/2651","targetHints":{"allow":["GET"]}}],"collection":[{"href":"https:\/\/becid.ut.ee\/lv\/wp-json\/wp\/v2\/pages"}],"about":[{"href":"https:\/\/becid.ut.ee\/lv\/wp-json\/wp\/v2\/types\/page"}],"author":[{"embeddable":true,"href":"https:\/\/becid.ut.ee\/lv\/wp-json\/wp\/v2\/users\/1"}],"replies":[{"embeddable":true,"href":"https:\/\/becid.ut.ee\/lv\/wp-json\/wp\/v2\/comments?post=2651"}],"version-history":[{"count":2,"href":"https:\/\/becid.ut.ee\/lv\/wp-json\/wp\/v2\/pages\/2651\/revisions"}],"predecessor-version":[{"id":3772,"href":"https:\/\/becid.ut.ee\/lv\/wp-json\/wp\/v2\/pages\/2651\/revisions\/3772"}],"wp:attachment":[{"href":"https:\/\/becid.ut.ee\/lv\/wp-json\/wp\/v2\/media?parent=2651"}],"curies":[{"name":"wp","href":"https:\/\/api.w.org\/{rel}","templated":true}]}}