{"id":2671,"date":"2025-06-27T12:23:40","date_gmt":"2025-06-27T12:23:40","guid":{"rendered":"https:\/\/becid.ut.ee\/intergenerational-training-to-improve-the-digital-competence-of-young-people-and-the-elderly\/"},"modified":"2025-07-24T13:57:27","modified_gmt":"2025-07-24T13:57:27","slug":"intergenerational-training-to-improve-the-digital-competence-of-young-people-and-the-elderly","status":"publish","type":"page","link":"https:\/\/becid.ut.ee\/lv\/intergenerational-training-to-improve-the-digital-competence-of-young-people-and-the-elderly\/","title":{"rendered":"Starppaaud\u017eu apm\u0101c\u012bba, lai uzlabotu jaunie\u0161u un vec\u0101ka gadag\u0101juma cilv\u0113ku digit\u0101l\u0101s prasmes"},"content":{"rendered":"\n<div style=\"height:100px\" aria-hidden=\"true\" class=\"wp-block-spacer\"><\/div>\n\n<figure class=\"wp-block-image alignwide size-large\"><img loading=\"lazy\" decoding=\"async\" width=\"1440\" height=\"809\" src=\"https:\/\/becid.ut.ee\/wp-content\/uploads\/2025\/06\/BECID-BLOGI-PILDID-1920-x-1080-px-9.svg\" alt=\"\" class=\"wp-image-1570\"\/><\/figure>\n\n<p>Projekta ar ID 118471, ko koordin\u0113 Tartu Universit\u0101te (UTARTU), 4.3. uzdevums. T4.3: Baltijas Mediju izcil\u012bbas centrs (BCME). Dal\u012bbnieki: UTARTU, Vidzemes Lieti\u0161\u0137o zin\u0101t\u0146u universit\u0101te, V\u012btauta Di\u017e\u0101 universit\u0101te.  <\/p>\n\n<p><strong>L\u0101sma Antonevi\u010da <\/strong>| Projektu vad\u012bt\u0101ja (BCME)<\/p>\n\n<p><strong>Inger Klesment <\/strong>| BECID komunik\u0101cijas un mediju kompetences speci\u0101liste (UTARTU)<\/p>\n\n<figure class=\"wp-block-image size-large\"><img loading=\"lazy\" decoding=\"async\" width=\"1024\" height=\"683\" src=\"https:\/\/becid.ut.ee\/wp-content\/uploads\/2025\/06\/KZN_8562-1024x683.jpg\" alt=\"\" class=\"wp-image-1575\" srcset=\"https:\/\/becid.ut.ee\/wp-content\/uploads\/2025\/06\/KZN_8562-1024x683.jpg 1024w, https:\/\/becid.ut.ee\/wp-content\/uploads\/2025\/06\/KZN_8562-300x200.jpg 300w, https:\/\/becid.ut.ee\/wp-content\/uploads\/2025\/06\/KZN_8562-768x512.jpg 768w, https:\/\/becid.ut.ee\/wp-content\/uploads\/2025\/06\/KZN_8562-1536x1024.jpg 1536w, https:\/\/becid.ut.ee\/wp-content\/uploads\/2025\/06\/KZN_8562-1200x800.jpg 1200w, https:\/\/becid.ut.ee\/wp-content\/uploads\/2025\/06\/KZN_8562.jpg 1546w\" sizes=\"auto, (max-width: 1024px) 100vw, 1024px\" \/><\/figure>\n\n<p class=\"has-raft-accent-color has-text-color has-link-color has-large-font-size wp-elements-27ec8a7e480419512cc02accdbfbc753\"><strong>Latvija: &#8220;Digit\u0101li kop\u0101!&#8221; Iniciat\u012bva <\/strong><\/p>\n\n<p>T4.3 aktivit\u0101te Latvij\u0101, balstoties uz Igaunijas pilotprojektu &#8220;Digimentor&#8221;, uzs\u0101ka kampa\u0146u &#8220;Digimatiski kop\u0101!&#8221;, kas v\u0113rsta uz starppaaud\u017eu m\u0101c\u012b\u0161anos. Tika apm\u0101c\u012bti vair\u0101k nek\u0101 50 jaunie Digimentori, kuri iesaist\u012bja vec\u0101ka gadag\u0101juma pieaugu\u0161os, izmantojot soci\u0101lo mediju grupas, veicinot digit\u0101lo prat\u012bbu un mediju prasmes. Programma, kas tika \u012bstenota tie\u0161saist\u0113 24. un 25. novembr\u012b 2023. gad\u0101, aptv\u0113ra t\u0101das t\u0113mas k\u0101 digit\u0101l\u0101s vides p\u0101rvald\u012bba un digit\u0101l\u0101s plaisas mazin\u0101\u0161ana. Kampa\u0146a nosl\u0113dz\u0101s ar forumu 2023. gada 14. decembr\u012b, kur\u0101 re\u0123ion\u0101lie eksperti diskut\u0113ja par paaud\u017eu sadarb\u012bbu. Delfi LV zi\u0146u port\u0101l\u0101 Delfi LV tika izveidota \u012bpa\u0161a sada\u013ca, kas sasniedza vair\u0101k nek\u0101 25 000 apmekl\u0113t\u0101ju, veicinot digit\u0101lo prat\u012bbu vis\u0101s vecuma grup\u0101s.    <\/p>\n\n<p class=\"has-raft-accent-color has-text-color has-link-color has-large-font-size wp-elements-7db2cd725b6d73fb70992dd6faca84e5\"><strong>Igaunija: Digimentor projekts<\/strong><\/p>\n\n<p>No 2023. gada septembra l\u012bdz 2024. gada maijam norisin\u0101j\u0101s Telia atbalst\u012btais Igaunijas Digimentor projekts, kur\u0101 vidusskol\u0113ni vad\u012bja 36 darbn\u012bcas vec\u0101kiem pieaugu\u0161ajiem. T\u0113mas bija da\u017e\u0101das &#8211; no m\u0101ksl\u012bg\u0101 intelekta l\u012bdz interneta dro\u0161\u012bbai, iesaistot vair\u0101k nek\u0101 150 dal\u012bbnieku. Lai uzlabotu m\u0101c\u012b\u0161anos, uzsvars tika likts uz praktisk\u0101m nodarb\u012bb\u0101m un viegli vad\u0101mu grupu lielumu. Turkl\u0101t projekts ietv\u0113ra informat\u012bvus materi\u0101lus un dal\u012bbu vec\u0101ka gadag\u0101juma cilv\u0113kiem dom\u0101tos pas\u0101kumos, veicinot inform\u0113tu sabiedr\u012bbas l\u012bdzdal\u012bbu un digit\u0101lo izpratni.   <\/p>\n\n<p class=\"has-raft-accent-color has-text-color has-link-color has-large-font-size wp-elements-f52498ec71c9a2dd5261a885a718ef24\"><strong>Ieskats un ieteikumi<\/strong><\/p>\n\n<p>Abos projektos tika uzsv\u0113rta praktiskas, praktiskas m\u0101c\u012b\u0161an\u0101s efektivit\u0101te un paciet\u012bbas un skaidras sazi\u0146as noz\u012bme. \u013boti svar\u012bgi bija iesaist\u012bt jaunie\u0161us k\u0101 mentorus, jo tas deva abpus\u0113ju ieguvumu prasmju att\u012bst\u012b\u0161an\u0101. Turpm\u0101kai papla\u0161in\u0101\u0161anai b\u016btu j\u0101izmanto dienas centri un skolas, j\u0101uzlabo m\u0101rketinga strat\u0113\u0123ijas un j\u0101apsver iesp\u0113ja noteikt simbolisku dal\u012bbas maksu par nopietnu ap\u0146em\u0161anos.  <\/p>\n\n<p class=\"has-text-align-center has-raft-accent-background-color has-background\"><a href=\"https:\/\/becid.eu\/wp-content\/uploads\/2024\/05\/new-pdf.pdf\" target=\"_blank\" rel=\"noreferrer noopener\">Lasiet pilnu zi\u0146ojumu<strong> \u0161eit<\/strong><\/a><\/p>\n\n<p><\/p>\n","protected":false},"excerpt":{"rendered":"<p>Projekta ar ID 118471, ko koordin\u0113 Tartu Universit\u0101te (UTARTU), 4.3. uzdevums. T4.3: Baltijas Mediju izcil\u012bbas centrs (BCME). Dal\u012bbnieki: UTARTU, Vidzemes Lieti\u0161\u0137o zin\u0101t\u0146u universit\u0101te, V\u012btauta Di\u017e\u0101 universit\u0101te. L\u0101sma Antonevi\u010da | Projektu [&hellip;]<\/p>\n","protected":false},"author":1,"featured_media":0,"parent":0,"menu_order":0,"comment_status":"closed","ping_status":"closed","template":"","meta":{"_price":"","_stock":"","_tribe_ticket_header":"","_tribe_default_ticket_provider":"","_tribe_ticket_capacity":"0","_ticket_start_date":"","_ticket_end_date":"","_tribe_ticket_show_description":"","_tribe_ticket_show_not_going":false,"_tribe_ticket_use_global_stock":"","_tribe_ticket_global_stock_level":"","_global_stock_mode":"","_global_stock_cap":"","_tribe_rsvp_for_event":"","_tribe_ticket_going_count":"","_tribe_ticket_not_going_count":"","_tribe_tickets_list":"[]","_tribe_ticket_has_attendee_info_fields":false,"_EventAllDay":false,"_EventTimezone":"","_EventStartDate":"","_EventEndDate":"","_EventStartDateUTC":"","_EventEndDateUTC":"","_EventShowMap":false,"_EventShowMapLink":false,"_EventURL":"","_EventCost":"","_EventCostDescription":"","_EventCurrencySymbol":"","_EventCurrencyCode":"","_EventCurrencyPosition":"","_EventDateTimeSeparator":"","_EventTimeRangeSeparator":"","_EventOrganizerID":[],"_EventVenueID":[],"_OrganizerEmail":"","_OrganizerPhone":"","_OrganizerWebsite":"","_VenueAddress":"","_VenueCity":"","_VenueCountry":"","_VenueProvince":"","_VenueState":"","_VenueZip":"","_VenuePhone":"","_VenueURL":"","_VenueStateProvince":"","_VenueLat":"","_VenueLng":"","_VenueShowMap":false,"_VenueShowMapLink":false,"_themeisle_gutenberg_block_has_review":false,"footnotes":"","_tec_slr_enabled":"","_tec_slr_layout":""},"class_list":["post-2671","page","type-page","status-publish","hentry"],"ticketed":false,"_links":{"self":[{"href":"https:\/\/becid.ut.ee\/lv\/wp-json\/wp\/v2\/pages\/2671","targetHints":{"allow":["GET"]}}],"collection":[{"href":"https:\/\/becid.ut.ee\/lv\/wp-json\/wp\/v2\/pages"}],"about":[{"href":"https:\/\/becid.ut.ee\/lv\/wp-json\/wp\/v2\/types\/page"}],"author":[{"embeddable":true,"href":"https:\/\/becid.ut.ee\/lv\/wp-json\/wp\/v2\/users\/1"}],"replies":[{"embeddable":true,"href":"https:\/\/becid.ut.ee\/lv\/wp-json\/wp\/v2\/comments?post=2671"}],"version-history":[{"count":2,"href":"https:\/\/becid.ut.ee\/lv\/wp-json\/wp\/v2\/pages\/2671\/revisions"}],"predecessor-version":[{"id":3740,"href":"https:\/\/becid.ut.ee\/lv\/wp-json\/wp\/v2\/pages\/2671\/revisions\/3740"}],"wp:attachment":[{"href":"https:\/\/becid.ut.ee\/lv\/wp-json\/wp\/v2\/media?parent=2671"}],"curies":[{"name":"wp","href":"https:\/\/api.w.org\/{rel}","templated":true}]}}