{"id":2679,"date":"2025-06-27T12:20:08","date_gmt":"2025-06-27T12:20:08","guid":{"rendered":"https:\/\/becid.ut.ee\/old-cars-immigrants-and-war-how-eu-related-misinformation-is-spread-in-the-baltics\/"},"modified":"2025-07-24T14:10:30","modified_gmt":"2025-07-24T14:10:30","slug":"old-cars-immigrants-and-war-how-eu-related-misinformation-is-spread-in-the-baltics","status":"publish","type":"page","link":"https:\/\/becid.ut.ee\/lv\/old-cars-immigrants-and-war-how-eu-related-misinformation-is-spread-in-the-baltics\/","title":{"rendered":"VECAS AUTOMA\u0160\u012aNAS, IMIGRANTI UN KAR\u0160 &#8211; K\u0100 BALTIJAS VALST\u012aS TIEK IZPLAT\u012aTA AR ES SAIST\u012aTA DEZINFORM\u0100CIJA?"},"content":{"rendered":"\n<div style=\"height:100px\" aria-hidden=\"true\" class=\"wp-block-spacer\"><\/div>\n\n<figure class=\"wp-block-image alignwide size-large\"><img loading=\"lazy\" decoding=\"async\" width=\"1440\" height=\"809\" src=\"https:\/\/becid.ut.ee\/wp-content\/uploads\/2025\/06\/BECID-BLOGI-PILDID-1920-x-1080-px-11.svg\" alt=\"\" class=\"wp-image-1594\"\/><\/figure>\n\n<p>Tartu Universit\u0101tes (UTARTU) koordin\u0113t\u0101 ES finans\u0113t\u0101 projekta ar ID 118471 D2.5 da\u013ca.<br\/><strong>Evita Puri\u0146a <\/strong>| RE:BALTICA\/RE:CHECK<\/p>\n\n<p>Ja v\u0113laties diskredit\u0113t ES Baltijas valst\u012bs, izplatiet za\u013cos melus un puspaties\u012bbas, piem\u0113ram, ka ES nekav\u0113joties piespied\u012bs visus braukt ar elektromobi\u013ciem, aizliegs remont\u0113t vecas automa\u0161\u012bnas un aizliegs kurin\u0101t ar malku.<\/p>\n\n<p>Pirms gaid\u0101maj\u0101m Eiropas Parlamenta v\u0113l\u0113\u0161an\u0101m \u0161ie ir biju\u0161i vieni no popul\u0101r\u0101kajiem maldiem Lietuv\u0101, Latvij\u0101 un Igaunij\u0101. Ta\u010du kopum\u0101 \u0161is periods ir pag\u0101jis mier\u012bgi un bez lieliem dezinform\u0101cijas skand\u0101liem. <\/p>\n\n<p>Tas b\u016btu bijis v\u0113l mier\u012bg\u0101ks, ja politi\u0137i pa\u0161i neb\u016btu rad\u012bju\u0161i da\u017e\u0101dus melus, lai mobiliz\u0113tu v\u0113l\u0113t\u0101jus. Konkr\u0113ti Latvij\u0101 vair\u0101kas partijas, tostarp v\u0113l\u0113t\u0101ju vid\u016b popul\u0101r\u0101k\u0101s, akt\u012bvi izplat\u012bja dezinform\u0101ciju par Za\u013co un za\u013co kursu, ES migr\u0101cijas politiku un vald\u012bbas darbu. Liel\u0101 m\u0113r\u0101 tas tiek dar\u012bts ar TikTok starpniec\u012bbu, kur akt\u012bvo partiju un kandid\u0101tu skaits ir pieaudzis sal\u012bdzin\u0101jum\u0101 ar pa\u0161vald\u012bbu v\u0113l\u0113\u0161an\u0101m tikai pirms da\u017eiem gadiem.  <\/p>\n\n<blockquote class=\"wp-block-quote is-layout-flow wp-block-quote-is-layout-flow\">\n<p><strong>&#8220;ES ne\u013caus braukt ar vec\u0101m automa\u0161\u012bn\u0101m&#8221;<\/strong><\/p>\n<\/blockquote>\n\n<p>P\u0113d\u0113jos gados vides aizsardz\u012bba Eirop\u0101 ir k\u013cuvusi par vienu no galvenajiem maldin\u0101\u0161anas tematiem l\u012bdz\u0101s Covid, Krievijas iebrukumam Ukrain\u0101, LGBT+ ties\u012bb\u0101m un da\u017e\u0101d\u0101m sazv\u0113rest\u012bbas teorij\u0101m. Baltijas valstis nav iz\u0146\u0113mums. Gatavojoties v\u0113l\u0113\u0161an\u0101m, \u0161ie maldi ir pastiprin\u0101ju\u0161ies saist\u012bb\u0101 ar ES Za\u013co dar\u012bjumu.  <\/p>\n\n<p>Vis\u0101s trij\u0101s valst\u012bs m\u012bti par elektromobi\u013ciem ir izteikti da\u017e\u0101di. Soci\u0101lajos medijos maldin\u0101t\u0101jus un pret za\u013co politiku noska\u0146otos politi\u0137us papildina klik\u0161\u0137u vietnes. Latvij\u0101 viens no tiem maija beig\u0101s public\u0113ja rakstu ar virsrakstu: &#8220;L\u012bdz 2030. gadam mums neb\u016bs at\u013cauts braukt ar iek\u0161dedzes dzin\u0113ja automa\u0161\u012bn\u0101m&#8221;. Rakst\u0101 nav nor\u0101d\u012bts nek\u0101ds iemesls &#8211; no t\u0101 tikai noprotams, ka autors to saista ar it k\u0101 milz\u012bgajiem nodok\u013ciem, kurus cilv\u0113ki nesp\u0113s samaks\u0101t. Tikm\u0113r viena no pa\u0161laik parlament\u0101 nep\u0101rst\u0101v\u0113taj\u0101m partij\u0101m &#8211; Jaun\u0101 konservat\u012bv\u0101 partija &#8211; public\u0113ja rekl\u0101mas plak\u0101tu ar saukli &#8220;Laiks nobremz\u0113t za\u013co kursu&#8221;. Plak\u0101t\u0101 ar\u012b teikts, ka &#8220;vec\u0101ki automobi\u013ci tiks at\u013cauti&#8221;, it k\u0101 b\u016btu pl\u0101nots tos aizliegt. Partijas kandid\u0101ts numur viens T\u0101ls Linkaits pirms \u010detriem gadiem bija Latvijas satiksmes ministrs un tolaik pats rosin\u0101ja palielin\u0101t nodok\u013cus vec\u0101kiem automobi\u013ciem.      <\/p>\n\n<p class=\"has-text-align-center has-raft-accent-background-color has-background\">ES NEPL\u0100NO AIZLIEGT VECU AUTOMA\u0160\u012aNU IZMANTO\u0160ANU, REMONTU VAI P\u0100RDO\u0160ANU. DAL\u012aBVALSTIS IR VIENOJU\u0160\u0100S TIKAI PAR TO, KA NO 2035. GADA VAIRS NETIKS P\u0100RDOTI JAUNI AUTOMOBI\u013bI AR IEK\u0160DEDZES DZIN\u0112JIEM. <\/p>\n\n<p>Papildus \u0161iem viet\u0113ji rad\u012btajiem m\u012btiem faktu p\u0101rbaud\u012bt\u0101ji ir zi\u0146oju\u0161i ar\u012b par m\u012btiem par elektromobi\u013ciem, kas izplat\u0101s no valsts uz valsti. Piem\u0113ram, ka elektriskie policijas mikroautobusi<mark style=\"background-color:rgba(0, 0, 0, 0);color:#ffcd05\" class=\"has-inline-color\"> <a href=\"https:\/\/www.delfi.lt\/news\/melo-detektorius\/is-dalies-melas\/ar-tikrai-elektriniai-policijos-mikroautobusai-varomi-generatoriumi-96188599\">.<\/a> <a href=\"https:\/\/www.delfi.lt\/news\/melo-detektorius\/is-dalies-melas\/ar-tikrai-elektriniai-policijos-mikroautobusai-varomi-generatoriumi-96188599\">Francij\u0101<\/a> <\/mark>vai uzl\u0101des stacijas <a href=\"https:\/\/rebaltica.lv\/2023\/10\/vai-latvija-elektromobili-brauc-ar-gazi-bet-vacija-ar-oglem\/\"><mark style=\"background-color:rgba(0, 0, 0, 0);color:#ffcd05\" class=\"has-inline-color\">Austr\u0101lij\u0101<\/mark><\/a> paties\u012bb\u0101 darbina degvielas \u0123eneratori. <\/p>\n\n<p>Igaunij\u0101 un Lietuv\u0101 baumas par remonta aizliegumu pavad\u012bja<a href=\"https:\/\/www.delfi.lt\/news\/melo-detektorius\/is-dalies-melas\/ar-tikrai-elektriniai-policijos-mikroautobusai-varomi-generatoriumi-96188599\"> <mark style=\"background-color:rgba(0, 0, 0, 0);color:#ffcd05\" class=\"has-inline-color\">.<\/mark><\/a> sazv\u0113rest\u012bbas teorija, ka t\u0101 ir da\u013ca no ES pl\u0101na, kura m\u0113r\u0137is ir mudin\u0101t cilv\u0113kus ieg\u0101d\u0101ties jaunus, videi draudz\u012bg\u0101kus transportl\u012bdzek\u013cus. \u0160\u012b teorija bija popul\u0101ra ar\u012b citviet Eirop\u0101. Igaunijas Delfi faktu p\u0101rbaud\u012bt\u0101ja Kaili Malts nor\u0101da, ka Igaunija pa\u0161laik cen\u0161as ieviest jaunu automa\u0161\u012bnu nodokli, un \u0161\u0101da maldino\u0161a inform\u0101cija var rad\u012bt iespaidu, ka tas tiek dar\u012bts ES spiediena rezult\u0101t\u0101. Tom\u0113r t\u0101 nav taisn\u012bba. Malts uzskata, ka da\u017e\u0101s sabiedr\u012bbas da\u013c\u0101s past\u0101v pretest\u012bba pret za\u013caj\u0101m idej\u0101m un daudzi cilv\u0113ki neno\u0161\u0137ir ES un Igaunijas iniciat\u012bvas.    <\/p>\n\n<blockquote class=\"wp-block-quote is-layout-flow wp-block-quote-is-layout-flow\">\n<p>&#8220;Tev neb\u016bs dedzin\u0101t malku&#8221;<\/p>\n<\/blockquote>\n\n<p>Latvij\u0101 neilgi pirms v\u0113l\u0113\u0161an\u0101m atgriez\u0101s v\u0113l viens popul\u0101rs m\u012bts par Za\u013co dar\u012bjumu. Tika apgalvots, ka, pateicoties ES politikai, tas <a href=\"https:\/\/rebaltica.lv\/2024\/04\/likums-neliegs-apkure-izmantot-malku-granulas-un-briketes\/\"><mark style=\"background-color:rgba(0, 0, 0, 0);color:#ffcd05\" class=\"has-inline-color\">b\u016bs nelikum\u012bga<\/mark><\/a> apsild\u012bt m\u0101jok\u013cus ar malku, briket\u0113m un koksnes granul\u0101m. Pirms aptuveni gada Latvijas Me\u017ea \u012bpa\u0161nieku biedr\u012bba <a href=\"https:\/\/rebaltica.lv\/2023\/01\/vai-es-plano-liegt-apkure-izmantot-malku\/\"><mark style=\"background-color:rgba(0, 0, 0, 0);color:#ffcd05\" class=\"has-inline-color\">izplat\u012bja<\/mark><\/a> \u0161o m\u012btu, lai \u012bstenotu savas biznesa intereses.  <\/p>\n\n<p class=\"has-raft-accent-background-color has-background\">Viens no priek\u0161likumiem ES Atjaunojamo energoresursu direkt\u012bv\u0101 bija 2023. gad\u0101 ierobe\u017eot atbalstu koksnes izmanto\u0161anai liel\u0101s katlu m\u0101j\u0101s, kur\u0101s izmanto \u0161\u0137eldu. Priek\u0161likums netika atbalst\u012bts. Malkas izmanto\u0161ana apkurei nav aizliegta ne direkt\u012bv\u0101, ne Latvijas ties\u012bbu aktos.  <\/p>\n\n<p>Latvij\u0101 tas ir k\u013cuvis par aktu\u0101lu tematu, jo ir viens no <a href=\"https:\/\/ec.europa.eu\/eurostat\/statistics-explained\/index.php?title=Forests,_forestry_and_logging\"><mark style=\"background-color:rgba(0, 0, 0, 0);color:#ffcd05\" class=\"has-inline-color\">visvair\u0101k apme\u017eoto<\/mark><\/a> ES un viena no l\u012bder\u0113m koksnes izmanto\u0161an\u0101 apkurei. Pirms EP v\u0113l\u0113\u0161an\u0101m vair\u0101kas populistisk\u0101s partijas s\u0101ka izmantot \u0161o narat\u012bvu, p\u0101rpludinot soci\u0101los medijus ar vienu nepatiesu apgalvojumu p\u0113c otra. <\/p>\n\n<p>No populistiem visska\u013c\u0101k\u0101 ir &#8220;Latvijas Pirm\u0101&#8221;, kas pirms da\u017eiem gadiem biju\u0161\u0101 oligarha Ain\u0101ra \u0160lesera vad\u012bb\u0101 izc\u0113l\u0101s k\u0101 pret vakseksu\u0101lismu noska\u0146ota partija un kas l\u012bdz 2022. gada 24. febru\u0101rim aicin\u0101ja uz cie\u0161\u0101ku draudz\u012bbu ar Krieviju. Tagad t\u0101s p\u0101rst\u0101vji, kuru vid\u016b netr\u016bkst sazv\u0113rest\u012bbas teoriju piekrit\u0113ju, regul\u0101ri saviem desmitiem t\u016bksto\u0161u sekot\u0101ju st\u0101sta, ka Za\u013c\u0101 vieno\u0161an\u0101s ir b\u012bstama, t\u0101 noved\u012bs Latviju l\u012bdz bankrotam un daudzus t\u0101s iedz\u012bvot\u0101jus &#8211; nabadz\u012bb\u0101. Vair\u0101kas partijas izmanto ar\u012b <a href=\"https:\/\/rebaltica.lv\/2024\/05\/vai-latvija-ir-zalaka-valsts-eiropa\/\"><mark style=\"background-color:rgba(0, 0, 0, 0);color:#ffcd05\" class=\"has-inline-color\">veco m\u012btu<\/mark><\/a> ka Latvija ir za\u013c\u0101k\u0101 vai viena no za\u013c\u0101kaj\u0101m valst\u012bm Eirop\u0101 un t\u0101p\u0113c tai nav vajadz\u012bga nek\u0101da ES za\u013c\u0101 politika. J\u0101atz\u012bm\u0113, ka st\u0101sts par Latviju k\u0101 za\u013c\u0101ko valsti ES, saska\u0146\u0101 ar Jeila Universit\u0101tes un Kolumbijas Universit\u0101tes Vides r\u0101d\u012bt\u0101ju indeksu (Environmental Performance Index &#8211; EPI), bija patiess pirms 12 gadiem, bet <a href=\"https:\/\/epi.yale.edu\/measure\/2024\/EPI\"><mark style=\"background-color:rgba(0, 0, 0, 0);color:#ffcd05\" class=\"has-inline-color\">vairs nav<\/mark><\/a>.   <\/p>\n\n<blockquote class=\"wp-block-quote is-layout-flow wp-block-quote-is-layout-flow\">\n<p>&#8220;10 000 imigrantu gad\u0101&#8221;<\/p>\n<\/blockquote>\n\n<p>Ar\u012b Latvij\u0101 pirms v\u0113l\u0113\u0161an\u0101m populistisk\u0101s partijas cent\u0101s bied\u0113t sabiedr\u012bbu ar st\u0101stiem par migrantiem. V\u0113l pavisam nesen k\u0101ds Nacion\u0101l\u0101s apvien\u012bbas, kas p\u0113c ilgiem gadiem vald\u012bb\u0101 bija k\u013cuvusi par opoz\u012bcijas partiju, kandid\u0101ts TikTok vietn\u0113 pazi\u0146oja, ka &#8220;izskat\u0101s, ka Eiropu sagraus nevis kar\u0161, bet cita nelaime&#8221;, proti, imigranti. V\u0113l\u0101k citi kandid\u0101ti <a href=\"https:\/\/rebaltica.lv\/2024\/05\/ko-paredz-jaunais-es-migracijas-pakts\/\"><mark style=\"background-color:rgba(0, 0, 0, 0);color:#ffcd05\" class=\"has-inline-color\">izplat\u012bja<\/mark> <\/a>apgalvojumu, ka nesen pie\u0146emt\u0101 ES <a href=\"https:\/\/home-affairs.ec.europa.eu\/policies\/migration-and-asylum\/pact-migration-and-asylum_en\"><mark style=\"background-color:rgba(0, 0, 0, 0);color:#ffcd05\" class=\"has-inline-color\">Migr\u0101cijas pakts<\/mark><\/a> rezult\u0101t\u0101 Latvijai var\u0113tu n\u0101kties uz\u0146emt 10 000 imigrantu vai maks\u0101t 200 miljonus eiro gad\u0101 (faktiski 99 cilv\u0113kus jeb 2 miljonus eiro). \u0160o nepamatoto apgalvojumu atk\u0101rtoja jau min\u0113t\u0101 partija &#8220;Latvija vispirms&#8221;.     <\/p>\n\n<blockquote class=\"wp-block-quote is-layout-flow wp-block-quote-is-layout-flow\">\n<p>&#8220;Negod\u012bgas v\u0113l\u0113\u0161anas&#8221;<\/p>\n<\/blockquote>\n\n<p>K\u0101 parasti, dezinformatori, no kuriem da\u017ei tagad ir ar\u012b v\u0113l\u0113\u0161anu kandid\u0101ti, cent\u0101s rad\u012bt aizdomas, ka EP v\u0113l\u0113\u0161anu rezult\u0101ti tiks viltoti. Igaunij\u0101 konservat\u012bv\u0101 populistisk\u0101 partija EKRE izplat\u012bja baumas, ka v\u0113l\u0113\u0161anas nav god\u012bgas. T\u0101 apgalvoja, ka partijas popularit\u0101tes reitingi, par kuriem zi\u0146o pla\u0161sazi\u0146as l\u012bdzek\u013ci. <a href=\"https:\/\/www.delfi.lt\/news\/melo-detektorius\/manipuliacija\/kodel-siemet-lietuvos-prezidento-rinkimu-nestebejo-esbo-96519207\"><mark style=\"background-color:rgba(0, 0, 0, 0);color:#ffcd05\" class=\"has-inline-color\">bija zem\u0101ki<\/mark><\/a> nek\u0101 tiem vajadz\u0113tu b\u016bt. Latvij\u0101 viens no galvenajiem dezinform\u0101cijas dal\u012bbniekiem R\u016bdolfs Br\u0113manis aicin\u0101ja nepiedal\u012bties priek\u0161laic\u012bgaj\u0101 balso\u0161an\u0101, apgalvojot, ka saska\u0146\u0101 ar iek\u0161\u0113ju inform\u0101ciju balsis tiks viltoti. Br\u0113manis ir viens no pret vaksiksu noska\u0146otajiem akt\u012bvistiem, kas ieguva popularit\u0101ti pand\u0113mijas laik\u0101. Tagad, t\u0101pat k\u0101 citi \u0161\u0101di populisti, vi\u0146\u0161 sevi uzskata par politi\u0137i un kandid\u0113 v\u0113l\u0113\u0161an\u0101s. Tikm\u0113r vi\u0146\u0161 ar\u012b apmelo valsti, izplatot da\u017e\u0101das sazv\u0113rest\u012bbas teorijas un Krem\u013ca dezinform\u0101ciju.      <\/p>\n\n<p>Aiz robe\u017eas Lietuvas populisti cent\u0101s rad\u012bt \u0161aubas par Lietuvas prezidenta v\u0113l\u0113\u0161anu le\u0123itimit\u0101ti. Vi\u0146i <a href=\"https:\/\/www.delfi.lt\/news\/melo-detektorius\/manipuliacija\/kodel-siemet-lietuvos-prezidento-rinkimu-nestebejo-esbo-96519207\"><mark style=\"background-color:rgba(0, 0, 0, 0);color:#ffcd05\" class=\"has-inline-color\">sal\u012bdzin\u0101ja<\/mark><\/a> Lietuvu ar Zieme\u013ckoreju un Krieviju, jo v\u0113l\u0113\u0161an\u0101s nepiedal\u012bj\u0101s Eiropas Dro\u0161\u012bbas un sadarb\u012bbas organiz\u0101cijas (EDSO) nov\u0113rot\u0101ji. Prezidenta v\u0113l\u0113\u0161anas, kas nosl\u0113dz\u0101s maija beig\u0101s p\u0113c div\u0101m k\u0101rt\u0101m, iesp\u0113jams, nov\u0113rsa uzman\u012bbu no EP v\u0113l\u0113\u0161an\u0101m. P\u0113c Delfi Lietuva p\u0101rst\u0101ves Aistes Meidutes (Aist\u0117 Meidut\u0117) teikt\u0101, pirms Eiropas Parlamenta v\u0113l\u0113\u0161an\u0101m ar ES saist\u012bt\u0101s dezinform\u0101cijas nebija vair\u0101k nek\u0101 parasti.   <\/p>\n\n<blockquote class=\"wp-block-quote is-layout-flow wp-block-quote-is-layout-flow\">\n<p>&#8220;ES rosina palielin\u0101t pension\u0113\u0161an\u0101s vecumu&#8221;<\/p>\n<\/blockquote>\n\n<p><br\/>Maija s\u0101kum\u0101 Latviju p\u0101r\u0161alca v\u0113l viena ar ES saist\u012bta dezinform\u0101cijas t\u0113ma. Vair\u0101ki paz\u012bstami populisti apgalvoja, ka ES kop\u0101 ar cit\u0101m starptautisk\u0101m organiz\u0101cij\u0101m, <a href=\"https:\/\/rebaltica.lv\/2024\/05\/es-neiesaka-celt-pensionesanas-vecumu-lidz-75-gadiem-tada-plana-nav\/\"><mark style=\"background-color:rgba(0, 0, 0, 0);color:#ffcd05\" class=\"has-inline-color\">pieprasa<\/mark><\/a> Latviju paaugstin\u0101t pension\u0113\u0161an\u0101s vecumu l\u012bdz 75 gadiem. Tas t\u0101 nebija, un Latvijai pa\u0161ai nav pl\u0101nu paaugstin\u0101t pension\u0113\u0161an\u0101s vecumu (pa\u0161laik 65 gadi). Tas ir \u012bpa\u0161i jut\u012bgs jaut\u0101jums valst\u012b, kur\u0101 ir viens no \u012bs\u0101kajiem paredzam\u0101 m\u016b\u017ea ilgumiem un viena no zem\u0101kaj\u0101m pensij\u0101m ES. Iesp\u0113jams, tie\u0161i t\u0101p\u0113c meli \u0101tri vien k\u013cuva vir\u0101li <em>soci\u0101lajos <\/em>t\u012bklos <em>Facebook <\/em>un <em>TikTok<\/em>, kur ieraksti un video ar \u0161o apgalvojumu kopum\u0101 sasniedza vismaz 300 000 cilv\u0113ku. S\u0101kotn\u0113jais \u0161o melu avots bija iepriek\u0161 min\u0113tais Bremanis.     <\/p>\n\n<blockquote class=\"wp-block-quote is-layout-flow wp-block-quote-is-layout-flow\">\n<p>&#8220;Eiropa velk m\u016bs kar\u0101&#8221;<\/p>\n<\/blockquote>\n\n<p>Baltijas valst\u012bs ir izplat\u012bta Krem\u013ca dezinform\u0101cija. Kaili Malts no igau\u0146u Delfi nor\u0101da, ka t\u0101 galvenok\u0101rt sast\u0101v no apgalvojumiem par Rietumu pievieno\u0161anos karam Ukrain\u0101. Piem\u0113ram, Igaunij\u0101 Krievijas \u0100rlietu ministrijas <a href=\"https:\/\/epl.delfi.ee\/artikkel\/120280462\/faktikontroll-eesti-ei-ole-sodureid-ukrainasse-saatnud-tegemist-on-vene-propagandaga\"><mark style=\"background-color:rgba(0, 0, 0, 0);color:#ffcd05\" class=\"has-inline-color\">meli<\/mark><\/a> ka valsts ir nos\u016bt\u012bjusi uz Ukrainu gandr\u012bz 200 algot\u0146u. L\u012bdz\u012bgi apgalvojumi izskan\u0113ja ar\u012b par Francijas armiju. Ar\u012b <a href=\"https:\/\/epl.delfi.ee\/artikkel\/120271846\/faktikontroll-portaal-eesti-eest-levitab-valeinfot-mariupoli-biolaborite-kohta-ja-oigustab-venemaa-sissetungi-ukrainasse\"><mark style=\"background-color:rgba(0, 0, 0, 0);color:#ffcd05\" class=\"has-inline-color\">vecie meli<\/mark><\/a>    <mark style=\"background-color:rgba(0, 0, 0, 0);color:#ffcd05\" class=\"has-inline-color\"> <\/mark>par ASV biolo\u0123iskaj\u0101m laboratorij\u0101m Ukrain\u0101 nepazud\u012bs. Gan Lietuv\u0101, gan Igaunij\u0101 lielu uzman\u012bbu ir izpeln\u012bjusies ar\u012b Krem\u013ca ilgsto\u0161i izplat\u012bt\u0101 dezinform\u0101cija par Ukrainas prezidentu Volodimiru Zelenski un vi\u0146a \u0123imeni. Tiek apgalvots, ka Ukrainas l\u012bderis ir <a href=\"https:\/\/www.delfi.lt\/ru\/detektor-lzhi\/lozh\/pravda-chto-elena-zhena-prezidenta-ukrainy-vladimira-zelenskogo-soobshchila-chto-gotova-zanyat-posta-prezidenta-poskolku-ee-muzh-narkoman-96521865\"><mark style=\"background-color:rgba(0, 0, 0, 0);color:#ffcd05\" class=\"has-inline-color\">narkom\u0101ns<\/mark><\/a>, t\u0101p\u0113c vi\u0146a viet\u0101 v\u0113l\u0113\u0161an\u0101s kandid\u0113s vi\u0146a sieva O\u013cena Zelenska, savuk\u0101rt Zelenskas labdar\u012bbas fonds tiek aps\u016bdz\u0113ts par  <mark style=\"background-color:rgba(0, 0, 0, 0);color:#ffcd05\" class=\"has-inline-color\"> <\/mark><a href=\"https:\/\/epl.delfi.ee\/artikkel\/120288831\/faktikontroll-ei-zelenskoi-abikaasa-ei-halda-laste-seksikaubanduse-vorgustikku\"><mark style=\"background-color:rgba(0, 0, 0, 0);color:#ffcd05\" class=\"has-inline-color\">darbojas<\/mark><\/a> pedofilu t\u012bklu, kas pieg\u0101d\u0101 ukrai\u0146u b\u0113rnus bag\u0101tajiem cilv\u0113kiem Rietumos.<\/p>\n\n<p>Latvij\u0101 \u0161\u0101di ac\u012bmredzami safabric\u0113ti meli ir reti popul\u0101ri. Tom\u0113r citi apgalvojumi, piem\u0113ram, ka Krievijas kar\u0161 Ukrain\u0101 paties\u012bb\u0101 ir Rietumu inscen\u0113ts vai ka Ukraina ir v\u0101ja, korump\u0113ta un tai nav izred\u017eu uzvar\u0113t, joproj\u0101m tiek izplat\u012bti, \u012bpa\u0161i <em>TikTok<\/em>. Latvij\u0101 labas izredzes ieg\u016bt vietu EP ir Krem\u013ca narat\u012bvu atbalsto\u0161ajai partijai &#8221; <em>Par stabilit\u0101ti!&#8221;<\/em>, kas apgalvo, ka \u0161aj\u0101s v\u0113l\u0113\u0161an\u0101s ir tikai viena izv\u0113le &#8211; kar\u0161 vai miers. T\u0101 atkl\u0101ti st\u0101sta v\u0113l\u0113t\u0101jiem, ka ES noz\u012bm\u0113 zaud\u0113t neatkar\u012bbu un ka pa\u0161reiz\u0113jie savien\u012bbas l\u012bderi cen\u0161as m\u016bs ievilkt jaun\u0101 bru\u0146o\u0161an\u0101s sacens\u012bb\u0101, kur\u0101 nav vietas labkl\u0101j\u012bbas interes\u0113m.   <\/p>\n\n<p>Par p\u0101rsteigumu daudziem, pirms da\u017eiem gadiem \u0161\u012b partija <a href=\"https:\/\/rebaltica.lv\/2023\/02\/vai-ar-tiktok-palidzibu-baltija-var-ieklut-politika-latvija-var\/\"><mark style=\"background-color:rgba(0, 0, 0, 0);color:#ffcd05\" class=\"has-inline-color\">tika iev\u0113l\u0113ta<\/mark><\/a> tika iev\u0113l\u0113ta Latvijas parlament\u0101, prasm\u012bgi izmantojot TikTok. Tas nepalika nepaman\u012bts, un \u0161oreiz TikTok t\u012bkl\u0101 bija akt\u012bvi daudz vair\u0101k politi\u0137u &#8211; \u012bpa\u0161i tie, kas p\u0101rst\u0101v\u0113ja radik\u0101l\u0101k noska\u0146oto sabiedr\u012bbas da\u013cu. Lieki piebilst, ka vi\u0146u v\u0113st\u012bjumi tur ir pavisam at\u0161\u0137ir\u012bgi no t\u0101, ko vi\u0146i saka, piem\u0113ram, sabiedrisko raidorganiz\u0101ciju debat\u0113s.  <\/p>\n\n<p class=\"has-text-align-center has-raft-accent-background-color has-background\">Lejupiel\u0101d\u0113jiet zi\u0146ojumu \u0161eit:<\/p>\n\n<div data-wp-interactive=\"core\/file\" class=\"wp-block-file\"><object data-wp-bind--hidden=\"!state.hasPdfPreview\" hidden class=\"wp-block-file__embed\" data=\"https:\/\/becid.ut.ee\/wp-content\/uploads\/2025\/06\/D2.5-OLD-CARS-IMMIGRANTS-AND-WAR-&#x2013;-HOW-EU-RELATED-MISINFORMATION-IS-SPREAD-IN-THE-BALTICS.pdf\" type=\"application\/pdf\" style=\"width:100%;height:600px\" aria-label=\"Embed of D2.5-OLD-CARS-IMMIGRANTS-AND-WAR-\u2013-HOW-EU-RELATED-MISINFORMATION-IS-SPREAD-IN-THE-BALTICS.\"><\/object><a id=\"wp-block-file--media-73ebcca9-e43c-4e72-a3d2-dbb61eb7a472\" href=\"https:\/\/becid.ut.ee\/wp-content\/uploads\/2025\/06\/D2.5-OLD-CARS-IMMIGRANTS-AND-WAR-&#x2013;-HOW-EU-RELATED-MISINFORMATION-IS-SPREAD-IN-THE-BALTICS.pdf\">D2.5-VECIE-AUTOMOBI\u013bI-IMIGRANTI-UN-KAR\u0160&#8212;K\u0100-EIROPAS SAVIEN\u012aBAS SAIST\u012aT\u0100-MISINFORM\u0100CIJA-IZPLAT\u0100S-BALTIJ\u0100<\/a><a href=\"https:\/\/becid.ut.ee\/wp-content\/uploads\/2025\/06\/D2.5-OLD-CARS-IMMIGRANTS-AND-WAR-&#x2013;-HOW-EU-RELATED-MISINFORMATION-IS-SPREAD-IN-THE-BALTICS.pdf\" class=\"wp-block-file__button wp-element-button\" download=\"\" aria-describedby=\"wp-block-file--media-73ebcca9-e43c-4e72-a3d2-dbb61eb7a472\">Lejupiel\u0101d\u0113t<\/a><\/div>\n","protected":false},"excerpt":{"rendered":"<p>Tartu Universit\u0101tes (UTARTU) koordin\u0113t\u0101 ES finans\u0113t\u0101 projekta ar ID 118471 D2.5 da\u013ca.Evita Puri\u0146a | RE:BALTICA\/RE:CHECK Ja v\u0113laties diskredit\u0113t ES Baltijas valst\u012bs, izplatiet za\u013cos melus un puspaties\u012bbas, piem\u0113ram, ka ES nekav\u0113joties [&hellip;]<\/p>\n","protected":false},"author":1,"featured_media":0,"parent":0,"menu_order":0,"comment_status":"closed","ping_status":"closed","template":"","meta":{"_price":"","_stock":"","_tribe_ticket_header":"","_tribe_default_ticket_provider":"","_tribe_ticket_capacity":"0","_ticket_start_date":"","_ticket_end_date":"","_tribe_ticket_show_description":"","_tribe_ticket_show_not_going":false,"_tribe_ticket_use_global_stock":"","_tribe_ticket_global_stock_level":"","_global_stock_mode":"","_global_stock_cap":"","_tribe_rsvp_for_event":"","_tribe_ticket_going_count":"","_tribe_ticket_not_going_count":"","_tribe_tickets_list":"[]","_tribe_ticket_has_attendee_info_fields":false,"_EventAllDay":false,"_EventTimezone":"","_EventStartDate":"","_EventEndDate":"","_EventStartDateUTC":"","_EventEndDateUTC":"","_EventShowMap":false,"_EventShowMapLink":false,"_EventURL":"","_EventCost":"","_EventCostDescription":"","_EventCurrencySymbol":"","_EventCurrencyCode":"","_EventCurrencyPosition":"","_EventDateTimeSeparator":"","_EventTimeRangeSeparator":"","_EventOrganizerID":[],"_EventVenueID":[],"_OrganizerEmail":"","_OrganizerPhone":"","_OrganizerWebsite":"","_VenueAddress":"","_VenueCity":"","_VenueCountry":"","_VenueProvince":"","_VenueState":"","_VenueZip":"","_VenuePhone":"","_VenueURL":"","_VenueStateProvince":"","_VenueLat":"","_VenueLng":"","_VenueShowMap":false,"_VenueShowMapLink":false,"_themeisle_gutenberg_block_has_review":false,"footnotes":"","_tec_slr_enabled":"","_tec_slr_layout":""},"class_list":["post-2679","page","type-page","status-publish","hentry"],"ticketed":false,"_links":{"self":[{"href":"https:\/\/becid.ut.ee\/lv\/wp-json\/wp\/v2\/pages\/2679","targetHints":{"allow":["GET"]}}],"collection":[{"href":"https:\/\/becid.ut.ee\/lv\/wp-json\/wp\/v2\/pages"}],"about":[{"href":"https:\/\/becid.ut.ee\/lv\/wp-json\/wp\/v2\/types\/page"}],"author":[{"embeddable":true,"href":"https:\/\/becid.ut.ee\/lv\/wp-json\/wp\/v2\/users\/1"}],"replies":[{"embeddable":true,"href":"https:\/\/becid.ut.ee\/lv\/wp-json\/wp\/v2\/comments?post=2679"}],"version-history":[{"count":4,"href":"https:\/\/becid.ut.ee\/lv\/wp-json\/wp\/v2\/pages\/2679\/revisions"}],"predecessor-version":[{"id":3793,"href":"https:\/\/becid.ut.ee\/lv\/wp-json\/wp\/v2\/pages\/2679\/revisions\/3793"}],"wp:attachment":[{"href":"https:\/\/becid.ut.ee\/lv\/wp-json\/wp\/v2\/media?parent=2679"}],"curies":[{"name":"wp","href":"https:\/\/api.w.org\/{rel}","templated":true}]}}