{"id":2695,"date":"2025-06-27T12:11:56","date_gmt":"2025-06-27T12:11:56","guid":{"rendered":"https:\/\/becid.ut.ee\/army-preparing-to-enter-ukraine-politicians-leaving-the-country-how-fear-of-being-dragged-into-war-is-spread-in-the-baltics\/"},"modified":"2025-07-24T13:43:26","modified_gmt":"2025-07-24T13:43:26","slug":"army-preparing-to-enter-ukraine-politicians-leaving-the-country-how-fear-of-being-dragged-into-war-is-spread-in-the-baltics","status":"publish","type":"page","link":"https:\/\/becid.ut.ee\/lv\/army-preparing-to-enter-ukraine-politicians-leaving-the-country-how-fear-of-being-dragged-into-war-is-spread-in-the-baltics\/","title":{"rendered":"Armija gatavojas ieiet Ukrain\u0101, politi\u0137i pamet valsti &#8211; k\u0101 Baltijas valst\u012bs izplat\u0101s bailes no ievilk\u0161anas kar\u0101?"},"content":{"rendered":"\n<div style=\"height:100px\" aria-hidden=\"true\" class=\"wp-block-spacer\"><\/div>\n\n<figure class=\"wp-block-image alignwide size-large\"><img loading=\"lazy\" decoding=\"async\" width=\"1440\" height=\"809\" src=\"https:\/\/becid.ut.ee\/wp-content\/uploads\/2025\/06\/BECID-Studies-and-results-9.svg\" alt=\"\" class=\"wp-image-1643\"\/><\/figure>\n\n<p>Tartu Universit\u0101tes (UTARTU) koordin\u0113t\u0101 ES finans\u0113t\u0101 projekta ar ID 118471 D2.5 da\u013ca.<\/p>\n\n<p>Ori\u0123in\u0101lais nosaukums: https: <a href=\"https:\/\/en.rebaltica.lv\/2024\/09\/army-preparing-to-enter-ukraine-politicians-leaving-the-country-how-fear-of-being-dragged-into-war-is-spread-in-the-baltics\/\">\/\/en.rebaltica.lv\/2024\/09\/army-preparing-to-enter-ukraine-politicians-leaving-the-country-how-fear-of-being-dragged-into-war-is-spread-in-the-baltics\/<\/a><\/p>\n\n<div data-wp-interactive=\"core\/file\" class=\"wp-block-file\"><object data-wp-bind--hidden=\"!state.hasPdfPreview\" hidden class=\"wp-block-file__embed\" data=\"https:\/\/becid.ut.ee\/wp-content\/uploads\/2025\/06\/D2.5-Army-preparing-to-enter-Ukraine-politicians-leaving-the-country-&#x2013;-how-fear-of-being-dragged-into-war-is-spread-in-the-Baltics.pdf\" type=\"application\/pdf\" style=\"width:100%;height:600px\" aria-label=\"Embed of D2.5-Army-preparing-to-enter-Ukraine-politicians-leaving-the-country-\u2013-how-fear-of-being-dragged-into-war-is-spread-in-the-Baltics.\"><\/object><a id=\"wp-block-file--media-450ae23b-0249-4db2-9772-181889151bec\" href=\"https:\/\/becid.ut.ee\/wp-content\/uploads\/2025\/06\/D2.5-Army-preparing-to-enter-Ukraine-politicians-leaving-the-country-&#x2013;-how-fear-of-being-dragged-into-war-is-spread-in-the-Baltics.pdf\">D2.5-Karasp\u0113ks gatavojas iest\u0101ties Ukrain\u0101-politi\u0137i pamet valsti-k\u0101 bailes no iesaist\u012b\u0161an\u0101s kar\u0101 izplat\u0101s Baltij\u0101<\/a><a href=\"https:\/\/becid.ut.ee\/wp-content\/uploads\/2025\/06\/D2.5-Army-preparing-to-enter-Ukraine-politicians-leaving-the-country-&#x2013;-how-fear-of-being-dragged-into-war-is-spread-in-the-Baltics.pdf\" class=\"wp-block-file__button wp-element-button\" download=\"\" aria-describedby=\"wp-block-file--media-450ae23b-0249-4db2-9772-181889151bec\">Lejupiel\u0101d\u0113t<\/a><\/div>\n","protected":false},"excerpt":{"rendered":"<p>Tartu Universit\u0101tes (UTARTU) koordin\u0113t\u0101 ES finans\u0113t\u0101 projekta ar ID 118471 D2.5 da\u013ca. Ori\u0123in\u0101lais nosaukums: https: \/\/en.rebaltica.lv\/2024\/09\/army-preparing-to-enter-ukraine-politicians-leaving-the-country-how-fear-of-being-dragged-into-war-is-spread-in-the-baltics\/<\/p>\n","protected":false},"author":1,"featured_media":0,"parent":0,"menu_order":0,"comment_status":"closed","ping_status":"closed","template":"","meta":{"_price":"","_stock":"","_tribe_ticket_header":"","_tribe_default_ticket_provider":"","_tribe_ticket_capacity":"0","_ticket_start_date":"","_ticket_end_date":"","_tribe_ticket_show_description":"","_tribe_ticket_show_not_going":false,"_tribe_ticket_use_global_stock":"","_tribe_ticket_global_stock_level":"","_global_stock_mode":"","_global_stock_cap":"","_tribe_rsvp_for_event":"","_tribe_ticket_going_count":"","_tribe_ticket_not_going_count":"","_tribe_tickets_list":"[]","_tribe_ticket_has_attendee_info_fields":false,"_EventAllDay":false,"_EventTimezone":"","_EventStartDate":"","_EventEndDate":"","_EventStartDateUTC":"","_EventEndDateUTC":"","_EventShowMap":false,"_EventShowMapLink":false,"_EventURL":"","_EventCost":"","_EventCostDescription":"","_EventCurrencySymbol":"","_EventCurrencyCode":"","_EventCurrencyPosition":"","_EventDateTimeSeparator":"","_EventTimeRangeSeparator":"","_EventOrganizerID":[],"_EventVenueID":[],"_OrganizerEmail":"","_OrganizerPhone":"","_OrganizerWebsite":"","_VenueAddress":"","_VenueCity":"","_VenueCountry":"","_VenueProvince":"","_VenueState":"","_VenueZip":"","_VenuePhone":"","_VenueURL":"","_VenueStateProvince":"","_VenueLat":"","_VenueLng":"","_VenueShowMap":false,"_VenueShowMapLink":false,"_themeisle_gutenberg_block_has_review":false,"footnotes":"","_tec_slr_enabled":"","_tec_slr_layout":""},"class_list":["post-2695","page","type-page","status-publish","hentry"],"ticketed":false,"_links":{"self":[{"href":"https:\/\/becid.ut.ee\/lv\/wp-json\/wp\/v2\/pages\/2695","targetHints":{"allow":["GET"]}}],"collection":[{"href":"https:\/\/becid.ut.ee\/lv\/wp-json\/wp\/v2\/pages"}],"about":[{"href":"https:\/\/becid.ut.ee\/lv\/wp-json\/wp\/v2\/types\/page"}],"author":[{"embeddable":true,"href":"https:\/\/becid.ut.ee\/lv\/wp-json\/wp\/v2\/users\/1"}],"replies":[{"embeddable":true,"href":"https:\/\/becid.ut.ee\/lv\/wp-json\/wp\/v2\/comments?post=2695"}],"version-history":[{"count":2,"href":"https:\/\/becid.ut.ee\/lv\/wp-json\/wp\/v2\/pages\/2695\/revisions"}],"predecessor-version":[{"id":3640,"href":"https:\/\/becid.ut.ee\/lv\/wp-json\/wp\/v2\/pages\/2695\/revisions\/3640"}],"wp:attachment":[{"href":"https:\/\/becid.ut.ee\/lv\/wp-json\/wp\/v2\/media?parent=2695"}],"curies":[{"name":"wp","href":"https:\/\/api.w.org\/{rel}","templated":true}]}}