{"id":2707,"date":"2025-06-27T12:06:10","date_gmt":"2025-06-27T12:06:10","guid":{"rendered":"https:\/\/becid.ut.ee\/activities-to-increase-information-resilience-among-russian-speaking-baltic-residents\/"},"modified":"2025-07-24T13:40:21","modified_gmt":"2025-07-24T13:40:21","slug":"activities-to-increase-information-resilience-among-russian-speaking-baltic-residents","status":"publish","type":"page","link":"https:\/\/becid.ut.ee\/lv\/activities-to-increase-information-resilience-among-russian-speaking-baltic-residents\/","title":{"rendered":"Pas\u0101kumi krievvalod\u012bgo Baltijas valstu iedz\u012bvot\u0101ju informat\u012bv\u0101s notur\u012bbas palielin\u0101\u0161anai"},"content":{"rendered":"\n<div style=\"height:100px\" aria-hidden=\"true\" class=\"wp-block-spacer\"><\/div>\n\n<figure class=\"wp-block-image alignwide size-large\"><img loading=\"lazy\" decoding=\"async\" width=\"1440\" height=\"809\" src=\"https:\/\/becid.ut.ee\/wp-content\/uploads\/2025\/06\/BECID-Studies-and-results-SVG-3-1.svg\" alt=\"\" class=\"wp-image-1680\"\/><\/figure>\n\n<p>ES finans\u0113t\u0101 projekta ar ID 118471, ko koordin\u0113 Tartu Universit\u0101te (UTARTU), 4.4. uzdevums.<\/p>\n\n<p class=\"has-text-align-center\"><strong>Inger Klesment<\/strong> | Tartu Universit\u0101te<br\/> Gretel<strong>Juhansoo<\/strong> | Tartu Universit\u0101te<br\/> Auks\u0117<strong>Bal\u010dytien\u0117<\/strong> | Vytautas Magnus University<br\/><strong>Kristina Jurait\u0117 <\/strong>| Vytautas Magnus University<br\/> L\u0101sma<strong>Antonevi\u010da<\/strong> | Baltic Center for Media Excellence<\/p>\n\n<p>Baltijas valst\u012bs &#8211; Latvij\u0101, Igaunij\u0101 un Lietuv\u0101 &#8211; dz\u012bvo iev\u0113rojamas maz\u0101kumtaut\u012bbu kopienas, \u012bpa\u0161i pie to austrumu robe\u017e\u0101m ar Krieviju un Baltkrieviju. V\u0113sturiski \u0161ie re\u0123ioni ir biju\u0161i etniski daudzveid\u012bgi, ar iev\u0113rojamu krievvalod\u012bgo iedz\u012bvot\u0101ju skaitu. Piem\u0113ram, Latvij\u0101 maz\u0101kumtaut\u012bbu grupas veido iev\u0113rojamu iedz\u012bvot\u0101ju da\u013cu. Liel\u0101k\u0101 da\u013ca no t\u0101m ir krievi (25,6 %), kam seko baltkrievi (3,4 %), ukrai\u0146i (2,3 %) un po\u013ci (2,1 %). \u0160\u012bs kopienas p\u0101rsvar\u0101 atrodas valsts dienvidaustrumu da\u013c\u0101, \u012bpa\u0161i Latgales re\u0123ion\u0101, kas robe\u017eojas ar Krieviju un Baltkrieviju. Igaunij\u0101 ir ar\u012b iev\u0113rojama krievvalod\u012bgo minorit\u0101te. Saska\u0146\u0101 ar 2000. gada tautas skait\u012b\u0161anas datiem krievi veidoja 25,6 % iedz\u012bvot\u0101ju. \u0160\u012bs kopienas galvenok\u0101rt koncentr\u0113jas valsts zieme\u013caustrumu da\u013c\u0101, jo \u012bpa\u0161i Ida-Viru apri\u0146\u0137\u012b, kas atrodas gar Krievijas robe\u017eu. Lietuvas maz\u0101kumtaut\u012bbu sast\u0101v\u0101 ir po\u013ci (6,7 %), krievi (6,3 %), baltkrievi (1,2 %), ukrai\u0146i (0,7 %) un ebreji (0,1 %). Po\u013cu un krievu kopienas galvenok\u0101rt atrodas dienvidaustrumu re\u0123ionos pie robe\u017e\u0101m ar Baltkrieviju un Krievijas Ka\u013ci\u0146ingradas eksklavu.         <\/p>\n\n<p>\u0160\u012bs maz\u0101kumtaut\u012bbu kopienas, jo \u012bpa\u0161i t\u0101s, kas atrodas pie Krievijas un Baltkrievijas robe\u017e\u0101m, ir \u012bpa\u0161i jut\u012bgas pret dezinform\u0101cijas kampa\u0146\u0101m. \u0160o neaizsarg\u0101t\u012bbu veicina \u0161\u0101di faktori: lingvistisk\u0101s un kult\u016bras saites ar Krieviju, mediju krievu valod\u0101 pat\u0113ri\u0146\u0161 un v\u0113sturiskie narat\u012bvi. Dezinform\u0101cija bie\u017ei izmanto \u0161\u012bs saiknes, lai izplat\u012btu st\u0101stus, kas var mazin\u0101t uztic\u012bbu viet\u0113j\u0101m iest\u0101d\u0113m un veicin\u0101t prokrievisku noska\u0146ojumu.  <\/p>\n\n<p>Rea\u0123\u0113jot uz to, Baltijas valstis ir \u012bstenoju\u0161as da\u017e\u0101das strat\u0113\u0123ijas, lai c\u012bn\u012btos pret dezinform\u0101ciju. T\u0101s ietver pla\u0161sazi\u0146as l\u012bdzek\u013cu lietotprasmes veicin\u0101\u0161anu, atbalstu neatkar\u012bgai \u017eurn\u0101listikai un sadarb\u012bbu ar maz\u0101kumtaut\u012bbu kopien\u0101m, lai veidotu notur\u012bbu pret inform\u0101cijas manipul\u0101cij\u0101m. Lai pastiprin\u0101tu \u0161os centienus, ir izveidotas re\u0123ion\u0101l\u0101s sadarb\u012bbas organiz\u0101cijas, piem\u0113ram, BECID.  <\/p>\n\n<p>\u0160is zi\u0146ojums ir 4.4. uzdevuma izpildes rezult\u0101ts, kur\u0101 ieguld\u012bjumu sniedza tr\u012bs BECID partneri: UTARTU, VMU un BCME. Uzdevuma m\u0113r\u0137is bija izstr\u0101d\u0101t medijprat\u012bbas kampa\u0146u, lai stiprin\u0101tu inform\u0101cijas notur\u012bbu un veicin\u0101tu pilsonisko aktivit\u0101ti krievvalod\u012bgo iedz\u012bvot\u0101ju vid\u016b Baltijas valst\u012bs &#8211; grup\u0101, kas ir \u012bpa\u0161i neaizsarg\u0101ta pret valsts sponsor\u0113t\u0101m dezinform\u0101cijas kampa\u0146\u0101m. <\/p>\n\n<p>Lai risin\u0101tu iepriek\u0161\u0113j\u0101s zi\u0146ojuma sada\u013c\u0101s uzsv\u0113rtos statistikas datus un re\u0123ion\u0101l\u0101s at\u0161\u0137ir\u012bbas Baltijas valst\u012bs, katra partnervalsts izstr\u0101d\u0101ja piel\u0101gotus r\u012bc\u012bbas pl\u0101nus, kuru m\u0113r\u0137is ir efekt\u012bvi sasniegt krievvalod\u012bgos iedz\u012bvot\u0101jus un\/vai konkr\u0113tas m\u0113r\u0137a grupas attiec\u012bgajos re\u0123ionos. Katra valsts ar\u012b izstr\u0101d\u0101ja piel\u0101gotus materi\u0101lus un atjaunin\u0101ja prezent\u0101cijas, lai atspogu\u013cotu unik\u0101lo pieredzi, vajadz\u012bbas, probl\u0113mas un situ\u0101cijas faktorus, ar kuriem sask\u0101r\u0101s, \u012bstenojot WP4.4 pas\u0101kumus. <\/p>\n\n<div data-wp-interactive=\"core\/file\" class=\"wp-block-file\"><object data-wp-bind--hidden=\"!state.hasPdfPreview\" hidden class=\"wp-block-file__embed\" data=\"https:\/\/becid.ut.ee\/wp-content\/uploads\/2025\/06\/D4.4-Activities-to-increase-information-resilience-among-Russian-speaking-Baltic-resident-27.02.2025.pdf\" type=\"application\/pdf\" style=\"width:100%;height:600px\" aria-label=\"Embed of D4.4-Activities-to-increase-information-resilience-among-Russian-speaking-Baltic-resident-27.02.2025.\"><\/object><a id=\"wp-block-file--media-b089c935-af5d-44fa-9bd4-ef91076c3168\" href=\"https:\/\/becid.ut.ee\/wp-content\/uploads\/2025\/06\/D4.4-Activities-to-increase-information-resilience-among-Russian-speaking-Baltic-resident-27.02.2025.pdf\">D4.4-Aktivit\u0101tes-inform\u0101cijas-iztur\u012bbas-paaugstin\u0101\u0161anai starp krievvalod\u012bgajiem Baltijas valstu iedz\u012bvot\u0101jiem-27.02.2025<\/a><a href=\"https:\/\/becid.ut.ee\/wp-content\/uploads\/2025\/06\/D4.4-Activities-to-increase-information-resilience-among-Russian-speaking-Baltic-resident-27.02.2025.pdf\" class=\"wp-block-file__button wp-element-button\" download=\"\" aria-describedby=\"wp-block-file--media-b089c935-af5d-44fa-9bd4-ef91076c3168\">Lejupiel\u0101d\u0113t<\/a><\/div>\n","protected":false},"excerpt":{"rendered":"<p>ES finans\u0113t\u0101 projekta ar ID 118471, ko koordin\u0113 Tartu Universit\u0101te (UTARTU), 4.4. uzdevums. Inger Klesment | Tartu Universit\u0101te GretelJuhansoo | Tartu Universit\u0101te Auks\u0117Bal\u010dytien\u0117 | Vytautas Magnus UniversityKristina Jurait\u0117 | Vytautas [&hellip;]<\/p>\n","protected":false},"author":1,"featured_media":0,"parent":0,"menu_order":0,"comment_status":"closed","ping_status":"closed","template":"","meta":{"_price":"","_stock":"","_tribe_ticket_header":"","_tribe_default_ticket_provider":"","_tribe_ticket_capacity":"0","_ticket_start_date":"","_ticket_end_date":"","_tribe_ticket_show_description":"","_tribe_ticket_show_not_going":false,"_tribe_ticket_use_global_stock":"","_tribe_ticket_global_stock_level":"","_global_stock_mode":"","_global_stock_cap":"","_tribe_rsvp_for_event":"","_tribe_ticket_going_count":"","_tribe_ticket_not_going_count":"","_tribe_tickets_list":"[]","_tribe_ticket_has_attendee_info_fields":false,"_EventAllDay":false,"_EventTimezone":"","_EventStartDate":"","_EventEndDate":"","_EventStartDateUTC":"","_EventEndDateUTC":"","_EventShowMap":false,"_EventShowMapLink":false,"_EventURL":"","_EventCost":"","_EventCostDescription":"","_EventCurrencySymbol":"","_EventCurrencyCode":"","_EventCurrencyPosition":"","_EventDateTimeSeparator":"","_EventTimeRangeSeparator":"","_EventOrganizerID":[],"_EventVenueID":[],"_OrganizerEmail":"","_OrganizerPhone":"","_OrganizerWebsite":"","_VenueAddress":"","_VenueCity":"","_VenueCountry":"","_VenueProvince":"","_VenueState":"","_VenueZip":"","_VenuePhone":"","_VenueURL":"","_VenueStateProvince":"","_VenueLat":"","_VenueLng":"","_VenueShowMap":false,"_VenueShowMapLink":false,"_themeisle_gutenberg_block_has_review":false,"footnotes":"","_tec_slr_enabled":"","_tec_slr_layout":""},"class_list":["post-2707","page","type-page","status-publish","hentry"],"ticketed":false,"_links":{"self":[{"href":"https:\/\/becid.ut.ee\/lv\/wp-json\/wp\/v2\/pages\/2707","targetHints":{"allow":["GET"]}}],"collection":[{"href":"https:\/\/becid.ut.ee\/lv\/wp-json\/wp\/v2\/pages"}],"about":[{"href":"https:\/\/becid.ut.ee\/lv\/wp-json\/wp\/v2\/types\/page"}],"author":[{"embeddable":true,"href":"https:\/\/becid.ut.ee\/lv\/wp-json\/wp\/v2\/users\/1"}],"replies":[{"embeddable":true,"href":"https:\/\/becid.ut.ee\/lv\/wp-json\/wp\/v2\/comments?post=2707"}],"version-history":[{"count":4,"href":"https:\/\/becid.ut.ee\/lv\/wp-json\/wp\/v2\/pages\/2707\/revisions"}],"predecessor-version":[{"id":3618,"href":"https:\/\/becid.ut.ee\/lv\/wp-json\/wp\/v2\/pages\/2707\/revisions\/3618"}],"wp:attachment":[{"href":"https:\/\/becid.ut.ee\/lv\/wp-json\/wp\/v2\/media?parent=2707"}],"curies":[{"name":"wp","href":"https:\/\/api.w.org\/{rel}","templated":true}]}}