{"id":2721,"date":"2025-06-27T11:57:28","date_gmt":"2025-06-27T11:57:28","guid":{"rendered":"https:\/\/becid.ut.ee\/becid-year-2-report-2024\/"},"modified":"2025-07-24T13:47:07","modified_gmt":"2025-07-24T13:47:07","slug":"becid-year-2-report-2024","status":"publish","type":"page","link":"https:\/\/becid.ut.ee\/lv\/becid-year-2-report-2024\/","title":{"rendered":"BECID 2. gada zi\u0146ojums (2024. gads)"},"content":{"rendered":"\n<p>Tartu Universit\u0101tes (UTARTU) koordin\u0113t\u0101 ES finans\u0113t\u0101 projekta ar ID 118471 otr\u0101 da\u013ca.<\/p>\n\n<p>BECID 2. gada zi\u0146ojums ir visaptvero\u0161s p\u0101rskats par Baltijas Iesaist\u012b\u0161an\u0101s centra inform\u0101cijas trauc\u0113jumu apkaro\u0161anai iniciat\u012bv\u0101m un sasniegumiem. Tas aptver da\u017e\u0101das jomas, piem\u0113ram, projekta vad\u012bbu, faktu p\u0101rbaudes pas\u0101kumus Baltijas valst\u012bs, p\u0113tniec\u012bbu un anal\u012bzi, medijprat\u012bbas iniciat\u012bvas un studentu p\u0113tniec\u012bbas aktualit\u0101tes. Da\u017ei galvenie aspekti ietver inovat\u012bvas pieejas digit\u0101lo mediju lietotprasmei, izgl\u012btojo\u0161u programmu un semin\u0101ru izveidi, k\u0101 ar\u012b sadarb\u012bbu ar da\u017e\u0101d\u0101m valstu iest\u0101d\u0113m un organiz\u0101cij\u0101m. Zi\u0146ojums sniedz v\u0113rt\u012bgu ieskatu c\u012b\u0146\u0101 pret inform\u0101cijas trauc\u0113jumiem Igaunij\u0101, Latvij\u0101 un Lietuv\u0101, izce\u013cot noz\u012bm\u012bgu progresu un n\u0101kotnes strat\u0113\u0123ijas.   <\/p>\n\n<div data-wp-interactive=\"core\/file\" class=\"wp-block-file\"><object data-wp-bind--hidden=\"!state.hasPdfPreview\" hidden class=\"wp-block-file__embed\" data=\"https:\/\/becid.ut.ee\/wp-content\/uploads\/2025\/06\/D1.1-BECID-2024-report_EN_01_04.pdf\" type=\"application\/pdf\" style=\"width:100%;height:600px\" aria-label=\"Embed of D1.1-BECID-2024-report_EN_01_04.\"><\/object><a id=\"wp-block-file--media-c54d9685-ddf9-41cb-b63c-0c3e8adbb53d\" href=\"https:\/\/becid.ut.ee\/wp-content\/uploads\/2025\/06\/D1.1-BECID-2024-report_EN_01_04.pdf\">D1.1-BECID-2024-report_EN_01_04<\/a><a href=\"https:\/\/becid.ut.ee\/wp-content\/uploads\/2025\/06\/D1.1-BECID-2024-report_EN_01_04.pdf\" class=\"wp-block-file__button wp-element-button\" download=\"\" aria-describedby=\"wp-block-file--media-c54d9685-ddf9-41cb-b63c-0c3e8adbb53d\">Lejupiel\u0101d\u0113t<\/a><\/div>\n","protected":false},"excerpt":{"rendered":"<p>Tartu Universit\u0101tes (UTARTU) koordin\u0113t\u0101 ES finans\u0113t\u0101 projekta ar ID 118471 otr\u0101 da\u013ca. BECID 2. gada zi\u0146ojums ir visaptvero\u0161s p\u0101rskats par Baltijas Iesaist\u012b\u0161an\u0101s centra inform\u0101cijas trauc\u0113jumu apkaro\u0161anai iniciat\u012bv\u0101m un sasniegumiem. Tas [&hellip;]<\/p>\n","protected":false},"author":1,"featured_media":0,"parent":0,"menu_order":0,"comment_status":"closed","ping_status":"closed","template":"","meta":{"_price":"","_stock":"","_tribe_ticket_header":"","_tribe_default_ticket_provider":"","_tribe_ticket_capacity":"0","_ticket_start_date":"","_ticket_end_date":"","_tribe_ticket_show_description":"","_tribe_ticket_show_not_going":false,"_tribe_ticket_use_global_stock":"","_tribe_ticket_global_stock_level":"","_global_stock_mode":"","_global_stock_cap":"","_tribe_rsvp_for_event":"","_tribe_ticket_going_count":"","_tribe_ticket_not_going_count":"","_tribe_tickets_list":"[]","_tribe_ticket_has_attendee_info_fields":false,"_EventAllDay":false,"_EventTimezone":"","_EventStartDate":"","_EventEndDate":"","_EventStartDateUTC":"","_EventEndDateUTC":"","_EventShowMap":false,"_EventShowMapLink":false,"_EventURL":"","_EventCost":"","_EventCostDescription":"","_EventCurrencySymbol":"","_EventCurrencyCode":"","_EventCurrencyPosition":"","_EventDateTimeSeparator":"","_EventTimeRangeSeparator":"","_EventOrganizerID":[],"_EventVenueID":[],"_OrganizerEmail":"","_OrganizerPhone":"","_OrganizerWebsite":"","_VenueAddress":"","_VenueCity":"","_VenueCountry":"","_VenueProvince":"","_VenueState":"","_VenueZip":"","_VenuePhone":"","_VenueURL":"","_VenueStateProvince":"","_VenueLat":"","_VenueLng":"","_VenueShowMap":false,"_VenueShowMapLink":false,"_themeisle_gutenberg_block_has_review":false,"footnotes":"","_tec_slr_enabled":"","_tec_slr_layout":""},"class_list":["post-2721","page","type-page","status-publish","hentry"],"ticketed":false,"_links":{"self":[{"href":"https:\/\/becid.ut.ee\/lv\/wp-json\/wp\/v2\/pages\/2721","targetHints":{"allow":["GET"]}}],"collection":[{"href":"https:\/\/becid.ut.ee\/lv\/wp-json\/wp\/v2\/pages"}],"about":[{"href":"https:\/\/becid.ut.ee\/lv\/wp-json\/wp\/v2\/types\/page"}],"author":[{"embeddable":true,"href":"https:\/\/becid.ut.ee\/lv\/wp-json\/wp\/v2\/users\/1"}],"replies":[{"embeddable":true,"href":"https:\/\/becid.ut.ee\/lv\/wp-json\/wp\/v2\/comments?post=2721"}],"version-history":[{"count":4,"href":"https:\/\/becid.ut.ee\/lv\/wp-json\/wp\/v2\/pages\/2721\/revisions"}],"predecessor-version":[{"id":3670,"href":"https:\/\/becid.ut.ee\/lv\/wp-json\/wp\/v2\/pages\/2721\/revisions\/3670"}],"wp:attachment":[{"href":"https:\/\/becid.ut.ee\/lv\/wp-json\/wp\/v2\/media?parent=2721"}],"curies":[{"name":"wp","href":"https:\/\/api.w.org\/{rel}","templated":true}]}}