{"id":2753,"date":"2025-06-27T09:57:29","date_gmt":"2025-06-27T09:57:29","guid":{"rendered":"https:\/\/becid.ut.ee\/analytical-reports-on-baltic-disinformation-trends\/"},"modified":"2025-07-24T13:42:10","modified_gmt":"2025-07-24T13:42:10","slug":"analytical-reports-on-baltic-disinformation-trends","status":"publish","type":"page","link":"https:\/\/becid.ut.ee\/lv\/analytical-reports-on-baltic-disinformation-trends\/","title":{"rendered":"Anal\u012btiskie zi\u0146ojumi par Baltijas dezinform\u0101cijas tendenc\u0113m"},"content":{"rendered":"\n<div style=\"height:100px\" aria-hidden=\"true\" class=\"wp-block-spacer\"><\/div>\n\n<figure class=\"wp-block-image alignwide size-large\"><img loading=\"lazy\" decoding=\"async\" width=\"1440\" height=\"809\" src=\"https:\/\/becid.ut.ee\/wp-content\/uploads\/2025\/06\/BECID-Studies-and-results-SVG-17.svg\" alt=\"\" class=\"wp-image-1771\"\/><\/figure>\n\n<p>ES finans\u0113t\u0101 projekta ar ID 118471, ko koordin\u0113 Tartu Universit\u0101te (UTARTU), 2.3. darba rezult\u0101ts.<\/p>\n\n<p><strong>Sanita Jemberga<\/strong> | Re:Baltica<\/p>\n\n<p>\u0160aj\u0101 dokument\u0101 ir apkopoti desmit Baltijas valstu dezinform\u0101cijas ceturk\u0161\u0146a p\u0101rskati, ko BECID projekta ietvaros sagatavoja Re:Baltica, p\u0113c vajadz\u012bbas iesaistot Igaunijas un Lietuvas faktu p\u0101rbaudes partnerus. Tie vai nu apl\u016bkoja re\u0123ion\u0101l\u0101s tendences attiec\u012bgaj\u0101 kvart\u0101l\u0101, vai ar\u012b unik\u0101las par\u0101d\u012bbas, kas sk\u0101ra Baltijas valstis vai pla\u0161\u0101ku Eiropu. \u0160ajos dokumentos ir gan kopsavilkumi, gan pilni p\u0113t\u012bjumu teksti, k\u0101 ar\u012b saites uz ori\u0123in\u0101lajiem materi\u0101liem. Taj\u0101 nav ilustr\u0101ciju un grafiku, kas atrodami sait\u0113s uz ori\u0123in\u0101lajiem materi\u0101liem.<\/p>\n\n<p>S\u0101kotn\u0113ji recenzijas ang\u013cu valod\u0101 tika public\u0113tas Re:Baltica un BECID t\u012bmek\u013ca vietn\u0113. Turpm\u0101kai starptautiskai izplat\u012b\u0161anai tie tika p\u0101rpublic\u0113ti EDMO t\u012bmek\u013ca vietn\u0113. Viet\u0113j\u0101 l\u012bmen\u012b projekta partneri Delfi.EE un Delfi.LT da\u017eus no tiem piel\u0101goja un p\u0101rpublic\u0113ja igau\u0146u un lietuvie\u0161u valod\u0101. Re:Baltica tos tulkoja un public\u0113ja latvie\u0161u valod\u0101 sav\u0101 m\u0101jaslap\u0101 un sabiedriskaj\u0101 raidorganiz\u0101cij\u0101. Tie ir pieejami bez maksas, un ikviena pla\u0161sazi\u0146as l\u012bdzek\u013cu organiz\u0101cija tos var br\u012bvi p\u0101rpublic\u0113t.<\/p>\n\n<p>Lai sasniegtu pla\u0161\u0101ku auditoriju, da\u017ei no tiem v\u0113l\u0101k tika p\u0101rv\u0113rsti desmit podk\u0101stos, kas tika p\u0101rraid\u012bti vai nu Delfi.EE m\u0101jaslap\u0101 igau\u0146u valod\u0101, vai ar\u012b Latvijas sabiedrisk\u0101s raidorganiz\u0101cijas Re:Baltica kan\u0101l\u0101. Re:Baltica sagatavoja raid\u012bjumus latvie\u0161u un krievu valod\u0101, lai sasniegtu vec\u0101ko paaudzi, kas neizmanto internetu k\u0101 galveno inform\u0101cijas avotu.<\/p>\n\n<p>Dokumenta beig\u0101s iek\u013cautaj\u0101 izplat\u012b\u0161anas piez\u012bm\u0113 ir uzskait\u012btas visas attiec\u012bg\u0101s saites, uz kur\u0101m, cik mums zin\u0101ms, tika p\u0101rpublic\u0113ti ceturk\u0161\u0146a izdevumi.<\/p>\n\n<div data-wp-interactive=\"core\/file\" class=\"wp-block-file\"><object data-wp-bind--hidden=\"!state.hasPdfPreview\" hidden class=\"wp-block-file__embed\" data=\"https:\/\/becid.ut.ee\/wp-content\/uploads\/2025\/06\/d2.3.pdf\" type=\"application\/pdf\" style=\"width:100%;height:600px\" aria-label=\"Embed of d2.3.\"><\/object><a id=\"wp-block-file--media-1577149d-364a-40fc-ae17-7c39dc6e39aa\" href=\"https:\/\/becid.ut.ee\/wp-content\/uploads\/2025\/06\/d2.3.pdf\">d2.3<\/a><a href=\"https:\/\/becid.ut.ee\/wp-content\/uploads\/2025\/06\/d2.3.pdf\" class=\"wp-block-file__button wp-element-button\" download=\"\" aria-describedby=\"wp-block-file--media-1577149d-364a-40fc-ae17-7c39dc6e39aa\">Lejupiel\u0101d\u0113t<\/a><\/div>\n","protected":false},"excerpt":{"rendered":"<p>ES finans\u0113t\u0101 projekta ar ID 118471, ko koordin\u0113 Tartu Universit\u0101te (UTARTU), 2.3. darba rezult\u0101ts. Sanita Jemberga | Re:Baltica \u0160aj\u0101 dokument\u0101 ir apkopoti desmit Baltijas valstu dezinform\u0101cijas ceturk\u0161\u0146a p\u0101rskati, ko BECID [&hellip;]<\/p>\n","protected":false},"author":1,"featured_media":0,"parent":0,"menu_order":0,"comment_status":"closed","ping_status":"closed","template":"","meta":{"_price":"","_stock":"","_tribe_ticket_header":"","_tribe_default_ticket_provider":"","_tribe_ticket_capacity":"0","_ticket_start_date":"","_ticket_end_date":"","_tribe_ticket_show_description":"","_tribe_ticket_show_not_going":false,"_tribe_ticket_use_global_stock":"","_tribe_ticket_global_stock_level":"","_global_stock_mode":"","_global_stock_cap":"","_tribe_rsvp_for_event":"","_tribe_ticket_going_count":"","_tribe_ticket_not_going_count":"","_tribe_tickets_list":"[]","_tribe_ticket_has_attendee_info_fields":false,"_EventAllDay":false,"_EventTimezone":"","_EventStartDate":"","_EventEndDate":"","_EventStartDateUTC":"","_EventEndDateUTC":"","_EventShowMap":false,"_EventShowMapLink":false,"_EventURL":"","_EventCost":"","_EventCostDescription":"","_EventCurrencySymbol":"","_EventCurrencyCode":"","_EventCurrencyPosition":"","_EventDateTimeSeparator":"","_EventTimeRangeSeparator":"","_EventOrganizerID":[],"_EventVenueID":[],"_OrganizerEmail":"","_OrganizerPhone":"","_OrganizerWebsite":"","_VenueAddress":"","_VenueCity":"","_VenueCountry":"","_VenueProvince":"","_VenueState":"","_VenueZip":"","_VenuePhone":"","_VenueURL":"","_VenueStateProvince":"","_VenueLat":"","_VenueLng":"","_VenueShowMap":false,"_VenueShowMapLink":false,"_themeisle_gutenberg_block_has_review":false,"footnotes":"","_tec_slr_enabled":"","_tec_slr_layout":""},"class_list":["post-2753","page","type-page","status-publish","hentry"],"ticketed":false,"_links":{"self":[{"href":"https:\/\/becid.ut.ee\/lv\/wp-json\/wp\/v2\/pages\/2753","targetHints":{"allow":["GET"]}}],"collection":[{"href":"https:\/\/becid.ut.ee\/lv\/wp-json\/wp\/v2\/pages"}],"about":[{"href":"https:\/\/becid.ut.ee\/lv\/wp-json\/wp\/v2\/types\/page"}],"author":[{"embeddable":true,"href":"https:\/\/becid.ut.ee\/lv\/wp-json\/wp\/v2\/users\/1"}],"replies":[{"embeddable":true,"href":"https:\/\/becid.ut.ee\/lv\/wp-json\/wp\/v2\/comments?post=2753"}],"version-history":[{"count":4,"href":"https:\/\/becid.ut.ee\/lv\/wp-json\/wp\/v2\/pages\/2753\/revisions"}],"predecessor-version":[{"id":3628,"href":"https:\/\/becid.ut.ee\/lv\/wp-json\/wp\/v2\/pages\/2753\/revisions\/3628"}],"wp:attachment":[{"href":"https:\/\/becid.ut.ee\/lv\/wp-json\/wp\/v2\/media?parent=2753"}],"curies":[{"name":"wp","href":"https:\/\/api.w.org\/{rel}","templated":true}]}}