{"id":2765,"date":"2025-06-27T09:46:09","date_gmt":"2025-06-27T09:46:09","guid":{"rendered":"https:\/\/becid.ut.ee\/is-tiktok-a-gateway-to-politics-in-the-baltics-for-now-only-in-latvia-february-2023\/"},"modified":"2025-07-24T13:59:53","modified_gmt":"2025-07-24T13:59:53","slug":"is-tiktok-a-gateway-to-politics-in-the-baltics-for-now-only-in-latvia-february-2023","status":"publish","type":"page","link":"https:\/\/becid.ut.ee\/lv\/is-tiktok-a-gateway-to-politics-in-the-baltics-for-now-only-in-latvia-february-2023\/","title":{"rendered":"Vai TikTok ir v\u0101rti uz politiku Baltij\u0101? Pagaid\u0101m tikai Latvij\u0101 (2023. gada febru\u0101ris)"},"content":{"rendered":"\n<div style=\"height:100px\" aria-hidden=\"true\" class=\"wp-block-spacer\"><\/div>\n\n<figure class=\"wp-block-image alignwide size-large\"><img loading=\"lazy\" decoding=\"async\" width=\"285\" height=\"192\" src=\"https:\/\/becid.ut.ee\/wp-content\/uploads\/2025\/06\/BECID-BLOGI-PILDID-5.svg\" alt=\"\" class=\"wp-image-1424\"\/><\/figure>\n\n<p><strong>Vai TikTok ir v\u0101rti uz politiku Baltij\u0101? Pagaid\u0101m tikai Latvij\u0101 <\/strong><br\/><em>2023. gada febru\u0101ris<\/em><br\/>Autori: Inga Spri\u0146\u0123e (Re:Baltica), Aist\u0117 Meidut\u0117 (Delfi.lt) un Kaili Malts (Delfi.ee)<br\/>Tartu Universit\u0101tes (UTARTU) koordin\u0113t\u0101 ES finans\u0113t\u0101 projekta ar ID 118471 D2.5 da\u013ca.<\/p>\n\n<p>Lai gan past\u0101v pie\u0146\u0113mums, ka TikTok izmanto tikai jaun\u0101k\u0101 paaudze, Re:Baltica veikt\u0101 anal\u012bze liecina, ka Latvij\u0101 tas ir pietiekami sp\u0113c\u012bgs instruments, lai populisti var\u0113tu iek\u013c\u016bt parlament\u0101.<\/p>\n\n<p>P\u0113c Krem\u013ca telev\u012bzijas kan\u0101lu sl\u0113g\u0161anas TikTok ir k\u013cuvis par augl\u012bgu augsni ar\u012b Krem\u013ca narat\u012bviem. Latvijas Valsts dro\u0161\u012bbas dienests ir uzs\u0101cis septi\u0146us krimin\u0101lprocesus par Maskavas atbalst\u012b\u0161anu TikTok, savuk\u0101rt Lietuva un Igaunija ir pie\u0146\u0113mu\u0161as maig\u0101ku pieeju. <\/p>\n\n<p>K\u0101p\u0113c t\u0101, lasiet Re:Baltica Baltijas dezinform\u0101cijas ceturk\u0161\u0146a p\u0101rskat\u0101 par TikTok izmanto\u0161anu.<\/p>\n\n<p>Lasiet zi\u0146ojumu \u0161eit: <a href=\"https:\/\/becid.eu\/wp-content\/uploads\/2024\/01\/2023_FEBRUARY_Is-TikTok-a-Gateway-to-Politics-in-the-Baltics_-For-Now-Only-in-Latvia-30012024.pdf\"><strong>Vai TikTok ir v\u0101rti uz politiku Baltij\u0101_ pagaid\u0101m tikai Latvij\u0101-30012024<\/strong><\/a><\/p>\n\n<p>Ori\u0123in\u0101ls:<mark style=\"background-color:rgba(0, 0, 0, 0);color:#ffcd05\" class=\"has-inline-color\"> <a href=\"https:\/\/en.rebaltica.lv\/2023\/02\/is-tiktok-a-gateway-to-politics-in-the-baltics-for-now-only-in-latvia\/\"><strong>https:\/\/en.rebaltica.lv\/2023\/02\/is-tiktok-a-gateway-to-politics-in-the-baltics-for-now-only-in-latvia\/<\/strong><\/a><\/mark><\/p>\n","protected":false},"excerpt":{"rendered":"<p>Vai TikTok ir v\u0101rti uz politiku Baltij\u0101? Pagaid\u0101m tikai Latvij\u0101 2023. gada febru\u0101risAutori: Inga Spri\u0146\u0123e (Re:Baltica), Aist\u0117 Meidut\u0117 (Delfi.lt) un Kaili Malts (Delfi.ee)Tartu Universit\u0101tes (UTARTU) koordin\u0113t\u0101 ES finans\u0113t\u0101 projekta ar [&hellip;]<\/p>\n","protected":false},"author":1,"featured_media":0,"parent":0,"menu_order":0,"comment_status":"closed","ping_status":"closed","template":"","meta":{"_price":"","_stock":"","_tribe_ticket_header":"","_tribe_default_ticket_provider":"","_tribe_ticket_capacity":"0","_ticket_start_date":"","_ticket_end_date":"","_tribe_ticket_show_description":"","_tribe_ticket_show_not_going":false,"_tribe_ticket_use_global_stock":"","_tribe_ticket_global_stock_level":"","_global_stock_mode":"","_global_stock_cap":"","_tribe_rsvp_for_event":"","_tribe_ticket_going_count":"","_tribe_ticket_not_going_count":"","_tribe_tickets_list":"[]","_tribe_ticket_has_attendee_info_fields":false,"_EventAllDay":false,"_EventTimezone":"","_EventStartDate":"","_EventEndDate":"","_EventStartDateUTC":"","_EventEndDateUTC":"","_EventShowMap":false,"_EventShowMapLink":false,"_EventURL":"","_EventCost":"","_EventCostDescription":"","_EventCurrencySymbol":"","_EventCurrencyCode":"","_EventCurrencyPosition":"","_EventDateTimeSeparator":"","_EventTimeRangeSeparator":"","_EventOrganizerID":[],"_EventVenueID":[],"_OrganizerEmail":"","_OrganizerPhone":"","_OrganizerWebsite":"","_VenueAddress":"","_VenueCity":"","_VenueCountry":"","_VenueProvince":"","_VenueState":"","_VenueZip":"","_VenuePhone":"","_VenueURL":"","_VenueStateProvince":"","_VenueLat":"","_VenueLng":"","_VenueShowMap":false,"_VenueShowMapLink":false,"_themeisle_gutenberg_block_has_review":false,"footnotes":"","_tec_slr_enabled":"","_tec_slr_layout":""},"class_list":["post-2765","page","type-page","status-publish","hentry"],"ticketed":false,"_links":{"self":[{"href":"https:\/\/becid.ut.ee\/lv\/wp-json\/wp\/v2\/pages\/2765","targetHints":{"allow":["GET"]}}],"collection":[{"href":"https:\/\/becid.ut.ee\/lv\/wp-json\/wp\/v2\/pages"}],"about":[{"href":"https:\/\/becid.ut.ee\/lv\/wp-json\/wp\/v2\/types\/page"}],"author":[{"embeddable":true,"href":"https:\/\/becid.ut.ee\/lv\/wp-json\/wp\/v2\/users\/1"}],"replies":[{"embeddable":true,"href":"https:\/\/becid.ut.ee\/lv\/wp-json\/wp\/v2\/comments?post=2765"}],"version-history":[{"count":4,"href":"https:\/\/becid.ut.ee\/lv\/wp-json\/wp\/v2\/pages\/2765\/revisions"}],"predecessor-version":[{"id":3754,"href":"https:\/\/becid.ut.ee\/lv\/wp-json\/wp\/v2\/pages\/2765\/revisions\/3754"}],"wp:attachment":[{"href":"https:\/\/becid.ut.ee\/lv\/wp-json\/wp\/v2\/media?parent=2765"}],"curies":[{"name":"wp","href":"https:\/\/api.w.org\/{rel}","templated":true}]}}