{"id":3565,"date":"2025-07-15T05:34:55","date_gmt":"2025-07-15T05:34:55","guid":{"rendered":"https:\/\/becid.ut.ee\/our-experts-share-strategies-to-combat-misinformation-online\/"},"modified":"2025-07-24T14:28:20","modified_gmt":"2025-07-24T14:28:20","slug":"our-experts-share-strategies-to-combat-misinformation-online","status":"publish","type":"page","link":"https:\/\/becid.ut.ee\/lv\/our-experts-share-strategies-to-combat-misinformation-online\/","title":{"rendered":"M\u016bsu eksperti dal\u0101s ar strat\u0113\u0123ij\u0101m, k\u0101 c\u012bn\u012bties pret dezinform\u0101ciju tie\u0161saist\u0113"},"content":{"rendered":"\n<div style=\"height:100px\" aria-hidden=\"true\" class=\"wp-block-spacer\"><\/div>\n\n<figure class=\"wp-block-image alignfull size-large\"><img loading=\"lazy\" decoding=\"async\" width=\"450\" height=\"149\" src=\"https:\/\/becid.ut.ee\/wp-content\/uploads\/2025\/07\/Kuj.-Kuj.-Kuj.-Welcome-to-BECID-koopia-koopia-koopia-1-83d568.svg\" alt=\"\" class=\"wp-image-3453\"\/><\/figure>\n\n<h3 class=\"wp-block-heading has-normal-font-size\"><mark style=\"background-color:rgba(0, 0, 0, 0);color:#ffcd05\" class=\"has-inline-color\">M\u016bsu ekspertes Ingere Klesmenta un Maija Klaasena (Maia Klaassen) par inform\u0101cijas p\u0101rslodzes ietekmi Raadio 2.<\/mark><\/h3>\n\n<p>Katru sekundi Google apstr\u0101d\u0101 gandr\u012bz 100 000 mekl\u0113\u0161anas vaic\u0101jumu. Tas ir aptuveni 8,5 miljardi mekl\u0113jumu dien\u0101, kas ir satrieco\u0161s inform\u0101cijas apjoms, kuram piek\u013c\u016bst visu diennakti. BECID eksperti <mark style=\"background-color:rgba(0, 0, 0, 0);color:#ffcd05\" class=\"has-inline-color\"><strong>Inger Klesment<\/strong> <\/mark>un <strong><mark style=\"background-color:rgba(0, 0, 0, 0);color:#ffcd05\" class=\"has-inline-color\">Maija Klaasena (Maia Klaassen)<\/mark><\/strong> pievienoj\u0101s Raadio 2 diskusijai, lai noskaidrotu, ko tas noz\u012bm\u0113 m\u016bsu pr\u0101tam &#8211; un k\u0101p\u0113c mums nopietni j\u0101piev\u0113r\u0161as inform\u0101cijas trauc\u0113jumiem.  <\/p>\n\n<p>Google mekl\u0113t\u0101jprogramma tika palaista 1998. gad\u0101, un tikai nedaudz vair\u0101k nek\u0101 25 gadu laik\u0101 m\u016bsu smadzen\u0113m ir n\u0101cies piel\u0101goties piln\u012bgi jaunai realit\u0101tei &#8211; nep\u0101rtrauktai digit\u0101l\u0101s inform\u0101cijas pl\u016bsmai. Ta\u010du vair\u0101k inform\u0101cijas ne vienm\u0113r noz\u012bm\u0113 liel\u0101ku skaidr\u012bbu. Paties\u012bb\u0101 t\u0101 var rad\u012bt apjukumu &#8211; un pat kait\u0113jumu.  <\/p>\n\n<p><strong>Maija Klaasena (Maia Klaassen)<\/strong>, Tartu Universit\u0101tes jaun\u0101k\u0101 p\u0113tniece medijprat\u012bbas jom\u0101 un viena no jaunizveidot\u0101 <strong>Baltijas Inform\u0101cijas trauc\u0113jumu intervences centra<\/strong> virz\u012bt\u0101jsp\u0113kiem, kop\u0101 ar <strong>Ingeru Klesmentu (Inger Klesment)<\/strong>, kas centr\u0101 piev\u0113r\u0161as medijprat\u012bbas att\u012bst\u012b\u0161anai, izgaismo arvien pieaugo\u0161o izaicin\u0101jumu, kas saist\u012bts ar orient\u0113\u0161anos m\u016bsdienu digit\u0101laj\u0101 vid\u0113.<\/p>\n\n<p>Vi\u0146u saruna bija da\u013ca no \u012bpa\u0161as programmas, kas tika veidota sadarb\u012bb\u0101 ar <strong>Igaunijas Jauno zin\u0101t\u0146u akad\u0113miju<\/strong>.<\/p>\n\n<p>J\u016bs varat noklaus\u012bties visu epizodi igau\u0146u valod\u0101 <strong><a href=\"https:\/\/r2.err.ee\/1609741520\/puust-ja-punaseks-kliki-loe-eksle-elu-infoajastu-laburindis\" data-type=\"link\" data-id=\"https:\/\/r2.err.ee\/1609741520\/puust-ja-punaseks-kliki-loe-eksle-elu-infoajastu-laburindis\"><mark style=\"background-color:rgba(0, 0, 0, 0);color:#ffcd05\" class=\"has-inline-color\">\u0161eit<\/mark><\/a><\/strong>.<\/p>\n\n<p><\/p>\n","protected":false},"excerpt":{"rendered":"<p>M\u016bsu ekspertes Ingere Klesmenta un Maija Klaasena (Maia Klaassen) par inform\u0101cijas p\u0101rslodzes ietekmi Raadio 2. Katru sekundi Google apstr\u0101d\u0101 gandr\u012bz 100 000 mekl\u0113\u0161anas vaic\u0101jumu. Tas ir aptuveni 8,5 miljardi mekl\u0113jumu [&hellip;]<\/p>\n","protected":false},"author":1,"featured_media":0,"parent":0,"menu_order":0,"comment_status":"closed","ping_status":"closed","template":"","meta":{"_price":"","_stock":"","_tribe_ticket_header":"","_tribe_default_ticket_provider":"","_tribe_ticket_capacity":"0","_ticket_start_date":"","_ticket_end_date":"","_tribe_ticket_show_description":"","_tribe_ticket_show_not_going":false,"_tribe_ticket_use_global_stock":"","_tribe_ticket_global_stock_level":"","_global_stock_mode":"","_global_stock_cap":"","_tribe_rsvp_for_event":"","_tribe_ticket_going_count":"","_tribe_ticket_not_going_count":"","_tribe_tickets_list":"[]","_tribe_ticket_has_attendee_info_fields":false,"_EventAllDay":false,"_EventTimezone":"","_EventStartDate":"","_EventEndDate":"","_EventStartDateUTC":"","_EventEndDateUTC":"","_EventShowMap":false,"_EventShowMapLink":false,"_EventURL":"","_EventCost":"","_EventCostDescription":"","_EventCurrencySymbol":"","_EventCurrencyCode":"","_EventCurrencyPosition":"","_EventDateTimeSeparator":"","_EventTimeRangeSeparator":"","_EventOrganizerID":[],"_EventVenueID":[],"_OrganizerEmail":"","_OrganizerPhone":"","_OrganizerWebsite":"","_VenueAddress":"","_VenueCity":"","_VenueCountry":"","_VenueProvince":"","_VenueState":"","_VenueZip":"","_VenuePhone":"","_VenueURL":"","_VenueStateProvince":"","_VenueLat":"","_VenueLng":"","_VenueShowMap":false,"_VenueShowMapLink":false,"_themeisle_gutenberg_block_has_review":false,"footnotes":"","_tec_slr_enabled":"","_tec_slr_layout":""},"class_list":["post-3565","page","type-page","status-publish","hentry"],"ticketed":false,"_links":{"self":[{"href":"https:\/\/becid.ut.ee\/lv\/wp-json\/wp\/v2\/pages\/3565","targetHints":{"allow":["GET"]}}],"collection":[{"href":"https:\/\/becid.ut.ee\/lv\/wp-json\/wp\/v2\/pages"}],"about":[{"href":"https:\/\/becid.ut.ee\/lv\/wp-json\/wp\/v2\/types\/page"}],"author":[{"embeddable":true,"href":"https:\/\/becid.ut.ee\/lv\/wp-json\/wp\/v2\/users\/1"}],"replies":[{"embeddable":true,"href":"https:\/\/becid.ut.ee\/lv\/wp-json\/wp\/v2\/comments?post=3565"}],"version-history":[{"count":2,"href":"https:\/\/becid.ut.ee\/lv\/wp-json\/wp\/v2\/pages\/3565\/revisions"}],"predecessor-version":[{"id":3797,"href":"https:\/\/becid.ut.ee\/lv\/wp-json\/wp\/v2\/pages\/3565\/revisions\/3797"}],"wp:attachment":[{"href":"https:\/\/becid.ut.ee\/lv\/wp-json\/wp\/v2\/media?parent=3565"}],"curies":[{"name":"wp","href":"https:\/\/api.w.org\/{rel}","templated":true}]}}