{"id":4370,"date":"2025-08-11T07:07:45","date_gmt":"2025-08-11T07:07:45","guid":{"rendered":"https:\/\/becid.ut.ee\/becid-piedava-digitalo-pratibu-haridustreff-2025-ar-digipesa-paneli\/"},"modified":"2025-09-18T17:12:15","modified_gmt":"2025-09-18T17:12:15","slug":"becid-piedava-digitalo-pratibu-haridustreff-2025-ar-digipesa-paneli","status":"publish","type":"page","link":"https:\/\/becid.ut.ee\/lv\/becid-piedava-digitalo-pratibu-haridustreff-2025-ar-digipesa-paneli\/","title":{"rendered":"BECID pied\u0101v\u0101 digit\u0101lo prat\u012bbu Haridustreff 2025 ar \u201cDigipesa\u201d paneli"},"content":{"rendered":"\n<div style=\"height:100px\" aria-hidden=\"true\" class=\"wp-block-spacer\"><\/div>\n\n<figure class=\"wp-block-image alignfull size-large\"><img loading=\"lazy\" decoding=\"async\" width=\"450\" height=\"149\" src=\"https:\/\/becid.ut.ee\/wp-content\/uploads\/2025\/08\/Kuj.-Kuj.-Kuj.-Kuj.-Welcome-to-BECID-koopia-koopia-koopia-koopia-1-180683.svg\" alt=\"\" class=\"wp-image-3889\"\/><\/figure>\n\n<p>Baltijas iesaistes centrs c\u012b\u0146ai ar dezinform\u0101ciju (BECID) piedal\u0101s <strong>Haridustreff 2025<\/strong>, p\u0101rvaldot <strong>Digipesa<\/strong> zonu Paides Vallim\u00e4gi un pied\u0101v\u0101jot dinamisku programmu, kas velt\u012bta pedagogu pilnveidei ar digit\u0101l\u0101s prat\u012bbas r\u012bkiem un strat\u0113\u0123ij\u0101m.<\/p>\n\n<p>Digipesa zon\u0101 m\u0113s iedzi\u013cin\u0101simies da\u017e\u0101s no aktu\u0101l\u0101kaj\u0101m un aizraujo\u0161\u0101kaj\u0101m t\u0113m\u0101m m\u016bsdienu digit\u0101laj\u0101 pasaul\u0113: k\u0101 m\u0101c\u012bt jaun\u0101kajiem skol\u0113niem par dro\u0161\u012bbu internet\u0101 jautr\u0101 un ekr\u0101nbr\u012bv\u0101 veid\u0101; k\u0101 neman\u0101mi ieaust medijprat\u012bbu ikdienas m\u0101c\u012bbu priek\u0161metos, s\u0101kot no \u0137\u012bmijas l\u012bdz fiziskajai audzin\u0101\u0161anai, un k\u0101 m\u0101ksl\u012bg\u0101 intelekta r\u012bki, piem\u0113ram, ChatGPT un Copilot, p\u0101rveido izgl\u012bt\u012bbu \u2013 k\u0101 ar\u012b k\u0101das iesp\u0113jas, riskus un \u0113tikas jaut\u0101jumus tie nes. Katra sesija ir veidota t\u0101, lai rosin\u0101tu idejas, atbild\u0113tu uz re\u0101liem klases izaicin\u0101jumiem un sniegtu praktiskas strat\u0113\u0123ijas, kuras var izmantot jau n\u0101kamaj\u0101 dien\u0101. <\/p>\n\n<p class=\"has-medium-font-size\"><strong><mark style=\"background-color:rgba(0, 0, 0, 0);color:#ffcd05\" class=\"has-inline-color\">M\u016bsu programma<\/mark><\/strong><\/p>\n\n<p><mark style=\"background-color:rgba(0, 0, 0, 0);color:#ffcd05\" class=\"has-inline-color\">13:45\u201314:30<\/mark> \u2013 \u201cDigit\u0101l\u0101s dro\u0161\u012bbas m\u0101c\u012b\u0161ana 1.\u20134. klas\u0113m rota\u013c\u012bg\u0101s metod\u0113s\u201d<br\/>Vai mekl\u0113jat jaunus un aizraujo\u0161us veidus, k\u0101 m\u0101c\u012bt jaun\u0101kajiem skol\u0113niem digit\u0101lo dro\u0161\u012bbu piln\u012bgi bez ekr\u0101niem? <\/p>\n\n<p><strong><mark style=\"background-color:rgba(0, 0, 0, 0);color:#ffcd05\" class=\"has-inline-color\">Gretel Juhansoo,<\/mark><\/strong> medijprat\u012bbas speci\u0101liste no Tartu Universit\u0101tes Soci\u0101lo p\u0113t\u012bjumu instit\u016bta, prezent\u0113s asto\u0146as vienk\u0101r\u0161as un rota\u013c\u012bgas metodes, kuras j\u016bs varat nekav\u0113joties izmantot sav\u0101 klas\u0113. J\u016bs ar\u012b sa\u0146emsiet praktiskus sp\u0113\u013cu aprakstus un nepiecie\u0161amos materi\u0101lus, lai ieviestu apg\u016bto jau n\u0101kamaj\u0101 m\u0101c\u012bbu gad\u0101. <\/p>\n\n<p><mark style=\"background-color:rgba(0, 0, 0, 0);color:#ffcd05\" class=\"has-inline-color\">14:45\u201315:30<\/mark> \u2013 \u201cMedijprat\u012bbas integr\u0113\u0161ana m\u0101c\u012bbu priek\u0161metu stund\u0101s 5.\u20139. klas\u0113m\u201d<br\/>K\u0101 medijprat\u012bbu var j\u0113gpilni iek\u013caut m\u0101c\u012bbu priek\u0161metu stund\u0101s t\u0101, lai t\u0101 ne tikai pievienotu v\u0113rt\u012bbu, bet ar\u012b stiprin\u0101tu skol\u0113nu prasmes digit\u0101laj\u0101 laikmet\u0101? <\/p>\n\n<p>Tartu Universit\u0101tes mediju studiju asoci\u0113t\u0101 profesore <strong><mark style=\"background-color:rgba(0, 0, 0, 0);color:#ffcd05\" class=\"has-inline-color\">Marija Murumaa-Mengel<\/mark><\/strong> aicina uz darbn\u012bcu, kur\u0101 j\u016bs izp\u0113t\u012bsiet, k\u0101 medijprat\u012bbu var pielietot \u0137\u012bmijas, igau\u0146u valodas un fizisk\u0101s audzin\u0101\u0161anas stund\u0101s. J\u016bs aiziesiet ar bag\u0101t\u012bgu ideju un pa\u0146\u0113mienu kl\u0101stu, kas gatavi t\u016bl\u012bt\u0113jai praktiskai izmanto\u0161anai. <\/p>\n\n<p><mark style=\"background-color:rgba(0, 0, 0, 0);color:#ffcd05\" class=\"has-inline-color\">14:45\u201315:30<\/mark> \u2013 \u201cM\u0101ksl\u012bgais intelekts \u2013 kas b\u016btu j\u0101zina katram skolot\u0101jam\u201d<br\/>MI ir visur \u2013 bet cik daudz m\u0113s paties\u012bb\u0101 saprotam par to, k\u0101 tas darbojas un ko tas noz\u012bm\u0113 skol\u0101m?<\/p>\n\n<p>Tartu Universit\u0101tes medijprat\u012bbas speci\u0101liste <strong><mark style=\"background-color:rgba(0, 0, 0, 0);color:#ffcd05\" class=\"has-inline-color\">Inger Klesment<\/mark><\/strong> skaidros, kas sl\u0113pjas aiz t\u0101diem r\u012bkiem k\u0101 ChatGPT un Copilot, vienk\u0101r\u0161\u0101 un praktisk\u0101 veid\u0101. Sesij\u0101 tiks apl\u016bkoti ar\u012b riski, juridiskie regul\u0113jumi, b\u0113rnu aizsardz\u012bba, \u0113tikas jaut\u0101jumi, k\u0101 ar\u012b tas, k\u0101 MI maina m\u0101c\u012b\u0161anos un m\u0101c\u012b\u0161anu. <\/p>\n\n<p>Darbn\u012bcas m\u0113r\u0137is ir sniegt god\u012bgu, l\u012bdzsvarotu un p\u0101rdomas rosino\u0161u p\u0101rskatu \u2013 lai skolot\u0101ji justos vair\u0101k k\u0101 p\u0101rliecin\u0101ti virz\u012bt\u0101ji, nevis pas\u012bvi v\u0113rot\u0101ji MI pasaul\u0113.<\/p>\n","protected":false},"excerpt":{"rendered":"<p>Baltijas iesaistes centrs c\u012b\u0146ai ar dezinform\u0101ciju (BECID) piedal\u0101s Haridustreff 2025, p\u0101rvaldot Digipesa zonu Paides Vallim\u00e4gi un pied\u0101v\u0101jot dinamisku programmu, kas velt\u012bta pedagogu pilnveidei ar digit\u0101l\u0101s prat\u012bbas r\u012bkiem un strat\u0113\u0123ij\u0101m. Digipesa [&hellip;]<\/p>\n","protected":false},"author":1,"featured_media":0,"parent":0,"menu_order":0,"comment_status":"closed","ping_status":"closed","template":"","meta":{"_price":"","_stock":"","_tribe_ticket_header":"","_tribe_default_ticket_provider":"","_tribe_ticket_capacity":"0","_ticket_start_date":"","_ticket_end_date":"","_tribe_ticket_show_description":"","_tribe_ticket_show_not_going":false,"_tribe_ticket_use_global_stock":"","_tribe_ticket_global_stock_level":"","_global_stock_mode":"","_global_stock_cap":"","_tribe_rsvp_for_event":"","_tribe_ticket_going_count":"","_tribe_ticket_not_going_count":"","_tribe_tickets_list":"[]","_tribe_ticket_has_attendee_info_fields":false,"_EventAllDay":false,"_EventTimezone":"","_EventStartDate":"","_EventEndDate":"","_EventStartDateUTC":"","_EventEndDateUTC":"","_EventShowMap":false,"_EventShowMapLink":false,"_EventURL":"","_EventCost":"","_EventCostDescription":"","_EventCurrencySymbol":"","_EventCurrencyCode":"","_EventCurrencyPosition":"","_EventDateTimeSeparator":"","_EventTimeRangeSeparator":"","_EventOrganizerID":[],"_EventVenueID":[],"_OrganizerEmail":"","_OrganizerPhone":"","_OrganizerWebsite":"","_VenueAddress":"","_VenueCity":"","_VenueCountry":"","_VenueProvince":"","_VenueState":"","_VenueZip":"","_VenuePhone":"","_VenueURL":"","_VenueStateProvince":"","_VenueLat":"","_VenueLng":"","_VenueShowMap":false,"_VenueShowMapLink":false,"_themeisle_gutenberg_block_has_review":false,"footnotes":"","_tec_slr_enabled":"","_tec_slr_layout":""},"class_list":["post-4370","page","type-page","status-publish","hentry"],"ticketed":false,"_links":{"self":[{"href":"https:\/\/becid.ut.ee\/lv\/wp-json\/wp\/v2\/pages\/4370","targetHints":{"allow":["GET"]}}],"collection":[{"href":"https:\/\/becid.ut.ee\/lv\/wp-json\/wp\/v2\/pages"}],"about":[{"href":"https:\/\/becid.ut.ee\/lv\/wp-json\/wp\/v2\/types\/page"}],"author":[{"embeddable":true,"href":"https:\/\/becid.ut.ee\/lv\/wp-json\/wp\/v2\/users\/1"}],"replies":[{"embeddable":true,"href":"https:\/\/becid.ut.ee\/lv\/wp-json\/wp\/v2\/comments?post=4370"}],"version-history":[{"count":1,"href":"https:\/\/becid.ut.ee\/lv\/wp-json\/wp\/v2\/pages\/4370\/revisions"}],"predecessor-version":[{"id":4371,"href":"https:\/\/becid.ut.ee\/lv\/wp-json\/wp\/v2\/pages\/4370\/revisions\/4371"}],"wp:attachment":[{"href":"https:\/\/becid.ut.ee\/lv\/wp-json\/wp\/v2\/media?parent=4370"}],"curies":[{"name":"wp","href":"https:\/\/api.w.org\/{rel}","templated":true}]}}