{"id":4486,"date":"2025-08-29T13:15:08","date_gmt":"2025-08-29T13:15:08","guid":{"rendered":"https:\/\/becid.ut.ee\/becid2-galvenie-veiktspejas-raditaji\/"},"modified":"2025-09-22T17:27:56","modified_gmt":"2025-09-22T17:27:56","slug":"becid2-galvenie-veiktspejas-raditaji","status":"publish","type":"page","link":"https:\/\/becid.ut.ee\/lv\/becid2-galvenie-veiktspejas-raditaji\/","title":{"rendered":"BECID2 galvenie veiktsp\u0113jas r\u0101d\u012bt\u0101ji"},"content":{"rendered":"\n<div style=\"height:100px\" aria-hidden=\"true\" class=\"wp-block-spacer\"><\/div>\n\n<figure class=\"wp-block-image size-large\"><img loading=\"lazy\" decoding=\"async\" width=\"1024\" height=\"724\" src=\"https:\/\/becid.ut.ee\/wp-content\/uploads\/2025\/08\/KPI-thumbnail-1-1024x724.png\" alt=\"\" class=\"wp-image-4232\" srcset=\"https:\/\/becid.ut.ee\/wp-content\/uploads\/2025\/08\/KPI-thumbnail-1-1024x724.png 1024w, https:\/\/becid.ut.ee\/wp-content\/uploads\/2025\/08\/KPI-thumbnail-1-300x212.png 300w, https:\/\/becid.ut.ee\/wp-content\/uploads\/2025\/08\/KPI-thumbnail-1-768x543.png 768w, https:\/\/becid.ut.ee\/wp-content\/uploads\/2025\/08\/KPI-thumbnail-1-1536x1086.png 1536w, https:\/\/becid.ut.ee\/wp-content\/uploads\/2025\/08\/KPI-thumbnail-1-2048x1448.png 2048w\" sizes=\"auto, (max-width: 1024px) 100vw, 1024px\" \/><\/figure>\n\n<p><mark style=\"background-color:rgba(0, 0, 0, 0);color:#ffffff\" class=\"has-inline-color\">BECID2 ir pabeidzis<\/mark> savus <mark style=\"background-color:rgba(0, 0, 0, 0);color:#ffcd05\" class=\"has-inline-color\"><strong>galvenos veiktsp\u0113jas r\u0101d\u012bt\u0101jus (KPI)<\/strong><\/mark>, nodro\u0161inot skaidru sist\u0113mu, k\u0101 tiks m\u0113r\u012bta komunik\u0101cija, izplat\u012b\u0161ana un ietekme vis\u0101 projekta laik\u0101.<\/p>\n\n<p>KPI nosaka m\u016bsu kop\u012bgos m\u0113r\u0137us attiec\u012bb\u0101 uz sasniedzam\u012bbu un redzam\u012bbu, satura rad\u012b\u0161anu, iesaisti, m\u0113r\u0137grupas ietekmi un iek\u0161\u0113jo koordin\u0101ciju. Ar \u0161o sist\u0113mu nodro\u0161in\u0101tu, konsorcijs tagad var p\u0101rliecino\u0161i p\u0101riet uz projekta n\u0101kamo posmu \u2014 koncentr\u0113joties uz \u012bsteno\u0161anu, uzraudz\u012bbu un rezult\u0101tu demonstr\u0113\u0161anu. <\/p>\n\n<p>KPI dokumenta pabeig\u0161ana iez\u012bm\u0113 svar\u012bgu soli BECID2 projektam, nodro\u0161inot, ka m\u016bsu aktivit\u0101tes ir m\u0113r\u0101mas, saska\u0146otas ar projekta m\u0113r\u0137iem un caurskat\u0101mas partneriem, ieinteres\u0113taj\u0101m pus\u0113m un pla\u0161\u0101kai sabiedr\u012bbai.<\/p>\n\n<p>Dokumentu par m\u016bsu galvenajiem veiktsp\u0113jas r\u0101d\u012bt\u0101jiem varat las\u012bt \u0161eit: <\/p>\n\n<div data-wp-interactive=\"core\/file\" class=\"wp-block-file\"><object data-wp-bind--hidden=\"!state.hasPdfPreview\" hidden class=\"wp-block-file__embed\" data=\"https:\/\/becid.ut.ee\/wp-content\/uploads\/2025\/08\/Kuj.-Quarterly-Brief-for-BECID-2-SUMMER-2025-koopia.pdf\" type=\"application\/pdf\" style=\"width:100%;height:600px\" aria-label=\"Embed of Kuj. Quarterly Brief for BECID 2 SUMMER 2025 koopia.\"><\/object><a id=\"wp-block-file--media-45e0b5a2-fd5a-4a73-bfca-a6738dbad39d\" href=\"https:\/\/becid.ut.ee\/wp-content\/uploads\/2025\/08\/Kuj.-Quarterly-Brief-for-BECID-2-SUMMER-2025-koopia.pdf\">Kuj. Kvart\u0101la p\u0101rskats BECID2 VASARA 2025 kopija <\/a><a href=\"https:\/\/becid.ut.ee\/wp-content\/uploads\/2025\/08\/Kuj.-Quarterly-Brief-for-BECID-2-SUMMER-2025-koopia.pdf\" class=\"wp-block-file__button wp-element-button\" download=\"\" aria-describedby=\"wp-block-file--media-45e0b5a2-fd5a-4a73-bfca-a6738dbad39d\">Lejupiel\u0101d\u0113t<\/a><\/div>\n","protected":false},"excerpt":{"rendered":"<p>BECID2 ir pabeidzis savus galvenos veiktsp\u0113jas r\u0101d\u012bt\u0101jus (KPI), nodro\u0161inot skaidru sist\u0113mu, k\u0101 tiks m\u0113r\u012bta komunik\u0101cija, izplat\u012b\u0161ana un ietekme vis\u0101 projekta laik\u0101. KPI nosaka m\u016bsu kop\u012bgos m\u0113r\u0137us attiec\u012bb\u0101 uz sasniedzam\u012bbu un [&hellip;]<\/p>\n","protected":false},"author":1,"featured_media":0,"parent":0,"menu_order":0,"comment_status":"closed","ping_status":"closed","template":"","meta":{"_price":"","_stock":"","_tribe_ticket_header":"","_tribe_default_ticket_provider":"","_tribe_ticket_capacity":"0","_ticket_start_date":"","_ticket_end_date":"","_tribe_ticket_show_description":"","_tribe_ticket_show_not_going":false,"_tribe_ticket_use_global_stock":"","_tribe_ticket_global_stock_level":"","_global_stock_mode":"","_global_stock_cap":"","_tribe_rsvp_for_event":"","_tribe_ticket_going_count":"","_tribe_ticket_not_going_count":"","_tribe_tickets_list":"[]","_tribe_ticket_has_attendee_info_fields":false,"_EventAllDay":false,"_EventTimezone":"","_EventStartDate":"","_EventEndDate":"","_EventStartDateUTC":"","_EventEndDateUTC":"","_EventShowMap":false,"_EventShowMapLink":false,"_EventURL":"","_EventCost":"","_EventCostDescription":"","_EventCurrencySymbol":"","_EventCurrencyCode":"","_EventCurrencyPosition":"","_EventDateTimeSeparator":"","_EventTimeRangeSeparator":"","_EventOrganizerID":[],"_EventVenueID":[],"_OrganizerEmail":"","_OrganizerPhone":"","_OrganizerWebsite":"","_VenueAddress":"","_VenueCity":"","_VenueCountry":"","_VenueProvince":"","_VenueState":"","_VenueZip":"","_VenuePhone":"","_VenueURL":"","_VenueStateProvince":"","_VenueLat":"","_VenueLng":"","_VenueShowMap":false,"_VenueShowMapLink":false,"_themeisle_gutenberg_block_has_review":false,"footnotes":"","_tec_slr_enabled":"","_tec_slr_layout":""},"class_list":["post-4486","page","type-page","status-publish","hentry"],"ticketed":false,"_links":{"self":[{"href":"https:\/\/becid.ut.ee\/lv\/wp-json\/wp\/v2\/pages\/4486","targetHints":{"allow":["GET"]}}],"collection":[{"href":"https:\/\/becid.ut.ee\/lv\/wp-json\/wp\/v2\/pages"}],"about":[{"href":"https:\/\/becid.ut.ee\/lv\/wp-json\/wp\/v2\/types\/page"}],"author":[{"embeddable":true,"href":"https:\/\/becid.ut.ee\/lv\/wp-json\/wp\/v2\/users\/1"}],"replies":[{"embeddable":true,"href":"https:\/\/becid.ut.ee\/lv\/wp-json\/wp\/v2\/comments?post=4486"}],"version-history":[{"count":1,"href":"https:\/\/becid.ut.ee\/lv\/wp-json\/wp\/v2\/pages\/4486\/revisions"}],"predecessor-version":[{"id":4487,"href":"https:\/\/becid.ut.ee\/lv\/wp-json\/wp\/v2\/pages\/4486\/revisions\/4487"}],"wp:attachment":[{"href":"https:\/\/becid.ut.ee\/lv\/wp-json\/wp\/v2\/media?parent=4486"}],"curies":[{"name":"wp","href":"https:\/\/api.w.org\/{rel}","templated":true}]}}