{"id":4507,"date":"2025-08-18T18:36:47","date_gmt":"2025-08-18T18:36:47","guid":{"rendered":"https:\/\/becid.ut.ee\/digitalo-zinasanu-ieviesana-klase-becid-haridustreff-pasakuma\/"},"modified":"2025-09-22T18:16:00","modified_gmt":"2025-09-22T18:16:00","slug":"digitalo-zinasanu-ieviesana-klase-becid-haridustreff-pasakuma","status":"publish","type":"page","link":"https:\/\/becid.ut.ee\/lv\/digitalo-zinasanu-ieviesana-klase-becid-haridustreff-pasakuma\/","title":{"rendered":"Digit\u0101lo zin\u0101\u0161anu ievie\u0161ana klas\u0113 \u2013 BECID Haridustreff pas\u0101kum\u0101"},"content":{"rendered":"\n<div style=\"height:100px\" aria-hidden=\"true\" class=\"wp-block-spacer\"><\/div>\n\n<figure class=\"wp-block-image alignfull size-large\"><img loading=\"lazy\" decoding=\"async\" width=\"450\" height=\"149\" src=\"https:\/\/becid.ut.ee\/wp-content\/uploads\/2025\/08\/Kuj.-Kuj.-Kuj.-Kuj.-Kuj.-Welcome-to-BECID-koopia-koopia-koopia-koopia-koopia-4deebd.svg\" alt=\"\" class=\"wp-image-4063\"\/><\/figure>\n\n<p>Pag\u0101ju\u0161aj\u0101 ned\u0113\u013c\u0101, 14. august\u0101, m\u016bsu BECID ekspertiem bija iesp\u0113ja piedal\u012bties Haridustreff pas\u0101kum\u0101, lai dal\u012btos idej\u0101s par digit\u0101lo prasmju m\u0101c\u012b\u0161anu skol\u0101s. K\u0101 BECID ekspertiem mums bija liels prieks piedal\u012bties ar trim praktisk\u0101m darbn\u012bc\u0101m, kur\u0101s tika apskat\u012btas digit\u0101l\u0101 dro\u0161\u012bba, mediju prat\u012bba un m\u0101ksl\u012bg\u0101 intelekta loma izgl\u012bt\u012bb\u0101. <\/p>\n\n<p><mark style=\"background-color:rgba(0, 0, 0, 0);color:#ffcd05\" class=\"has-inline-color\">Inger Klesment<\/mark> iepaz\u012bstin\u0101ja ar metod\u0113m, kas pal\u012bdz jaun\u0101kajiem skol\u0113niem izprast digit\u0101lo dro\u0161\u012bbu. Piem\u0113ram, vi\u0146a par\u0101d\u012bja, k\u0101 b\u0113rni var m\u0101c\u012bties izveidot sp\u0113c\u012bgas un dro\u0161as paroles, izmantojot interakt\u012bvas sp\u0113les \u2014 p\u0101rv\u0113r\u0161ot nopietnu t\u0113mu par kaut ko jautru un atmi\u0146\u0101 palieko\u0161u. Visas pieejas bija izstr\u0101d\u0101tas piln\u012bgi <mark style=\"background-color:rgba(0, 0, 0, 0);color:#ffcd05\" class=\"has-inline-color\">bez ekr\u0101niem<\/mark>, padarot t\u0101s viegli integr\u0113jamas ikdienas m\u0101c\u012bbu proces\u0101. Skolot\u0101ji sa\u0146\u0113ma ar\u012b gatavas lieto\u0161anai aktivit\u0101\u0161u aprakstus un materi\u0101lus, ko var tie\u0161i izmantot sav\u0101s stund\u0101s.   <\/p>\n\n<figure class=\"wp-block-image size-large\"><img loading=\"lazy\" decoding=\"async\" width=\"1024\" height=\"683\" src=\"https:\/\/becid.ut.ee\/wp-content\/uploads\/2025\/08\/IMG_0121-1024x683.jpg\" alt=\"\" class=\"wp-image-3998\" srcset=\"https:\/\/becid.ut.ee\/wp-content\/uploads\/2025\/08\/IMG_0121-1024x683.jpg 1024w, https:\/\/becid.ut.ee\/wp-content\/uploads\/2025\/08\/IMG_0121-300x200.jpg 300w, https:\/\/becid.ut.ee\/wp-content\/uploads\/2025\/08\/IMG_0121-768x512.jpg 768w, https:\/\/becid.ut.ee\/wp-content\/uploads\/2025\/08\/IMG_0121-1536x1024.jpg 1536w, https:\/\/becid.ut.ee\/wp-content\/uploads\/2025\/08\/IMG_0121-2048x1365.jpg 2048w, https:\/\/becid.ut.ee\/wp-content\/uploads\/2025\/08\/IMG_0121-1200x800.jpg 1200w\" sizes=\"auto, (max-width: 1024px) 100vw, 1024px\" \/><\/figure>\n\n<figure class=\"wp-block-gallery has-nested-images columns-default is-cropped wp-block-gallery-1 is-layout-flex wp-block-gallery-is-layout-flex\">\n<figure class=\"wp-block-image size-large\"><img loading=\"lazy\" decoding=\"async\" width=\"1024\" height=\"683\" data-id=\"3988\" src=\"https:\/\/becid.ut.ee\/wp-content\/uploads\/2025\/08\/IMG_0124-1024x683.jpg\" alt=\"\" class=\"wp-image-3988\" srcset=\"https:\/\/becid.ut.ee\/wp-content\/uploads\/2025\/08\/IMG_0124-1024x683.jpg 1024w, https:\/\/becid.ut.ee\/wp-content\/uploads\/2025\/08\/IMG_0124-300x200.jpg 300w, https:\/\/becid.ut.ee\/wp-content\/uploads\/2025\/08\/IMG_0124-768x512.jpg 768w, https:\/\/becid.ut.ee\/wp-content\/uploads\/2025\/08\/IMG_0124-1536x1024.jpg 1536w, https:\/\/becid.ut.ee\/wp-content\/uploads\/2025\/08\/IMG_0124-2048x1365.jpg 2048w, https:\/\/becid.ut.ee\/wp-content\/uploads\/2025\/08\/IMG_0124-1200x800.jpg 1200w\" sizes=\"auto, (max-width: 1024px) 100vw, 1024px\" \/><\/figure>\n\n\n\n<figure class=\"wp-block-image size-large\"><img loading=\"lazy\" decoding=\"async\" width=\"1024\" height=\"683\" data-id=\"3993\" src=\"https:\/\/becid.ut.ee\/wp-content\/uploads\/2025\/08\/IMG_0130-1024x683.jpg\" alt=\"\" class=\"wp-image-3993\" srcset=\"https:\/\/becid.ut.ee\/wp-content\/uploads\/2025\/08\/IMG_0130-1024x683.jpg 1024w, https:\/\/becid.ut.ee\/wp-content\/uploads\/2025\/08\/IMG_0130-300x200.jpg 300w, https:\/\/becid.ut.ee\/wp-content\/uploads\/2025\/08\/IMG_0130-768x512.jpg 768w, https:\/\/becid.ut.ee\/wp-content\/uploads\/2025\/08\/IMG_0130-1536x1024.jpg 1536w, https:\/\/becid.ut.ee\/wp-content\/uploads\/2025\/08\/IMG_0130-2048x1365.jpg 2048w, https:\/\/becid.ut.ee\/wp-content\/uploads\/2025\/08\/IMG_0130-1200x800.jpg 1200w\" sizes=\"auto, (max-width: 1024px) 100vw, 1024px\" \/><\/figure>\n<\/figure>\n\n<p>Asoc. profesore <mark style=\"background-color:rgba(0, 0, 0, 0);color:#ffcd05\" class=\"has-inline-color\">Maria Murumaa-Mengel<\/mark> vad\u012bja praktisku sesiju, kur\u0101 dal\u012bbnieki izp\u0113t\u012bja, k\u0101 mediju prat\u012bbu var integr\u0113t priek\u0161metos, piem\u0113ram, \u0137\u012bmij\u0101, igau\u0146u valod\u0101 un pat sport\u0101. Darbn\u012bc\u0101 tika uzsv\u0113rti vienk\u0101r\u0161i veidi, k\u0101 stiprin\u0101t skol\u0113nu kritisk\u0101s prasmes, vienlaikus pievienojot v\u0113rt\u012bbu parastaj\u0101m stund\u0101m. <\/p>\n\n<figure class=\"wp-block-image size-large\"><img loading=\"lazy\" decoding=\"async\" width=\"1024\" height=\"683\" src=\"https:\/\/becid.ut.ee\/wp-content\/uploads\/2025\/08\/IMG_0206-1024x683.jpg\" alt=\"\" class=\"wp-image-4018\" srcset=\"https:\/\/becid.ut.ee\/wp-content\/uploads\/2025\/08\/IMG_0206-1024x683.jpg 1024w, https:\/\/becid.ut.ee\/wp-content\/uploads\/2025\/08\/IMG_0206-300x200.jpg 300w, https:\/\/becid.ut.ee\/wp-content\/uploads\/2025\/08\/IMG_0206-768x512.jpg 768w, https:\/\/becid.ut.ee\/wp-content\/uploads\/2025\/08\/IMG_0206-1536x1024.jpg 1536w, https:\/\/becid.ut.ee\/wp-content\/uploads\/2025\/08\/IMG_0206-2048x1365.jpg 2048w, https:\/\/becid.ut.ee\/wp-content\/uploads\/2025\/08\/IMG_0206-1200x800.jpg 1200w\" sizes=\"auto, (max-width: 1024px) 100vw, 1024px\" \/><\/figure>\n\n<figure class=\"wp-block-gallery has-nested-images columns-default is-cropped wp-block-gallery-2 is-layout-flex wp-block-gallery-is-layout-flex\">\n<figure class=\"wp-block-image size-large\"><img loading=\"lazy\" decoding=\"async\" width=\"1024\" height=\"683\" data-id=\"4013\" src=\"https:\/\/becid.ut.ee\/wp-content\/uploads\/2025\/08\/IMG_0199-1024x683.jpg\" alt=\"\" class=\"wp-image-4013\" srcset=\"https:\/\/becid.ut.ee\/wp-content\/uploads\/2025\/08\/IMG_0199-1024x683.jpg 1024w, https:\/\/becid.ut.ee\/wp-content\/uploads\/2025\/08\/IMG_0199-300x200.jpg 300w, https:\/\/becid.ut.ee\/wp-content\/uploads\/2025\/08\/IMG_0199-768x512.jpg 768w, https:\/\/becid.ut.ee\/wp-content\/uploads\/2025\/08\/IMG_0199-1536x1024.jpg 1536w, https:\/\/becid.ut.ee\/wp-content\/uploads\/2025\/08\/IMG_0199-2048x1365.jpg 2048w, https:\/\/becid.ut.ee\/wp-content\/uploads\/2025\/08\/IMG_0199-1200x800.jpg 1200w\" sizes=\"auto, (max-width: 1024px) 100vw, 1024px\" \/><\/figure>\n\n\n\n<figure class=\"wp-block-image size-large\"><img loading=\"lazy\" decoding=\"async\" width=\"1024\" height=\"683\" data-id=\"4008\" src=\"https:\/\/becid.ut.ee\/wp-content\/uploads\/2025\/08\/IMG_0228-1024x683.jpg\" alt=\"\" class=\"wp-image-4008\" srcset=\"https:\/\/becid.ut.ee\/wp-content\/uploads\/2025\/08\/IMG_0228-1024x683.jpg 1024w, https:\/\/becid.ut.ee\/wp-content\/uploads\/2025\/08\/IMG_0228-300x200.jpg 300w, https:\/\/becid.ut.ee\/wp-content\/uploads\/2025\/08\/IMG_0228-768x512.jpg 768w, https:\/\/becid.ut.ee\/wp-content\/uploads\/2025\/08\/IMG_0228-1536x1024.jpg 1536w, https:\/\/becid.ut.ee\/wp-content\/uploads\/2025\/08\/IMG_0228-2048x1365.jpg 2048w, https:\/\/becid.ut.ee\/wp-content\/uploads\/2025\/08\/IMG_0228-1200x800.jpg 1200w\" sizes=\"auto, (max-width: 1024px) 100vw, 1024px\" \/><\/figure>\n\n\n\n<figure class=\"wp-block-image size-large\"><img loading=\"lazy\" decoding=\"async\" width=\"1024\" height=\"683\" data-id=\"4023\" src=\"https:\/\/becid.ut.ee\/wp-content\/uploads\/2025\/08\/IMG_0238-1024x683.jpg\" alt=\"\" class=\"wp-image-4023\" srcset=\"https:\/\/becid.ut.ee\/wp-content\/uploads\/2025\/08\/IMG_0238-1024x683.jpg 1024w, https:\/\/becid.ut.ee\/wp-content\/uploads\/2025\/08\/IMG_0238-300x200.jpg 300w, https:\/\/becid.ut.ee\/wp-content\/uploads\/2025\/08\/IMG_0238-768x512.jpg 768w, https:\/\/becid.ut.ee\/wp-content\/uploads\/2025\/08\/IMG_0238-1536x1024.jpg 1536w, https:\/\/becid.ut.ee\/wp-content\/uploads\/2025\/08\/IMG_0238-2048x1365.jpg 2048w, https:\/\/becid.ut.ee\/wp-content\/uploads\/2025\/08\/IMG_0238-1200x800.jpg 1200w\" sizes=\"auto, (max-width: 1024px) 100vw, 1024px\" \/><\/figure>\n\n\n\n<figure class=\"wp-block-image size-large\"><img loading=\"lazy\" decoding=\"async\" width=\"1024\" height=\"683\" data-id=\"4003\" src=\"https:\/\/becid.ut.ee\/wp-content\/uploads\/2025\/08\/IMG_0247-1024x683.jpg\" alt=\"\" class=\"wp-image-4003\" srcset=\"https:\/\/becid.ut.ee\/wp-content\/uploads\/2025\/08\/IMG_0247-1024x683.jpg 1024w, https:\/\/becid.ut.ee\/wp-content\/uploads\/2025\/08\/IMG_0247-300x200.jpg 300w, https:\/\/becid.ut.ee\/wp-content\/uploads\/2025\/08\/IMG_0247-768x512.jpg 768w, https:\/\/becid.ut.ee\/wp-content\/uploads\/2025\/08\/IMG_0247-1536x1024.jpg 1536w, https:\/\/becid.ut.ee\/wp-content\/uploads\/2025\/08\/IMG_0247-2048x1365.jpg 2048w, https:\/\/becid.ut.ee\/wp-content\/uploads\/2025\/08\/IMG_0247-1200x800.jpg 1200w\" sizes=\"auto, (max-width: 1024px) 100vw, 1024px\" \/><\/figure>\n<\/figure>\n\n<p>Tre\u0161aj\u0101 darbn\u012bc\u0101 <mark style=\"background-color:rgba(0, 0, 0, 0);color:#ffcd05\" class=\"has-inline-color\">Inger Klesment<\/mark> atkl\u0101ja m\u0101ksl\u012bg\u0101 intelekta pasauli, par\u0101dot, k\u0101 darbojas t\u0101di r\u012bki k\u0101 ChatGPT un Copilot, k\u0101das iesp\u0113jas tie rada skol\u0101m un k\u0101dus riskus un pien\u0101kumus tie nes. Sesija sniedza skolot\u0101jiem l\u012bdzsvarotu p\u0101rskatu par \u0113tiskajiem, juridiskajiem un praktiskajiem m\u0101ksl\u012bg\u0101 intelekta aspektiem izgl\u012bt\u012bb\u0101.  <\/p>\n\n<figure class=\"wp-block-gallery has-nested-images columns-default is-cropped wp-block-gallery-3 is-layout-flex wp-block-gallery-is-layout-flex\">\n<figure class=\"wp-block-image size-large\"><img loading=\"lazy\" decoding=\"async\" width=\"1024\" height=\"683\" data-id=\"4048\" src=\"https:\/\/becid.ut.ee\/wp-content\/uploads\/2025\/08\/IMG_0290-1024x683.jpg\" alt=\"\" class=\"wp-image-4048\" srcset=\"https:\/\/becid.ut.ee\/wp-content\/uploads\/2025\/08\/IMG_0290-1024x683.jpg 1024w, https:\/\/becid.ut.ee\/wp-content\/uploads\/2025\/08\/IMG_0290-300x200.jpg 300w, https:\/\/becid.ut.ee\/wp-content\/uploads\/2025\/08\/IMG_0290-768x512.jpg 768w, https:\/\/becid.ut.ee\/wp-content\/uploads\/2025\/08\/IMG_0290-1536x1024.jpg 1536w, https:\/\/becid.ut.ee\/wp-content\/uploads\/2025\/08\/IMG_0290-2048x1365.jpg 2048w, https:\/\/becid.ut.ee\/wp-content\/uploads\/2025\/08\/IMG_0290-1200x800.jpg 1200w\" sizes=\"auto, (max-width: 1024px) 100vw, 1024px\" \/><\/figure>\n\n\n\n<figure class=\"wp-block-image size-large\"><img loading=\"lazy\" decoding=\"async\" width=\"1024\" height=\"683\" data-id=\"4033\" src=\"https:\/\/becid.ut.ee\/wp-content\/uploads\/2025\/08\/IMG_0294-1024x683.jpg\" alt=\"\" class=\"wp-image-4033\" srcset=\"https:\/\/becid.ut.ee\/wp-content\/uploads\/2025\/08\/IMG_0294-1024x683.jpg 1024w, https:\/\/becid.ut.ee\/wp-content\/uploads\/2025\/08\/IMG_0294-300x200.jpg 300w, https:\/\/becid.ut.ee\/wp-content\/uploads\/2025\/08\/IMG_0294-768x512.jpg 768w, https:\/\/becid.ut.ee\/wp-content\/uploads\/2025\/08\/IMG_0294-1536x1024.jpg 1536w, https:\/\/becid.ut.ee\/wp-content\/uploads\/2025\/08\/IMG_0294-2048x1365.jpg 2048w, https:\/\/becid.ut.ee\/wp-content\/uploads\/2025\/08\/IMG_0294-1200x800.jpg 1200w\" sizes=\"auto, (max-width: 1024px) 100vw, 1024px\" \/><\/figure>\n\n\n\n<figure class=\"wp-block-image size-large\"><img loading=\"lazy\" decoding=\"async\" width=\"1024\" height=\"683\" data-id=\"4043\" src=\"https:\/\/becid.ut.ee\/wp-content\/uploads\/2025\/08\/IMG_0317-1024x683.jpg\" alt=\"\" class=\"wp-image-4043\" srcset=\"https:\/\/becid.ut.ee\/wp-content\/uploads\/2025\/08\/IMG_0317-1024x683.jpg 1024w, https:\/\/becid.ut.ee\/wp-content\/uploads\/2025\/08\/IMG_0317-300x200.jpg 300w, https:\/\/becid.ut.ee\/wp-content\/uploads\/2025\/08\/IMG_0317-768x512.jpg 768w, https:\/\/becid.ut.ee\/wp-content\/uploads\/2025\/08\/IMG_0317-1536x1024.jpg 1536w, https:\/\/becid.ut.ee\/wp-content\/uploads\/2025\/08\/IMG_0317-2048x1365.jpg 2048w, https:\/\/becid.ut.ee\/wp-content\/uploads\/2025\/08\/IMG_0317-1200x800.jpg 1200w\" sizes=\"auto, (max-width: 1024px) 100vw, 1024px\" \/><\/figure>\n\n\n\n<figure class=\"wp-block-image size-large\"><img loading=\"lazy\" decoding=\"async\" width=\"1024\" height=\"683\" data-id=\"4028\" src=\"https:\/\/becid.ut.ee\/wp-content\/uploads\/2025\/08\/IMG_0324-1024x683.jpg\" alt=\"\" class=\"wp-image-4028\" srcset=\"https:\/\/becid.ut.ee\/wp-content\/uploads\/2025\/08\/IMG_0324-1024x683.jpg 1024w, https:\/\/becid.ut.ee\/wp-content\/uploads\/2025\/08\/IMG_0324-300x200.jpg 300w, https:\/\/becid.ut.ee\/wp-content\/uploads\/2025\/08\/IMG_0324-768x512.jpg 768w, https:\/\/becid.ut.ee\/wp-content\/uploads\/2025\/08\/IMG_0324-1536x1024.jpg 1536w, https:\/\/becid.ut.ee\/wp-content\/uploads\/2025\/08\/IMG_0324-2048x1365.jpg 2048w, https:\/\/becid.ut.ee\/wp-content\/uploads\/2025\/08\/IMG_0324-1200x800.jpg 1200w\" sizes=\"auto, (max-width: 1024px) 100vw, 1024px\" \/><\/figure>\n\n\n\n<figure class=\"wp-block-image size-large\"><img loading=\"lazy\" decoding=\"async\" width=\"1024\" height=\"683\" data-id=\"4038\" src=\"https:\/\/becid.ut.ee\/wp-content\/uploads\/2025\/08\/IMG_0339-1024x683.jpg\" alt=\"\" class=\"wp-image-4038\" srcset=\"https:\/\/becid.ut.ee\/wp-content\/uploads\/2025\/08\/IMG_0339-1024x683.jpg 1024w, https:\/\/becid.ut.ee\/wp-content\/uploads\/2025\/08\/IMG_0339-300x200.jpg 300w, https:\/\/becid.ut.ee\/wp-content\/uploads\/2025\/08\/IMG_0339-768x512.jpg 768w, https:\/\/becid.ut.ee\/wp-content\/uploads\/2025\/08\/IMG_0339-1536x1024.jpg 1536w, https:\/\/becid.ut.ee\/wp-content\/uploads\/2025\/08\/IMG_0339-2048x1365.jpg 2048w, https:\/\/becid.ut.ee\/wp-content\/uploads\/2025\/08\/IMG_0339-1200x800.jpg 1200w\" sizes=\"auto, (max-width: 1024px) 100vw, 1024px\" \/><\/figure>\n<\/figure>\n\n<p>BECID dal\u012bba Haridustreff pas\u0101kum\u0101 bija lieliska iesp\u0113ja atbalst\u012bt skolot\u0101jus, nodro\u0161inot praktiskas zin\u0101\u0161anas, gatavus materi\u0101lus un vadl\u012bnijas, lai p\u0101rliecino\u0161i orient\u0113tos digit\u0101laj\u0101 laikmet\u0101 klas\u0113. Ar m\u016bsu darbn\u012bc\u0101m m\u0113s cent\u0101mies apr\u012bkot pedagogus ar metod\u0113m un r\u012bkiem, ko tie\u0161i var izmantot m\u0101c\u012bb\u0101s \u2014 s\u0101kot no digit\u0101l\u0101s dro\u0161\u012bbas un mediju prat\u012bbas veicin\u0101\u0161anas l\u012bdz izpratnei par m\u0101ksl\u012bg\u0101 intelekta lomu m\u0101c\u012bbu proces\u0101.  <\/p>\n\n<p>M\u0113s esam pateic\u012bgi par iesp\u0113ju piedal\u012bties Haridustreff un visiem dal\u012bbniekiem par vi\u0146u iesaisti un p\u0101rdom\u0101taj\u0101m diskusij\u0101m, kas padar\u012bja pieredzi gan iedvesmojo\u0161u, gan v\u0113rt\u012bgu.<\/p>\n\n<figure class=\"wp-block-image size-large\"><img loading=\"lazy\" decoding=\"async\" width=\"1024\" height=\"683\" src=\"https:\/\/becid.ut.ee\/wp-content\/uploads\/2025\/08\/IMG_0376-1024x683.jpg\" alt=\"\" class=\"wp-image-4053\" srcset=\"https:\/\/becid.ut.ee\/wp-content\/uploads\/2025\/08\/IMG_0376-1024x683.jpg 1024w, https:\/\/becid.ut.ee\/wp-content\/uploads\/2025\/08\/IMG_0376-300x200.jpg 300w, https:\/\/becid.ut.ee\/wp-content\/uploads\/2025\/08\/IMG_0376-768x512.jpg 768w, https:\/\/becid.ut.ee\/wp-content\/uploads\/2025\/08\/IMG_0376-1536x1024.jpg 1536w, https:\/\/becid.ut.ee\/wp-content\/uploads\/2025\/08\/IMG_0376-2048x1365.jpg 2048w, https:\/\/becid.ut.ee\/wp-content\/uploads\/2025\/08\/IMG_0376-1200x800.jpg 1200w\" sizes=\"auto, (max-width: 1024px) 100vw, 1024px\" \/><\/figure>\n","protected":false},"excerpt":{"rendered":"<p>Pag\u0101ju\u0161aj\u0101 ned\u0113\u013c\u0101, 14. august\u0101, m\u016bsu BECID ekspertiem bija iesp\u0113ja piedal\u012bties Haridustreff pas\u0101kum\u0101, lai dal\u012btos idej\u0101s par digit\u0101lo prasmju m\u0101c\u012b\u0161anu skol\u0101s. K\u0101 BECID ekspertiem mums bija liels prieks piedal\u012bties ar trim [&hellip;]<\/p>\n","protected":false},"author":1,"featured_media":0,"parent":0,"menu_order":0,"comment_status":"closed","ping_status":"closed","template":"","meta":{"_price":"","_stock":"","_tribe_ticket_header":"","_tribe_default_ticket_provider":"","_tribe_ticket_capacity":"0","_ticket_start_date":"","_ticket_end_date":"","_tribe_ticket_show_description":"","_tribe_ticket_show_not_going":false,"_tribe_ticket_use_global_stock":"","_tribe_ticket_global_stock_level":"","_global_stock_mode":"","_global_stock_cap":"","_tribe_rsvp_for_event":"","_tribe_ticket_going_count":"","_tribe_ticket_not_going_count":"","_tribe_tickets_list":"[]","_tribe_ticket_has_attendee_info_fields":false,"_EventAllDay":false,"_EventTimezone":"","_EventStartDate":"","_EventEndDate":"","_EventStartDateUTC":"","_EventEndDateUTC":"","_EventShowMap":false,"_EventShowMapLink":false,"_EventURL":"","_EventCost":"","_EventCostDescription":"","_EventCurrencySymbol":"","_EventCurrencyCode":"","_EventCurrencyPosition":"","_EventDateTimeSeparator":"","_EventTimeRangeSeparator":"","_EventOrganizerID":[],"_EventVenueID":[],"_OrganizerEmail":"","_OrganizerPhone":"","_OrganizerWebsite":"","_VenueAddress":"","_VenueCity":"","_VenueCountry":"","_VenueProvince":"","_VenueState":"","_VenueZip":"","_VenuePhone":"","_VenueURL":"","_VenueStateProvince":"","_VenueLat":"","_VenueLng":"","_VenueShowMap":false,"_VenueShowMapLink":false,"_themeisle_gutenberg_block_has_review":false,"footnotes":"","_tec_slr_enabled":"","_tec_slr_layout":""},"class_list":["post-4507","page","type-page","status-publish","hentry"],"ticketed":false,"_links":{"self":[{"href":"https:\/\/becid.ut.ee\/lv\/wp-json\/wp\/v2\/pages\/4507","targetHints":{"allow":["GET"]}}],"collection":[{"href":"https:\/\/becid.ut.ee\/lv\/wp-json\/wp\/v2\/pages"}],"about":[{"href":"https:\/\/becid.ut.ee\/lv\/wp-json\/wp\/v2\/types\/page"}],"author":[{"embeddable":true,"href":"https:\/\/becid.ut.ee\/lv\/wp-json\/wp\/v2\/users\/1"}],"replies":[{"embeddable":true,"href":"https:\/\/becid.ut.ee\/lv\/wp-json\/wp\/v2\/comments?post=4507"}],"version-history":[{"count":2,"href":"https:\/\/becid.ut.ee\/lv\/wp-json\/wp\/v2\/pages\/4507\/revisions"}],"predecessor-version":[{"id":4509,"href":"https:\/\/becid.ut.ee\/lv\/wp-json\/wp\/v2\/pages\/4507\/revisions\/4509"}],"wp:attachment":[{"href":"https:\/\/becid.ut.ee\/lv\/wp-json\/wp\/v2\/media?parent=4507"}],"curies":[{"name":"wp","href":"https:\/\/api.w.org\/{rel}","templated":true}]}}