{"id":4652,"date":"2025-09-30T13:20:30","date_gmt":"2025-09-30T13:20:30","guid":{"rendered":"https:\/\/becid.ut.ee\/propawheel-terbatas-universitates-biblioteka\/"},"modified":"2025-10-05T19:39:36","modified_gmt":"2025-10-05T19:39:36","slug":"propawheel-terbatas-universitates-biblioteka","status":"publish","type":"page","link":"https:\/\/becid.ut.ee\/lv\/propawheel-terbatas-universitates-biblioteka\/","title":{"rendered":"Propawheel T\u0113rbatas Universit\u0101tes bibliot\u0113k\u0101"},"content":{"rendered":"\n<div style=\"height:100px\" aria-hidden=\"true\" class=\"wp-block-spacer\"><\/div>\n\n<figure class=\"wp-block-image aligncenter size-large is-resized\"><img loading=\"lazy\" decoding=\"async\" width=\"1024\" height=\"724\" src=\"https:\/\/becid.ut.ee\/wp-content\/uploads\/2025\/09\/Kuj.-Kuj.-Kuj.-Kuj.-Kuj.-Kuj.-EVENTS-canv-koopia-koopia-koopia-koopia-koopia-koopia-1024x724.png\" alt=\"\" class=\"wp-image-4575\" style=\"width:669px;height:auto\" srcset=\"https:\/\/becid.ut.ee\/wp-content\/uploads\/2025\/09\/Kuj.-Kuj.-Kuj.-Kuj.-Kuj.-Kuj.-EVENTS-canv-koopia-koopia-koopia-koopia-koopia-koopia-1024x724.png 1024w, https:\/\/becid.ut.ee\/wp-content\/uploads\/2025\/09\/Kuj.-Kuj.-Kuj.-Kuj.-Kuj.-Kuj.-EVENTS-canv-koopia-koopia-koopia-koopia-koopia-koopia-300x212.png 300w, https:\/\/becid.ut.ee\/wp-content\/uploads\/2025\/09\/Kuj.-Kuj.-Kuj.-Kuj.-Kuj.-Kuj.-EVENTS-canv-koopia-koopia-koopia-koopia-koopia-koopia-768x543.png 768w, https:\/\/becid.ut.ee\/wp-content\/uploads\/2025\/09\/Kuj.-Kuj.-Kuj.-Kuj.-Kuj.-Kuj.-EVENTS-canv-koopia-koopia-koopia-koopia-koopia-koopia-1536x1086.png 1536w, https:\/\/becid.ut.ee\/wp-content\/uploads\/2025\/09\/Kuj.-Kuj.-Kuj.-Kuj.-Kuj.-Kuj.-EVENTS-canv-koopia-koopia-koopia-koopia-koopia-koopia-2048x1448.png 2048w\" sizes=\"auto, (max-width: 1024px) 100vw, 1024px\" \/><\/figure>\n\n<p><strong><mark style=\"background-color:rgba(0, 0, 0, 0);color:#ffcd05\" class=\"has-inline-color\">S\u0101kot no 30. septembra, T\u0113rbatas Universit\u0101tes bibliot\u0113k\u0101 ir pieejama BECID izveidot\u0101 grie\u017eam\u0101 rata instal\u0101cija, kas pal\u012bdz\u0113s atpaz\u012bt politisk\u0101s manipul\u0101cijas pa\u0146\u0113mienus v\u0113l\u0113\u0161anu laik\u0101.<\/mark><\/strong><\/p>\n\n<p>Pirmsv\u0113l\u0113\u0161anu kampa\u0146\u0101s m\u0113s gandr\u012bz ikdien\u0101 saskaramies ar v\u0113st\u012bjumiem, kuru m\u0113r\u0137is nav god\u012bga diskusija par m\u016bsu kop\u012bgo n\u0101kotni, bet gan ietekm\u0113\u0161ana caur emocij\u0101m, bail\u0113m vai stereotipiem.<\/p>\n\n<p><strong>Griez Propawheel ratu un ieg\u016bsti skaidru dom\u0101\u0161anu!<\/strong><\/p>\n\n<h2 class=\"wp-block-heading\">K\u0101 piedal\u012bties?<\/h2>\n\n<ol class=\"wp-block-list\">\n<li>Griez ratu un izloz\u0113 manipul\u0101cijas pa\u0146\u0113mienu.<\/li>\n\n\n\n<li>P\u0101rdom\u0101, kur esi paman\u012bjis \u0161o pa\u0146\u0113mienu pa\u0161reiz\u0113j\u0101 v\u0113l\u0113\u0161anu kampa\u0146\u0101.<\/li>\n\n\n\n<li>Ja v\u0113lies:\n<ul class=\"wp-block-list\">\n<li>Nomin\u0113 visvilt\u012bg\u0101ko politi\u0137i \u2013 uzraksti t\u0101 politi\u0137a v\u0101rdu, kur\u0161, tavupr\u0101t, visbie\u017e\u0101k izmanto \u0161\u012bs manipul\u0101cijas metodes, un apraksti, k\u0101das tehnikas esi paman\u012bjis.<\/li>\n\n\n\n<li>Vai pal\u012bdziet citiem m\u0101c\u012bties \u2013 public\u0113jiet savu z\u012bm\u0113to tehniku soci\u0101lajos t\u012bklos un pievienojiet piem\u0113ru, k\u0101 t\u0101 par\u0101d\u0101s pa\u0161reiz\u0113j\u0101s viet\u0113j\u0101s v\u0113l\u0113\u0161anu kampa\u0146\u0101s.<br\/>Izmantojiet t\u0113mturus: <mark style=\"background-color:rgba(0, 0, 0, 0);color:#ffcd05\" class=\"has-inline-color\"><strong>#manipolaator <\/strong><\/mark>(akron\u012bms no manipulator, polarizing un politician) <strong>#valimised2025<\/strong><\/li>\n<\/ul>\n<\/li>\n<\/ol>\n\n<p>P\u0113c pa\u0161vald\u012bbu v\u0113l\u0113\u0161an\u0101m BECID public\u0113s apkopojumu par ieg\u016btaj\u0101m atzi\u0146\u0101m vietn\u0113<br\/><mark style=\"background-color:rgba(0, 0, 0, 0);color:#ffcd05\" class=\"has-inline-color\"><a href=\"https:\/\/becid.ut.ee\/lv\/\">becid.ut.ee<\/a><\/mark>.<\/p>\n\n<h2 class=\"wp-block-heading\">Uzdr\u012bksties un pam\u0113\u0123ini pats!<\/h2>\n\n<p>Ritenis b\u016bs pieejams Tartu Universit\u0101tes bibliot\u0113kas vestibil\u0101 no 30. septembra. N\u0101c griez, m\u0101cies atpaz\u012bt manipul\u0101cijas tehnikas un att\u012bsti kritisko dom\u0101\u0161anu! <\/p>\n","protected":false},"excerpt":{"rendered":"<p>S\u0101kot no 30. septembra, T\u0113rbatas Universit\u0101tes bibliot\u0113k\u0101 ir pieejama BECID izveidot\u0101 grie\u017eam\u0101 rata instal\u0101cija, kas pal\u012bdz\u0113s atpaz\u012bt politisk\u0101s manipul\u0101cijas pa\u0146\u0113mienus v\u0113l\u0113\u0161anu laik\u0101. Pirmsv\u0113l\u0113\u0161anu kampa\u0146\u0101s m\u0113s gandr\u012bz ikdien\u0101 saskaramies ar v\u0113st\u012bjumiem, [&hellip;]<\/p>\n","protected":false},"author":1,"featured_media":0,"parent":0,"menu_order":0,"comment_status":"closed","ping_status":"closed","template":"","meta":{"_price":"","_stock":"","_tribe_ticket_header":"","_tribe_default_ticket_provider":"","_tribe_ticket_capacity":"0","_ticket_start_date":"","_ticket_end_date":"","_tribe_ticket_show_description":"","_tribe_ticket_show_not_going":false,"_tribe_ticket_use_global_stock":"","_tribe_ticket_global_stock_level":"","_global_stock_mode":"","_global_stock_cap":"","_tribe_rsvp_for_event":"","_tribe_ticket_going_count":"","_tribe_ticket_not_going_count":"","_tribe_tickets_list":"[]","_tribe_ticket_has_attendee_info_fields":false,"_EventAllDay":false,"_EventTimezone":"","_EventStartDate":"","_EventEndDate":"","_EventStartDateUTC":"","_EventEndDateUTC":"","_EventShowMap":false,"_EventShowMapLink":false,"_EventURL":"","_EventCost":"","_EventCostDescription":"","_EventCurrencySymbol":"","_EventCurrencyCode":"","_EventCurrencyPosition":"","_EventDateTimeSeparator":"","_EventTimeRangeSeparator":"","_EventOrganizerID":[],"_EventVenueID":[],"_OrganizerEmail":"","_OrganizerPhone":"","_OrganizerWebsite":"","_VenueAddress":"","_VenueCity":"","_VenueCountry":"","_VenueProvince":"","_VenueState":"","_VenueZip":"","_VenuePhone":"","_VenueURL":"","_VenueStateProvince":"","_VenueLat":"","_VenueLng":"","_VenueShowMap":false,"_VenueShowMapLink":false,"_themeisle_gutenberg_block_has_review":false,"footnotes":"","_tec_slr_enabled":"","_tec_slr_layout":""},"class_list":["post-4652","page","type-page","status-publish","hentry"],"ticketed":false,"_links":{"self":[{"href":"https:\/\/becid.ut.ee\/lv\/wp-json\/wp\/v2\/pages\/4652","targetHints":{"allow":["GET"]}}],"collection":[{"href":"https:\/\/becid.ut.ee\/lv\/wp-json\/wp\/v2\/pages"}],"about":[{"href":"https:\/\/becid.ut.ee\/lv\/wp-json\/wp\/v2\/types\/page"}],"author":[{"embeddable":true,"href":"https:\/\/becid.ut.ee\/lv\/wp-json\/wp\/v2\/users\/1"}],"replies":[{"embeddable":true,"href":"https:\/\/becid.ut.ee\/lv\/wp-json\/wp\/v2\/comments?post=4652"}],"version-history":[{"count":1,"href":"https:\/\/becid.ut.ee\/lv\/wp-json\/wp\/v2\/pages\/4652\/revisions"}],"predecessor-version":[{"id":4653,"href":"https:\/\/becid.ut.ee\/lv\/wp-json\/wp\/v2\/pages\/4652\/revisions\/4653"}],"wp:attachment":[{"href":"https:\/\/becid.ut.ee\/lv\/wp-json\/wp\/v2\/media?parent=4652"}],"curies":[{"name":"wp","href":"https:\/\/api.w.org\/{rel}","templated":true}]}}