{"id":4754,"date":"2025-10-08T12:31:42","date_gmt":"2025-10-08T12:31:42","guid":{"rendered":"https:\/\/becid.ut.ee\/becid-vebinari-igaunijas-atminas-instituciju-darbiniekiem\/"},"modified":"2025-10-10T06:03:36","modified_gmt":"2025-10-10T06:03:36","slug":"becid-vebinari-igaunijas-atminas-instituciju-darbiniekiem","status":"publish","type":"page","link":"https:\/\/becid.ut.ee\/lv\/becid-vebinari-igaunijas-atminas-instituciju-darbiniekiem\/","title":{"rendered":"BECID vebin\u0101ri Igaunijas atmi\u0146as instit\u016bciju darbiniekiem"},"content":{"rendered":"\n<div style=\"height:100px\" aria-hidden=\"true\" class=\"wp-block-spacer\"><\/div>\n\n<figure class=\"wp-block-image aligncenter size-full\"><img loading=\"lazy\" decoding=\"async\" width=\"2560\" height=\"640\" src=\"https:\/\/becid.ut.ee\/wp-content\/uploads\/2025\/10\/Liitu-BECIDi-veebiseminaridega-Google-Form-3-scaled.png\" alt=\"\" class=\"wp-image-4679\" srcset=\"https:\/\/becid.ut.ee\/wp-content\/uploads\/2025\/10\/Liitu-BECIDi-veebiseminaridega-Google-Form-3-scaled.png 2560w, https:\/\/becid.ut.ee\/wp-content\/uploads\/2025\/10\/Liitu-BECIDi-veebiseminaridega-Google-Form-3-300x75.png 300w, https:\/\/becid.ut.ee\/wp-content\/uploads\/2025\/10\/Liitu-BECIDi-veebiseminaridega-Google-Form-3-1024x256.png 1024w, https:\/\/becid.ut.ee\/wp-content\/uploads\/2025\/10\/Liitu-BECIDi-veebiseminaridega-Google-Form-3-768x192.png 768w, https:\/\/becid.ut.ee\/wp-content\/uploads\/2025\/10\/Liitu-BECIDi-veebiseminaridega-Google-Form-3-1536x384.png 1536w, https:\/\/becid.ut.ee\/wp-content\/uploads\/2025\/10\/Liitu-BECIDi-veebiseminaridega-Google-Form-3-2048x512.png 2048w\" sizes=\"auto, (max-width: 2560px) 100vw, 2560px\" \/><\/figure>\n\n<p>BECID ir uzs\u0101cis jaunu <mark style=\"background-color:rgba(0, 0, 0, 0);color:#ffcd05\" class=\"has-inline-color\">Baltijas m\u0113roga vebin\u0101ru s\u0113riju<\/mark>, kas paredz\u0113ta atmi\u0146as instit\u016bciju darbiniekiem \u2013 galerij\u0101m, bibliot\u0113k\u0101m, arh\u012bviem un muzejiem (<em>GLAM<\/em> sektoram). <\/p>\n\n<p>Vebin\u0101ri notiek ik p\u0113c diviem m\u0113ne\u0161iem un pied\u0101v\u0101 platformu prakti\u0137iem un p\u0113tniekiem dal\u012bties pieredz\u0113, m\u0101c\u012bties vienam no otra un diskut\u0113t par medijprat\u012bbas, inform\u0101cijas higi\u0113nas un dezinform\u0101cijas jaut\u0101jumiem.<\/p>\n\n<p>S\u0113rijas m\u0113r\u0137is ir apvienot <mark style=\"background-color:rgba(0, 0, 0, 0);color:#ffcd05\" class=\"has-inline-color\">Baltijas valstu atmi\u0146as instit\u016bcijas<\/mark> un pied\u0101v\u0101t t\u0101m t\u012bklu, kur\u0101 apspriest medijprat\u012bbas veicin\u0101\u0161anas aktivit\u0101tes, m\u0101c\u012bbu materi\u0101lus un sadarb\u012bbas formas. T\u0101pat \u0161\u012b iniciat\u012bva pal\u012bdz stiprin\u0101t saikni starp p\u0113tniekiem, skolot\u0101jiem un kult\u016bras darbiniekiem. <\/p>\n\n<p>Katrs vebin\u0101rs ir velt\u012bts konkr\u0113tai t\u0113mai vai valstij, izce\u013cot lab\u0101s prakses piem\u0113rus un viet\u0113jo pieredzi. Dal\u012bbnieku vid\u016b ir gan GLAM sektora profesion\u0101\u013ci, gan medijprat\u012bbas eksperti no Igaunijas, Latvijas un Lietuvas. <\/p>\n\n<p><mark style=\"background-color:rgba(0, 0, 0, 0);color:#ffcd05\" class=\"has-inline-color\">2025. gada 24. novembr\u012b plkst. 15:00\u201316:00 <\/mark>\u2013 Ievadvebin\u0101rs, kur\u0101 tiks sniegts p\u0101rskats par BECID vebin\u0101ru s\u0113rijas m\u0113r\u0137iem un koncepciju. \u0160aj\u0101 tik\u0161an\u0101s reiz\u0113 tiks iepaz\u012bstin\u0101ts ar galvenaj\u0101m t\u0113m\u0101m un Tartu Universit\u0101tes studentu p\u0113t\u012bjumiem. <\/p>\n\n<p>Ievadvebin\u0101r\u0101 \u012bsi tiks apskat\u012bti pirmie nov\u0113rojumi par to, k\u0101 atmi\u0146as instit\u016bcijas att\u012bsta medijprat\u012bbu, k\u0101das ir galven\u0101s t\u0113mas un izaicin\u0101jumi un k\u0101 \u0161ie jaut\u0101jumi tiks padzi\u013cin\u0101ti apl\u016bkoti decembra turpin\u0101juma semin\u0101r\u0101.<\/p>\n\n<p><mark style=\"background-color:rgba(0, 0, 0, 0);color:#ffcd05\" class=\"has-inline-color\">2025. gada 8. decembr\u012b plkst. 14:15\u201316:00<\/mark> \u2013 Pirmais ofici\u0101lais vebin\u0101rs. Zoom saite tiks nos\u016bt\u012bta visiem re\u0123istr\u0113tajiem dal\u012bbniekiem.<\/p>\n\n<p>Tartu Universit\u0101tes studenti dal\u012bsies ar atzi\u0146\u0101m no intervij\u0101m, kuras vi\u0146i veica ar atmi\u0146as instit\u016bciju darbiniekiem vis\u0101 Igaunij\u0101. Vi\u0146u p\u0113t\u012bjumi izgaismo, k\u0101das aktivit\u0101tes jau tiek \u012bstenotas medijprat\u012bbas veicin\u0101\u0161anai, k\u0101das ir galven\u0101s m\u0113r\u0137grupas, k\u0101di resursi tiek izmantoti un kas v\u0113l ir nepiecie\u0161ams. <\/p>\n\n<p>T\u0101pat tiks prezent\u0113tas Igaunijas atmi\u0146as instit\u016bciju (GLAM) pieejas un uzs\u0101kta jauna sadarb\u012bbas t\u012bkla veido\u0161ana starp Baltijas valst\u012bm, lai stiprin\u0101tu zin\u0101\u0161anu apmai\u0146u un kop\u012bgas iniciat\u012bvas medijprat\u012bbas att\u012bst\u012bb\u0101.<\/p>\n\n<p>Dal\u012bba ir bez <mark style=\"background-color:rgba(0, 0, 0, 0);color:#ffcd05\" class=\"has-inline-color\">maksas un atv\u0113rta visiem Igaunijas atmi\u0146as instit\u016bciju darbiniekiem<\/mark>.<\/p>\n\n<p class=\"has-text-align-center has-raft-accent-background-color has-background has-medium-font-size\"><strong><a href=\"https:\/\/docs.google.com\/forms\/d\/e\/1FAIpQLSeD3CM0RGKQmHyg2JPtArmWBjWlNYpNKlbKEFw2nazBwA-t-w\/viewform?usp=header\" data-type=\"link\" data-id=\"https:\/\/docs.google.com\/forms\/d\/e\/1FAIpQLSdjUNK5BVjfOl7h_9tcUplTXocAEjIMTf2XAdweCMekKLiPgw\/viewform?usp=dialog\">Re\u0123istr\u0113jies vebin\u0101ram 24. novembr\u012b \u0161eit. <\/a><\/strong><\/p>\n\n<p class=\"has-text-align-center has-raft-accent-background-color has-background has-medium-font-size\"><strong><a href=\"https:\/\/docs.google.com\/forms\/d\/e\/1FAIpQLSdjUNK5BVjfOl7h_9tcUplTXocAEjIMTf2XAdweCMekKLiPgw\/viewform?usp=dialog\" data-type=\"link\" data-id=\"https:\/\/docs.google.com\/forms\/d\/e\/1FAIpQLSdjUNK5BVjfOl7h_9tcUplTXocAEjIMTf2XAdweCMekKLiPgw\/viewform?usp=dialog\">Re\u0123istr\u0113jies vebin\u0101ram 8. decembr\u012b \u0161eit. <\/a><\/strong><\/p>\n\n<p class=\"has-text-align-left\">M\u0113s ar nepaciet\u012bbu gaid\u0101m j\u016bsu dal\u012bbu!<\/p>\n","protected":false},"excerpt":{"rendered":"<p>BECID ir uzs\u0101cis jaunu Baltijas m\u0113roga vebin\u0101ru s\u0113riju, kas paredz\u0113ta atmi\u0146as instit\u016bciju darbiniekiem \u2013 galerij\u0101m, bibliot\u0113k\u0101m, arh\u012bviem un muzejiem (GLAM sektoram). Vebin\u0101ri notiek ik p\u0113c diviem m\u0113ne\u0161iem un pied\u0101v\u0101 platformu [&hellip;]<\/p>\n","protected":false},"author":1,"featured_media":0,"parent":0,"menu_order":0,"comment_status":"closed","ping_status":"closed","template":"","meta":{"_price":"","_stock":"","_tribe_ticket_header":"","_tribe_default_ticket_provider":"","_tribe_ticket_capacity":"0","_ticket_start_date":"","_ticket_end_date":"","_tribe_ticket_show_description":"","_tribe_ticket_show_not_going":false,"_tribe_ticket_use_global_stock":"","_tribe_ticket_global_stock_level":"","_global_stock_mode":"","_global_stock_cap":"","_tribe_rsvp_for_event":"","_tribe_ticket_going_count":"","_tribe_ticket_not_going_count":"","_tribe_tickets_list":"[]","_tribe_ticket_has_attendee_info_fields":false,"_EventAllDay":false,"_EventTimezone":"","_EventStartDate":"","_EventEndDate":"","_EventStartDateUTC":"","_EventEndDateUTC":"","_EventShowMap":false,"_EventShowMapLink":false,"_EventURL":"","_EventCost":"","_EventCostDescription":"","_EventCurrencySymbol":"","_EventCurrencyCode":"","_EventCurrencyPosition":"","_EventDateTimeSeparator":"","_EventTimeRangeSeparator":"","_EventOrganizerID":[],"_EventVenueID":[],"_OrganizerEmail":"","_OrganizerPhone":"","_OrganizerWebsite":"","_VenueAddress":"","_VenueCity":"","_VenueCountry":"","_VenueProvince":"","_VenueState":"","_VenueZip":"","_VenuePhone":"","_VenueURL":"","_VenueStateProvince":"","_VenueLat":"","_VenueLng":"","_VenueShowMap":false,"_VenueShowMapLink":false,"_themeisle_gutenberg_block_has_review":false,"footnotes":"","_tec_slr_enabled":"","_tec_slr_layout":""},"class_list":["post-4754","page","type-page","status-publish","hentry"],"ticketed":false,"_links":{"self":[{"href":"https:\/\/becid.ut.ee\/lv\/wp-json\/wp\/v2\/pages\/4754","targetHints":{"allow":["GET"]}}],"collection":[{"href":"https:\/\/becid.ut.ee\/lv\/wp-json\/wp\/v2\/pages"}],"about":[{"href":"https:\/\/becid.ut.ee\/lv\/wp-json\/wp\/v2\/types\/page"}],"author":[{"embeddable":true,"href":"https:\/\/becid.ut.ee\/lv\/wp-json\/wp\/v2\/users\/1"}],"replies":[{"embeddable":true,"href":"https:\/\/becid.ut.ee\/lv\/wp-json\/wp\/v2\/comments?post=4754"}],"version-history":[{"count":1,"href":"https:\/\/becid.ut.ee\/lv\/wp-json\/wp\/v2\/pages\/4754\/revisions"}],"predecessor-version":[{"id":4755,"href":"https:\/\/becid.ut.ee\/lv\/wp-json\/wp\/v2\/pages\/4754\/revisions\/4755"}],"wp:attachment":[{"href":"https:\/\/becid.ut.ee\/lv\/wp-json\/wp\/v2\/media?parent=4754"}],"curies":[{"name":"wp","href":"https:\/\/api.w.org\/{rel}","templated":true}]}}