{"id":4793,"date":"2025-10-13T09:29:32","date_gmt":"2025-10-13T09:29:32","guid":{"rendered":"https:\/\/becid.ut.ee\/kapec-cilveki-vilcinas-vakcineties\/"},"modified":"2025-10-13T11:44:20","modified_gmt":"2025-10-13T11:44:20","slug":"kapec-cilveki-vilcinas-vakcineties","status":"publish","type":"page","link":"https:\/\/becid.ut.ee\/lv\/kapec-cilveki-vilcinas-vakcineties\/","title":{"rendered":"K\u0101p\u0113c cilv\u0113ki vilcin\u0101s vakcin\u0113ties?"},"content":{"rendered":"\n<div style=\"height:100px\" aria-hidden=\"true\" class=\"wp-block-spacer\"><\/div>\n\n<figure class=\"wp-block-image size-large\"><img loading=\"lazy\" decoding=\"async\" width=\"1024\" height=\"724\" src=\"https:\/\/becid.ut.ee\/wp-content\/uploads\/2025\/10\/Kuj.-Kuj.-Kuj.-Kuj.-Kuj.-Kuj.-Kuj.-Kuj.-EVENTS-canv-koopia-koopia-koopia-koopia-koopia-koopia-koopia-koopia-1024x724.png\" alt=\"\" class=\"wp-image-4783\" srcset=\"https:\/\/becid.ut.ee\/wp-content\/uploads\/2025\/10\/Kuj.-Kuj.-Kuj.-Kuj.-Kuj.-Kuj.-Kuj.-Kuj.-EVENTS-canv-koopia-koopia-koopia-koopia-koopia-koopia-koopia-koopia-1024x724.png 1024w, https:\/\/becid.ut.ee\/wp-content\/uploads\/2025\/10\/Kuj.-Kuj.-Kuj.-Kuj.-Kuj.-Kuj.-Kuj.-Kuj.-EVENTS-canv-koopia-koopia-koopia-koopia-koopia-koopia-koopia-koopia-300x212.png 300w, https:\/\/becid.ut.ee\/wp-content\/uploads\/2025\/10\/Kuj.-Kuj.-Kuj.-Kuj.-Kuj.-Kuj.-Kuj.-Kuj.-EVENTS-canv-koopia-koopia-koopia-koopia-koopia-koopia-koopia-koopia-768x543.png 768w, https:\/\/becid.ut.ee\/wp-content\/uploads\/2025\/10\/Kuj.-Kuj.-Kuj.-Kuj.-Kuj.-Kuj.-Kuj.-Kuj.-EVENTS-canv-koopia-koopia-koopia-koopia-koopia-koopia-koopia-koopia-1536x1086.png 1536w, https:\/\/becid.ut.ee\/wp-content\/uploads\/2025\/10\/Kuj.-Kuj.-Kuj.-Kuj.-Kuj.-Kuj.-Kuj.-Kuj.-EVENTS-canv-koopia-koopia-koopia-koopia-koopia-koopia-koopia-koopia-2048x1448.png 2048w\" sizes=\"auto, (max-width: 1024px) 100vw, 1024px\" \/><\/figure>\n\n<p>Nesenais BECID p\u0113t\u012bjums r\u0101da, ka, lai sasniegtu cilv\u0113kus, nepiecie\u0161ams maz\u0101k nosod\u012bjuma un vair\u0101k ieklaus\u012b\u0161an\u0101s. Ir vajadz\u012bgas ilgtermi\u0146a programmas, kas stiprina vesel\u012bbas prat\u012bbu un veido uztic\u0113\u0161anos starp \u0101rstiem un sabiedr\u012bbu. <\/p>\n\n<p>P\u0113t\u012bjum\u0101, kas veikts, izmantojot Q-metodolo\u0123iju un kur\u0101 piedal\u012bj\u0101s 29 cilv\u0113ki Igaunij\u0101, kuri vilcin\u0101j\u0101s vakcin\u0113ties, tika identific\u0113ti divi skat\u012bjuma tipi.<\/p>\n\n<p><mark style=\"background-color:rgba(0, 0, 0, 0);color:#ffcd05\" class=\"has-inline-color\">Pirm\u0101 grupa<\/mark> \u2013 vakc\u012bnu skepti\u0137i, kuri neuzticas tradicion\u0101lajai medic\u012bnai \u2013 bija p\u0101rliecin\u0101ti par vakc\u012bnu kait\u012bgumu. Vi\u0146i neuztic\u0113j\u0101s \u0101rstiem, deva priek\u0161roku alternat\u012bvajai medic\u012bnai, un vi\u0146u vesel\u012bbas inform\u0101cijas avoti bija saist\u012bti ar konkr\u0113tiem soci\u0101lo mediju kan\u0101liem. Vi\u0146i bija p\u0101rliecin\u0101ti par sav\u0101m zin\u0101\u0161an\u0101m \u2013 vai dr\u012bz\u0101k \u201cneapzin\u0101j\u0101s savu nezin\u0101\u0161anu\u201d. Vi\u0146i nebija atv\u0113rti jaunai inform\u0101cijai, tom\u0113r labpr\u0101t deva padomus citiem.   <\/p>\n\n<p><mark style=\"background-color:rgba(0, 0, 0, 0);color:#ffcd05\" class=\"has-inline-color\">Otr\u0101 grupa<\/mark> \u2013 tie, kas uztic\u0113j\u0101s tradicion\u0101lajai medic\u012bnai, bet tom\u0113r vilcin\u0101j\u0101s \u2013 tic\u0113ja \u0101rstiem un vakc\u012bnu efektivit\u0101tei, ta\u010du vi\u0146iem tr\u016bka objekt\u012bvas inform\u0101cijas un vi\u0146i juta, ka ir ietekm\u0113ti no polariz\u0113taj\u0101m sabiedriskaj\u0101m debat\u0113m. Vi\u0146u vesel\u012bbas inform\u0101cijas avoti bija pla\u0161i, tom\u0113r vi\u0146i sask\u0101r\u0101s ar inform\u0101cijas p\u0101rslodzi. <\/p>\n\n<p>Abas grupas augstu v\u0113rt\u0113ja person\u012bgo autonomiju un uzskat\u012bja, ka tradicion\u0101lo mediju atspogu\u013cojums par \u0161o t\u0113mu ir vienpus\u0113js. Vi\u0146i uzsv\u0113ra person\u012bgas konsult\u0101cijas un nians\u0113tu skaidrojumu noz\u012bmi, nevis sauk\u013cus un plak\u0101tus. <\/p>\n\n<p>Vair\u0101k lasiet Kristinas Seimannas, Andras S\u012bbakas un Maritas Nappas rakst\u0101, kas public\u0113ts <em>\n  <mark style=\"background-color:rgba(0, 0, 0, 0);color:#ffcd05\" class=\"has-inline-color\">\n    <a href=\"https:\/\/www.nature.com\/articles\/s41599-025-05799-4\" data-type=\"link\" data-id=\"https:\/\/www.nature.com\/articles\/s41599-025-05799-4\">Humanities and Social Sciences Communications<\/a>\n  <\/mark>\n<\/em>.<\/p>\n","protected":false},"excerpt":{"rendered":"<p>Nesenais BECID p\u0113t\u012bjums r\u0101da, ka, lai sasniegtu cilv\u0113kus, nepiecie\u0161ams maz\u0101k nosod\u012bjuma un vair\u0101k ieklaus\u012b\u0161an\u0101s. Ir vajadz\u012bgas ilgtermi\u0146a programmas, kas stiprina vesel\u012bbas prat\u012bbu un veido uztic\u0113\u0161anos starp \u0101rstiem un sabiedr\u012bbu. P\u0113t\u012bjum\u0101, [&hellip;]<\/p>\n","protected":false},"author":1,"featured_media":0,"parent":0,"menu_order":0,"comment_status":"closed","ping_status":"closed","template":"","meta":{"_price":"","_stock":"","_tribe_ticket_header":"","_tribe_default_ticket_provider":"","_tribe_ticket_capacity":"0","_ticket_start_date":"","_ticket_end_date":"","_tribe_ticket_show_description":"","_tribe_ticket_show_not_going":false,"_tribe_ticket_use_global_stock":"","_tribe_ticket_global_stock_level":"","_global_stock_mode":"","_global_stock_cap":"","_tribe_rsvp_for_event":"","_tribe_ticket_going_count":"","_tribe_ticket_not_going_count":"","_tribe_tickets_list":"[]","_tribe_ticket_has_attendee_info_fields":false,"_EventAllDay":false,"_EventTimezone":"","_EventStartDate":"","_EventEndDate":"","_EventStartDateUTC":"","_EventEndDateUTC":"","_EventShowMap":false,"_EventShowMapLink":false,"_EventURL":"","_EventCost":"","_EventCostDescription":"","_EventCurrencySymbol":"","_EventCurrencyCode":"","_EventCurrencyPosition":"","_EventDateTimeSeparator":"","_EventTimeRangeSeparator":"","_EventOrganizerID":[],"_EventVenueID":[],"_OrganizerEmail":"","_OrganizerPhone":"","_OrganizerWebsite":"","_VenueAddress":"","_VenueCity":"","_VenueCountry":"","_VenueProvince":"","_VenueState":"","_VenueZip":"","_VenuePhone":"","_VenueURL":"","_VenueStateProvince":"","_VenueLat":"","_VenueLng":"","_VenueShowMap":false,"_VenueShowMapLink":false,"_themeisle_gutenberg_block_has_review":false,"footnotes":"","_tec_slr_enabled":"","_tec_slr_layout":""},"class_list":["post-4793","page","type-page","status-publish","hentry"],"ticketed":false,"_links":{"self":[{"href":"https:\/\/becid.ut.ee\/lv\/wp-json\/wp\/v2\/pages\/4793","targetHints":{"allow":["GET"]}}],"collection":[{"href":"https:\/\/becid.ut.ee\/lv\/wp-json\/wp\/v2\/pages"}],"about":[{"href":"https:\/\/becid.ut.ee\/lv\/wp-json\/wp\/v2\/types\/page"}],"author":[{"embeddable":true,"href":"https:\/\/becid.ut.ee\/lv\/wp-json\/wp\/v2\/users\/1"}],"replies":[{"embeddable":true,"href":"https:\/\/becid.ut.ee\/lv\/wp-json\/wp\/v2\/comments?post=4793"}],"version-history":[{"count":3,"href":"https:\/\/becid.ut.ee\/lv\/wp-json\/wp\/v2\/pages\/4793\/revisions"}],"predecessor-version":[{"id":4798,"href":"https:\/\/becid.ut.ee\/lv\/wp-json\/wp\/v2\/pages\/4793\/revisions\/4798"}],"wp:attachment":[{"href":"https:\/\/becid.ut.ee\/lv\/wp-json\/wp\/v2\/media?parent=4793"}],"curies":[{"name":"wp","href":"https:\/\/api.w.org\/{rel}","templated":true}]}}