{"id":4828,"date":"2025-10-21T18:09:11","date_gmt":"2025-10-21T18:09:11","guid":{"rendered":"https:\/\/becid.ut.ee\/becid-projekta-vaditaja-uzstajas-peaasi-tiesraide-pearaadio-par-socialajiem-medijiem-un-garigo-labklajibu\/"},"modified":"2025-10-28T06:53:13","modified_gmt":"2025-10-28T06:53:13","slug":"becid-projekta-vaditaja-uzstajas-peaasi-tiesraide-pearaadio-par-socialajiem-medijiem-un-garigo-labklajibu","status":"publish","type":"page","link":"https:\/\/becid.ut.ee\/lv\/becid-projekta-vaditaja-uzstajas-peaasi-tiesraide-pearaadio-par-socialajiem-medijiem-un-garigo-labklajibu\/","title":{"rendered":"BECID projekta vad\u012bt\u0101ja uzst\u0101jas Peaasi tie\u0161raid\u0113 \u201cPearaadio\u201d par soci\u0101lajiem medijiem un gar\u012bgo labkl\u0101j\u012bbu"},"content":{"rendered":"\n<div style=\"height:100px\" aria-hidden=\"true\" class=\"wp-block-spacer\"><\/div>\n\n<figure class=\"wp-block-image size-large\"><img loading=\"lazy\" decoding=\"async\" width=\"1024\" height=\"768\" src=\"https:\/\/becid.ut.ee\/wp-content\/uploads\/2025\/10\/Pearaadio-01.10.2025_12-1024x768.jpeg\" alt=\"\" class=\"wp-image-4805\" srcset=\"https:\/\/becid.ut.ee\/wp-content\/uploads\/2025\/10\/Pearaadio-01.10.2025_12-1024x768.jpeg 1024w, https:\/\/becid.ut.ee\/wp-content\/uploads\/2025\/10\/Pearaadio-01.10.2025_12-300x225.jpeg 300w, https:\/\/becid.ut.ee\/wp-content\/uploads\/2025\/10\/Pearaadio-01.10.2025_12-768x576.jpeg 768w, https:\/\/becid.ut.ee\/wp-content\/uploads\/2025\/10\/Pearaadio-01.10.2025_12-1536x1152.jpeg 1536w, https:\/\/becid.ut.ee\/wp-content\/uploads\/2025\/10\/Pearaadio-01.10.2025_12-2048x1536.jpeg 2048w\" sizes=\"auto, (max-width: 1024px) 100vw, 1024px\" \/><\/figure>\n\n<p>K\u0101p\u0113c ir tik viegli pa\u0146emt rok\u0101s t\u0101lruni \u2013 bet tik gr\u016bti to nolikt mal\u0101? Kas padara soci\u0101los medijus tik aizraujo\u0161us un k\u0101 tie paties\u012bb\u0101 ietekm\u0113 m\u016bsu saj\u016btas un dom\u0101\u0161anu? <\/p>\n\n<p>1. oktobr\u012b BECID projekta vad\u012bt\u0101ja <mark style=\"background-color:rgba(0, 0, 0, 0);color:#ffcd05\" class=\"has-inline-color\"><strong>Gretel Juhansoo<\/strong> <strong>piedal\u012bj\u0101s Peaasi \u201cPearaadio\u201d tie\u0161raides ierakst\u0101<\/strong><\/mark> Apollo Plaza telp\u0101s Tallin\u0101. Diskusij\u0101 satik\u0101s tr\u012bs da\u017e\u0101di skat\u012bjumi uz m\u016bsu attiec\u012bb\u0101m ar soci\u0101lajiem medijiem. Kop\u0101 ar <strong>Elinu Masingu<\/strong> un <strong>Minnu Sildu<\/strong> vi\u0146a dal\u012bj\u0101s atkl\u0101t\u0101 sarun\u0101 par soci\u0101lo mediju ietekmi uz m\u016bsu gar\u012bgo vesel\u012bbu.  <\/p>\n\n<p>Kop\u012bgi tika apspriests, k\u0101 soci\u0101lie mediji veido m\u016bsu gar\u012bgo labkl\u0101j\u012bbu, uzman\u012bbu un ikdienas paradumus \u2013 un k\u0101 m\u0113s varam veidot vesel\u012bg\u0101ku l\u012bdzsvaru sav\u0101 digit\u0101laj\u0101 dz\u012bv\u0113.<\/p>\n\n<p>Klausies epizodi \u201cUzman\u012bbu, tie ir soci\u0101lie mediji!\u201d vietn\u0113s:<br\/>\u25fd\ufe0f <a href=\"https:\/\/open.spotify.com\/episode\/4BPC6uK4NDuRknpwOHwnVi\"><strong><mark style=\"background-color:rgba(0, 0, 0, 0);color:#ffcd05\" class=\"has-inline-color\">Spotify<\/mark><\/strong><\/a><br\/>\u25fd\ufe0f <strong><a href=\"https:\/\/youtu.be\/Y0ej_kladz4?si=J2cG8qqzmm5O0IHk\">YouTube<\/a><\/strong><br\/>\u25fd\ufe0f <strong><a href=\"https:\/\/esmaabi.peaasi.ee\/podcastid\/\">Peaasi.ee<\/a><\/strong><\/p>\n\n<figure class=\"wp-block-image size-large\"><img loading=\"lazy\" decoding=\"async\" width=\"1024\" height=\"768\" src=\"https:\/\/becid.ut.ee\/wp-content\/uploads\/2025\/10\/Pearaadio-01.10.2025_10-1024x768.jpeg\" alt=\"\" class=\"wp-image-4809\" srcset=\"https:\/\/becid.ut.ee\/wp-content\/uploads\/2025\/10\/Pearaadio-01.10.2025_10-1024x768.jpeg 1024w, https:\/\/becid.ut.ee\/wp-content\/uploads\/2025\/10\/Pearaadio-01.10.2025_10-300x225.jpeg 300w, https:\/\/becid.ut.ee\/wp-content\/uploads\/2025\/10\/Pearaadio-01.10.2025_10-768x576.jpeg 768w, https:\/\/becid.ut.ee\/wp-content\/uploads\/2025\/10\/Pearaadio-01.10.2025_10-1536x1152.jpeg 1536w, https:\/\/becid.ut.ee\/wp-content\/uploads\/2025\/10\/Pearaadio-01.10.2025_10-2048x1536.jpeg 2048w\" sizes=\"auto, (max-width: 1024px) 100vw, 1024px\" \/><\/figure>\n\n<figure class=\"wp-block-image size-large\"><img loading=\"lazy\" decoding=\"async\" width=\"1024\" height=\"768\" src=\"https:\/\/becid.ut.ee\/wp-content\/uploads\/2025\/10\/Pearaadio-01.10.2025_18-1024x768.jpeg\" alt=\"\" class=\"wp-image-4813\" srcset=\"https:\/\/becid.ut.ee\/wp-content\/uploads\/2025\/10\/Pearaadio-01.10.2025_18-1024x768.jpeg 1024w, https:\/\/becid.ut.ee\/wp-content\/uploads\/2025\/10\/Pearaadio-01.10.2025_18-300x225.jpeg 300w, https:\/\/becid.ut.ee\/wp-content\/uploads\/2025\/10\/Pearaadio-01.10.2025_18-768x576.jpeg 768w, https:\/\/becid.ut.ee\/wp-content\/uploads\/2025\/10\/Pearaadio-01.10.2025_18-1536x1152.jpeg 1536w, https:\/\/becid.ut.ee\/wp-content\/uploads\/2025\/10\/Pearaadio-01.10.2025_18-2048x1536.jpeg 2048w\" sizes=\"auto, (max-width: 1024px) 100vw, 1024px\" \/><\/figure>\n\n<p><em>Foto: Markus Zimbrot<\/em><\/p>\n","protected":false},"excerpt":{"rendered":"<p>K\u0101p\u0113c ir tik viegli pa\u0146emt rok\u0101s t\u0101lruni \u2013 bet tik gr\u016bti to nolikt mal\u0101? Kas padara soci\u0101los medijus tik aizraujo\u0161us un k\u0101 tie paties\u012bb\u0101 ietekm\u0113 m\u016bsu saj\u016btas un dom\u0101\u0161anu? 1. [&hellip;]<\/p>\n","protected":false},"author":1,"featured_media":0,"parent":0,"menu_order":0,"comment_status":"closed","ping_status":"closed","template":"","meta":{"_price":"","_stock":"","_tribe_ticket_header":"","_tribe_default_ticket_provider":"","_tribe_ticket_capacity":"0","_ticket_start_date":"","_ticket_end_date":"","_tribe_ticket_show_description":"","_tribe_ticket_show_not_going":false,"_tribe_ticket_use_global_stock":"","_tribe_ticket_global_stock_level":"","_global_stock_mode":"","_global_stock_cap":"","_tribe_rsvp_for_event":"","_tribe_ticket_going_count":"","_tribe_ticket_not_going_count":"","_tribe_tickets_list":"[]","_tribe_ticket_has_attendee_info_fields":false,"_EventAllDay":false,"_EventTimezone":"","_EventStartDate":"","_EventEndDate":"","_EventStartDateUTC":"","_EventEndDateUTC":"","_EventShowMap":false,"_EventShowMapLink":false,"_EventURL":"","_EventCost":"","_EventCostDescription":"","_EventCurrencySymbol":"","_EventCurrencyCode":"","_EventCurrencyPosition":"","_EventDateTimeSeparator":"","_EventTimeRangeSeparator":"","_EventOrganizerID":[],"_EventVenueID":[],"_OrganizerEmail":"","_OrganizerPhone":"","_OrganizerWebsite":"","_VenueAddress":"","_VenueCity":"","_VenueCountry":"","_VenueProvince":"","_VenueState":"","_VenueZip":"","_VenuePhone":"","_VenueURL":"","_VenueStateProvince":"","_VenueLat":"","_VenueLng":"","_VenueShowMap":false,"_VenueShowMapLink":false,"_themeisle_gutenberg_block_has_review":false,"footnotes":"","_tec_slr_enabled":"","_tec_slr_layout":""},"class_list":["post-4828","page","type-page","status-publish","hentry"],"ticketed":false,"_links":{"self":[{"href":"https:\/\/becid.ut.ee\/lv\/wp-json\/wp\/v2\/pages\/4828","targetHints":{"allow":["GET"]}}],"collection":[{"href":"https:\/\/becid.ut.ee\/lv\/wp-json\/wp\/v2\/pages"}],"about":[{"href":"https:\/\/becid.ut.ee\/lv\/wp-json\/wp\/v2\/types\/page"}],"author":[{"embeddable":true,"href":"https:\/\/becid.ut.ee\/lv\/wp-json\/wp\/v2\/users\/1"}],"replies":[{"embeddable":true,"href":"https:\/\/becid.ut.ee\/lv\/wp-json\/wp\/v2\/comments?post=4828"}],"version-history":[{"count":2,"href":"https:\/\/becid.ut.ee\/lv\/wp-json\/wp\/v2\/pages\/4828\/revisions"}],"predecessor-version":[{"id":4902,"href":"https:\/\/becid.ut.ee\/lv\/wp-json\/wp\/v2\/pages\/4828\/revisions\/4902"}],"wp:attachment":[{"href":"https:\/\/becid.ut.ee\/lv\/wp-json\/wp\/v2\/media?parent=4828"}],"curies":[{"name":"wp","href":"https:\/\/api.w.org\/{rel}","templated":true}]}}