{"id":5836,"date":"2026-03-16T11:32:54","date_gmt":"2026-03-16T11:32:54","guid":{"rendered":"https:\/\/becid.ut.ee\/hot-report-koordineta-dezinformacijas-kampana-apgalvo-ka-lietuva-nav-neatkariga\/"},"modified":"2026-03-17T08:38:35","modified_gmt":"2026-03-17T08:38:35","slug":"hot-report-koordineta-dezinformacijas-kampana-apgalvo-ka-lietuva-nav-neatkariga","status":"publish","type":"page","link":"https:\/\/becid.ut.ee\/lv\/hot-report-koordineta-dezinformacijas-kampana-apgalvo-ka-lietuva-nav-neatkariga\/","title":{"rendered":"HOT REPORT | Koordin\u0113ta dezinform\u0101cijas kampa\u0146a apgalvo, ka Lietuva \u201cnav neatkar\u012bga\u201d"},"content":{"rendered":"\n<div style=\"height:100px\" aria-hidden=\"true\" class=\"wp-block-spacer\"><\/div>\n\n<figure class=\"wp-block-image size-large\"><img loading=\"lazy\" decoding=\"async\" width=\"1024\" height=\"724\" src=\"https:\/\/becid.ut.ee\/wp-content\/uploads\/2026\/03\/Kuj.-Kuj.-Kuj.-HOT-REPORT-NOVEMBER-2025-koopia-koopia-koopia-koopia-1-1024x724.png\" alt=\"\" class=\"wp-image-5823\" srcset=\"https:\/\/becid.ut.ee\/wp-content\/uploads\/2026\/03\/Kuj.-Kuj.-Kuj.-HOT-REPORT-NOVEMBER-2025-koopia-koopia-koopia-koopia-1-1024x724.png 1024w, https:\/\/becid.ut.ee\/wp-content\/uploads\/2026\/03\/Kuj.-Kuj.-Kuj.-HOT-REPORT-NOVEMBER-2025-koopia-koopia-koopia-koopia-1-300x212.png 300w, https:\/\/becid.ut.ee\/wp-content\/uploads\/2026\/03\/Kuj.-Kuj.-Kuj.-HOT-REPORT-NOVEMBER-2025-koopia-koopia-koopia-koopia-1-768x543.png 768w, https:\/\/becid.ut.ee\/wp-content\/uploads\/2026\/03\/Kuj.-Kuj.-Kuj.-HOT-REPORT-NOVEMBER-2025-koopia-koopia-koopia-koopia-1-1536x1086.png 1536w, https:\/\/becid.ut.ee\/wp-content\/uploads\/2026\/03\/Kuj.-Kuj.-Kuj.-HOT-REPORT-NOVEMBER-2025-koopia-koopia-koopia-koopia-1-2048x1448.png 2048w\" sizes=\"auto, (max-width: 1024px) 100vw, 1024px\" \/><\/figure>\n\n<p>2026. gada janv\u0101ra beig\u0101s soci\u0101laj\u0101 t\u012bkl\u0101 Facebook izplat\u012bj\u0101s koordin\u0113ta dezinform\u0101cijas kampa\u0146a, kur\u0101 tika apgalvots, ka Lietuva paties\u012bb\u0101 nav neatkar\u012bga valsts. \u0160ajos v\u0113st\u012bjumos tika izmantotas maldino\u0161as interpret\u0101cijas par re\u0101liem faktiem, piem\u0113ram, eiro ievie\u0161anu, sadarb\u012bbu ar NATO, migr\u0101cijas politiku un robe\u017ekontroli, lai rad\u012btu iespaidu, ka valsti kontrol\u0113 \u0101rvalstu sp\u0113ki. <\/p>\n\n<p>BECID marta Hot Report analiz\u0113, k\u0101 \u0161ie narat\u012bvi izplat\u012bj\u0101s, k\u0101p\u0113c tie var \u0161\u0137ist p\u0101rliecino\u0161i un k\u0101dus riskus tie rada sabiedr\u012bbas uztic\u012bbai demokr\u0101tiskaj\u0101m instit\u016bcij\u0101m. Zi\u0146ojum\u0101 ar\u012b uzsv\u0113rts, k\u0101 koordin\u0113ta aktivit\u0101te soci\u0101lajos medijos un sagroz\u012btu apgalvojumu atk\u0101rto\u0161ana var rad\u012bt iespaidu par pla\u0161i izplat\u012btu sabiedr\u012bbas satraukumu. <\/p>\n\n<p>\u0160\u012b kampa\u0146a atspogu\u013co pla\u0161\u0101ku ietekmes oper\u0101ciju modeli, kas v\u0113rsts pret Baltijas valst\u012bm un to dal\u012bbu Eiropas Savien\u012bb\u0101 un NATO.<\/p>\n\n<p>Zi\u0146ojum\u0101 j\u016bs atrad\u012bsiet:<\/p>\n\n<ul class=\"wp-block-list\">\n<li>galven\u0101s dezinform\u0101cijas kampa\u0146as iez\u012bmes;<\/li>\n\n\n\n<li>skaidrojumu, k\u0101p\u0113c \u0161is narat\u012bvs darbojas;<\/li>\n\n\n\n<li>riska nov\u0113rt\u0113jumu par t\u0101 iesp\u0113jamo ietekmi;<\/li>\n\n\n\n<li>praktiskus ieteikumus sabiedr\u012bbai, pedagogiem un politikas veidot\u0101jiem.<br\/><br\/><\/li>\n<\/ul>\n\n<p>Lasiet pilno <strong>BECID Hot Report<\/strong>, lai uzzin\u0101tu, k\u0101 \u0161is narat\u012bvs rad\u0101s un k\u0101 l\u012bdz\u012bgas kampa\u0146as var atpaz\u012bt un t\u0101m pretoties: <\/p>\n\n<div data-wp-interactive=\"core\/file\" class=\"wp-block-file\"><object data-wp-bind--hidden=\"!state.hasPdfPreview\" hidden class=\"wp-block-file__embed\" data=\"https:\/\/becid.ut.ee\/wp-content\/uploads\/2026\/03\/HOT-REPORT-March.pdf\" type=\"application\/pdf\" style=\"width:100%;height:600px\" aria-label=\"Embed of HOT REPORT March.\"><\/object><a id=\"wp-block-file--media-628224f3-5222-4215-9f97-0638184a3e0b\" href=\"https:\/\/becid.ut.ee\/wp-content\/uploads\/2026\/03\/HOT-REPORT-March.pdf\">HOT REPORT March<\/a><a href=\"https:\/\/becid.ut.ee\/wp-content\/uploads\/2026\/03\/HOT-REPORT-March.pdf\" class=\"wp-block-file__button wp-element-button\" download=\"\" aria-describedby=\"wp-block-file--media-628224f3-5222-4215-9f97-0638184a3e0b\">Lejupiel\u0101d\u0113t<\/a><\/div>\n","protected":false},"excerpt":{"rendered":"<p>2026. gada janv\u0101ra beig\u0101s soci\u0101laj\u0101 t\u012bkl\u0101 Facebook izplat\u012bj\u0101s koordin\u0113ta dezinform\u0101cijas kampa\u0146a, kur\u0101 tika apgalvots, ka Lietuva paties\u012bb\u0101 nav neatkar\u012bga valsts. \u0160ajos v\u0113st\u012bjumos tika izmantotas maldino\u0161as interpret\u0101cijas par re\u0101liem faktiem, piem\u0113ram, [&hellip;]<\/p>\n","protected":false},"author":1,"featured_media":0,"parent":0,"menu_order":0,"comment_status":"closed","ping_status":"closed","template":"","meta":{"_price":"","_stock":"","_tribe_ticket_header":"","_tribe_default_ticket_provider":"","_tribe_ticket_capacity":"0","_ticket_start_date":"","_ticket_end_date":"","_tribe_ticket_show_description":"","_tribe_ticket_show_not_going":false,"_tribe_ticket_use_global_stock":"","_tribe_ticket_global_stock_level":"","_global_stock_mode":"","_global_stock_cap":"","_tribe_rsvp_for_event":"","_tribe_ticket_going_count":"","_tribe_ticket_not_going_count":"","_tribe_tickets_list":"[]","_tribe_ticket_has_attendee_info_fields":false,"_EventAllDay":false,"_EventTimezone":"","_EventStartDate":"","_EventEndDate":"","_EventStartDateUTC":"","_EventEndDateUTC":"","_EventShowMap":false,"_EventShowMapLink":false,"_EventURL":"","_EventCost":"","_EventCostDescription":"","_EventCurrencySymbol":"","_EventCurrencyCode":"","_EventCurrencyPosition":"","_EventDateTimeSeparator":"","_EventTimeRangeSeparator":"","_EventOrganizerID":[],"_EventVenueID":[],"_OrganizerEmail":"","_OrganizerPhone":"","_OrganizerWebsite":"","_VenueAddress":"","_VenueCity":"","_VenueCountry":"","_VenueProvince":"","_VenueState":"","_VenueZip":"","_VenuePhone":"","_VenueURL":"","_VenueStateProvince":"","_VenueLat":"","_VenueLng":"","_VenueShowMap":false,"_VenueShowMapLink":false,"_themeisle_gutenberg_block_has_review":false,"footnotes":"","_tec_slr_enabled":"","_tec_slr_layout":""},"class_list":["post-5836","page","type-page","status-publish","hentry"],"ticketed":false,"_links":{"self":[{"href":"https:\/\/becid.ut.ee\/lv\/wp-json\/wp\/v2\/pages\/5836","targetHints":{"allow":["GET"]}}],"collection":[{"href":"https:\/\/becid.ut.ee\/lv\/wp-json\/wp\/v2\/pages"}],"about":[{"href":"https:\/\/becid.ut.ee\/lv\/wp-json\/wp\/v2\/types\/page"}],"author":[{"embeddable":true,"href":"https:\/\/becid.ut.ee\/lv\/wp-json\/wp\/v2\/users\/1"}],"replies":[{"embeddable":true,"href":"https:\/\/becid.ut.ee\/lv\/wp-json\/wp\/v2\/comments?post=5836"}],"version-history":[{"count":2,"href":"https:\/\/becid.ut.ee\/lv\/wp-json\/wp\/v2\/pages\/5836\/revisions"}],"predecessor-version":[{"id":5849,"href":"https:\/\/becid.ut.ee\/lv\/wp-json\/wp\/v2\/pages\/5836\/revisions\/5849"}],"wp:attachment":[{"href":"https:\/\/becid.ut.ee\/lv\/wp-json\/wp\/v2\/media?parent=5836"}],"curies":[{"name":"wp","href":"https:\/\/api.w.org\/{rel}","templated":true}]}}